{"id":10842,"date":"2026-03-23T18:52:32","date_gmt":"2026-03-23T17:52:32","guid":{"rendered":"https:\/\/howsmart.pl\/?post_type=product&#038;p=10842"},"modified":"2026-04-22T17:36:38","modified_gmt":"2026-04-22T15:36:38","slug":"breeze-smart-57","status":"publish","type":"product","link":"https:\/\/howsmart.pl\/uk\/product\/breeze-smart-57\/","title":{"rendered":"BREEZE SMART 57"},"content":{"rendered":"<p>BREEZE SMART 57 DOM MOBILNY, <strong>jest w pe\u0142ni wyposa\u017cony, \u0142azienka, kuchnia, salon, meble, AGD<\/strong>, funkcjonalny, a przede wszystkim <strong>ca\u0142oroczny<\/strong>. Doskona\u0142y, by wygodnie mog\u0142o w nim sp\u0119dza\u0107 czas do siedmiu os\u00f3b. Przestronny i komfortowy, sk\u0142ada si\u0119 z 3 sypialni z czterema \u0142\u00f3\u017ckami pojedynczymi. Ponadto sofa rozk\u0142adana w salonie mo\u017ce by\u0107 wykorzystana jako pi\u0105te \u0142\u00f3\u017cko. <strong>Du\u017ca sypialnia<\/strong> na ca\u0142ej szeroko\u015bci domku mobilnego zapewnia mn\u00f3stwo miejsca do przechowywania. Dodatkowo mo\u017cesz dobra\u0107 klimatyzacj\u0119 podnosz\u0105c <strong>komfort termiczny<\/strong> budynku zar\u00f3wno latem jak i zim\u0105 poniewa\u017c nasze klimatyzacje maj\u0105 r\u00f3wnie\u017c opcje grzania, nie tylko ch\u0142odzenia jak i innych akcesori\u00f3w takich jak <strong>fotowoltaika<\/strong>.<\/p>","protected":false},"excerpt":{"rendered":"<p>\u041f\u0435\u0440\u0435\u0434 \u0446\u0438\u043c \u0431\u0443\u0434\u0438\u043d\u043a\u043e\u043c \u0432\u0430\u0440\u0442\u043e \u0437\u0443\u043f\u0438\u043d\u0438\u0442\u0438\u0441\u044f \u0456 \u043f\u043e\u043c\u0438\u043b\u0443\u0432\u0430\u0442\u0438\u0441\u044f \u0439\u043e\u0433\u043e \u043a\u0440\u0430\u0441\u0438\u0432\u0438\u043c \u0441\u043a\u043b\u0456\u043d\u043d\u044f\u043c, \u044f\u043a\u0435 \u0437\u0430\u0431\u0435\u0437\u043f\u0435\u0447\u0443\u0454 \u0431\u0430\u0433\u0430\u0442\u043e \u0441\u043e\u043d\u044f\u0447\u043d\u043e\u0433\u043e \u0441\u0432\u0456\u0442\u043b\u0430 \u0434\u043b\u044f \u0432\u043b\u0430\u0441\u043d\u0438\u043a\u0456\u0432 \u0431\u0443\u0434\u0438\u043d\u043a\u0443.<\/p>","protected":false},"featured_media":11052,"comment_status":"open","ping_status":"closed","template":"","meta":{"_acf_changed":false},"product_cat":[75],"product_tag":[],"class_list":{"0":"post-10842","1":"product","2":"type-product","3":"status-publish","4":"has-post-thumbnail","6":"product_cat-domy-mobilne","8":"first","9":"instock","10":"shipping-taxable","11":"purchasable","12":"product-type-simple"},"acf":[],"yoast_head":"<!-- This site is optimized with the Yoast SEO plugin v27.2 - https:\/\/yoast.com\/product\/yoast-seo-wordpress\/ -->\n<title>BREEZE SMART 57 - HowSmart\u00ae - Tw\u00f3j sprytny spos\u00f3b na budow\u0119 nowoczesnego domu. Wybierz sw\u00f3j projekt i zostaw reszt\u0119 nam.<\/title>\n<meta name=\"robots\" content=\"index, follow, max-snippet:-1, max-image-preview:large, max-video-preview:-1\" \/>\n<link rel=\"canonical\" href=\"https:\/\/howsmart.pl\/uk\/product\/breeze-smart-57\/\" \/>\n<meta property=\"og:locale\" content=\"uk_UA\" \/>\n<meta property=\"og:type\" content=\"article\" \/>\n<meta property=\"og:title\" content=\"BREEZE SMART 57 - HowSmart\u00ae - Tw\u00f3j sprytny spos\u00f3b na budow\u0119 nowoczesnego domu. Wybierz sw\u00f3j projekt i zostaw reszt\u0119 nam.\" \/>\n<meta property=\"og:description\" content=\"To dom przed kt\u00f3rym warto si\u0119 zatrzyma\u0107 i podziwia\u0107 jego pi\u0119kne przeszklenia, kt\u00f3re zapewniaj\u0105 du\u017c\u0105 ilo\u015b\u0107 s\u0142o\u0144ca domownikom.\" \/>\n<meta property=\"og:url\" content=\"https:\/\/howsmart.pl\/uk\/product\/breeze-smart-57\/\" \/>\n<meta property=\"og:site_name\" content=\"HowSmart\u00ae - Tw\u00f3j sprytny spos\u00f3b na budow\u0119 nowoczesnego domu. Wybierz sw\u00f3j projekt i zostaw reszt\u0119 nam.\" \/>\n<meta property=\"article:publisher\" content=\"https:\/\/www.facebook.com\/HowSmart.official\/?modal=admin_todo_tour\" \/>\n<meta property=\"article:modified_time\" content=\"2026-04-22T15:36:38+00:00\" \/>\n<meta property=\"og:image\" content=\"https:\/\/howsmart.pl\/wp-content\/uploads\/2026\/03\/W1-1-1024x576.png\" \/>\n\t<meta property=\"og:image:width\" content=\"1024\" \/>\n\t<meta property=\"og:image:height\" content=\"576\" \/>\n\t<meta property=\"og:image:type\" content=\"image\/png\" \/>\n<meta name=\"twitter:card\" content=\"summary_large_image\" \/>\n<meta name=\"twitter:label1\" content=\"\u041f\u0440\u0438\u0431\u043b. \u0447\u0430\u0441 \u0447\u0438\u0442\u0430\u043d\u043d\u044f\" \/>\n\t<meta name=\"twitter:data1\" content=\"1 \u0445\u0432\u0438\u043b\u0438\u043d\u0430\" \/>\n<script type=\"application\/ld+json\" class=\"yoast-schema-graph\">{\"@context\":\"https:\/\/schema.org\",\"@graph\":[{\"@type\":\"WebPage\",\"@id\":\"https:\/\/howsmart.pl\/produkt\/breeze-smart-57\/\",\"url\":\"https:\/\/howsmart.pl\/produkt\/breeze-smart-57\/\",\"name\":\"BREEZE SMART 57 - HowSmart\u00ae - Tw\u00f3j sprytny spos\u00f3b na budow\u0119 nowoczesnego domu. Wybierz sw\u00f3j projekt i zostaw reszt\u0119 nam.\",\"isPartOf\":{\"@id\":\"https:\/\/howsmart.pl\/#website\"},\"primaryImageOfPage\":{\"@id\":\"https:\/\/howsmart.pl\/produkt\/breeze-smart-57\/#primaryimage\"},\"image\":{\"@id\":\"https:\/\/howsmart.pl\/produkt\/breeze-smart-57\/#primaryimage\"},\"thumbnailUrl\":\"https:\/\/howsmart.pl\/wp-content\/uploads\/2026\/03\/W1-1.png\",\"datePublished\":\"2026-03-23T17:52:32+00:00\",\"dateModified\":\"2026-04-22T15:36:38+00:00\",\"breadcrumb\":{\"@id\":\"https:\/\/howsmart.pl\/produkt\/breeze-smart-57\/#breadcrumb\"},\"inLanguage\":\"uk\",\"potentialAction\":[{\"@type\":\"ReadAction\",\"target\":[\"https:\/\/howsmart.pl\/produkt\/breeze-smart-57\/\"]}]},{\"@type\":\"ImageObject\",\"inLanguage\":\"uk\",\"@id\":\"https:\/\/howsmart.pl\/produkt\/breeze-smart-57\/#primaryimage\",\"url\":\"https:\/\/howsmart.pl\/wp-content\/uploads\/2026\/03\/W1-1.png\",\"contentUrl\":\"https:\/\/howsmart.pl\/wp-content\/uploads\/2026\/03\/W1-1.png\",\"width\":1536,\"height\":864},{\"@type\":\"BreadcrumbList\",\"@id\":\"https:\/\/howsmart.pl\/produkt\/breeze-smart-57\/#breadcrumb\",\"itemListElement\":[{\"@type\":\"ListItem\",\"position\":1,\"name\":\"Strona g\u0142\u00f3wna\",\"item\":\"https:\/\/howsmart.pl\/\"},{\"@type\":\"ListItem\",\"position\":2,\"name\":\"Projekty\",\"item\":\"https:\/\/howsmart.pl\/projekty\/\"},{\"@type\":\"ListItem\",\"position\":3,\"name\":\"BREEZE SMART 57\"}]},{\"@type\":\"WebSite\",\"@id\":\"https:\/\/howsmart.pl\/#website\",\"url\":\"https:\/\/howsmart.pl\/\",\"name\":\"HowSmart\u00ae\",\"description\":\"Sprytne domy dla Ciebie\",\"publisher\":{\"@id\":\"https:\/\/howsmart.pl\/#organization\"},\"potentialAction\":[{\"@type\":\"SearchAction\",\"target\":{\"@type\":\"EntryPoint\",\"urlTemplate\":\"https:\/\/howsmart.pl\/?s={search_term_string}\"},\"query-input\":{\"@type\":\"PropertyValueSpecification\",\"valueRequired\":true,\"valueName\":\"search_term_string\"}}],\"inLanguage\":\"uk\"},{\"@type\":\"Organization\",\"@id\":\"https:\/\/howsmart.pl\/#organization\",\"name\":\"HowSmart\u00ae\",\"url\":\"https:\/\/howsmart.pl\/\",\"logo\":{\"@type\":\"ImageObject\",\"inLanguage\":\"uk\",\"@id\":\"https:\/\/howsmart.pl\/#\/schema\/logo\/image\/\",\"url\":\"https:\/\/howsmart.pl\/wp-content\/uploads\/2026\/03\/HS.png\",\"contentUrl\":\"https:\/\/howsmart.pl\/wp-content\/uploads\/2026\/03\/HS.png\",\"width\":673,\"height\":673,\"caption\":\"HowSmart\u00ae\"},\"image\":{\"@id\":\"https:\/\/howsmart.pl\/#\/schema\/logo\/image\/\"},\"sameAs\":[\"https:\/\/www.facebook.com\/HowSmart.official\/?modal=admin_todo_tour\",\"https:\/\/www.instagram.com\/howsmart_domy35m2\/?hl=pl\"]}]}<\/script>\n<!-- \/ Yoast SEO plugin. -->","yoast_head_json":{"title":"BREEZE SMART 57 - HowSmart\u00ae - Tw\u00f3j sprytny spos\u00f3b na budow\u0119 nowoczesnego domu. Wybierz sw\u00f3j projekt i zostaw reszt\u0119 nam.","robots":{"index":"index","follow":"follow","max-snippet":"max-snippet:-1","max-image-preview":"max-image-preview:large","max-video-preview":"max-video-preview:-1"},"canonical":"https:\/\/howsmart.pl\/uk\/product\/breeze-smart-57\/","og_locale":"uk_UA","og_type":"article","og_title":"BREEZE SMART 57 - HowSmart\u00ae - Tw\u00f3j sprytny spos\u00f3b na budow\u0119 nowoczesnego domu. Wybierz sw\u00f3j projekt i zostaw reszt\u0119 nam.","og_description":"To dom przed kt\u00f3rym warto si\u0119 zatrzyma\u0107 i podziwia\u0107 jego pi\u0119kne przeszklenia, kt\u00f3re zapewniaj\u0105 du\u017c\u0105 ilo\u015b\u0107 s\u0142o\u0144ca domownikom.","og_url":"https:\/\/howsmart.pl\/uk\/product\/breeze-smart-57\/","og_site_name":"HowSmart\u00ae - Tw\u00f3j sprytny spos\u00f3b na budow\u0119 nowoczesnego domu. Wybierz sw\u00f3j projekt i zostaw reszt\u0119 nam.","article_publisher":"https:\/\/www.facebook.com\/HowSmart.official\/?modal=admin_todo_tour","article_modified_time":"2026-04-22T15:36:38+00:00","og_image":[{"width":1024,"height":576,"url":"https:\/\/howsmart.pl\/wp-content\/uploads\/2026\/03\/W1-1-1024x576.png","type":"image\/png"}],"twitter_card":"summary_large_image","twitter_misc":{"\u041f\u0440\u0438\u0431\u043b. \u0447\u0430\u0441 \u0447\u0438\u0442\u0430\u043d\u043d\u044f":"1 \u0445\u0432\u0438\u043b\u0438\u043d\u0430"},"schema":{"@context":"https:\/\/schema.org","@graph":[{"@type":"WebPage","@id":"https:\/\/howsmart.pl\/produkt\/breeze-smart-57\/","url":"https:\/\/howsmart.pl\/produkt\/breeze-smart-57\/","name":"BREEZE SMART 57 - HowSmart\u00ae - Tw\u00f3j sprytny spos\u00f3b na budow\u0119 nowoczesnego domu. Wybierz sw\u00f3j projekt i zostaw reszt\u0119 nam.","isPartOf":{"@id":"https:\/\/howsmart.pl\/#website"},"primaryImageOfPage":{"@id":"https:\/\/howsmart.pl\/produkt\/breeze-smart-57\/#primaryimage"},"image":{"@id":"https:\/\/howsmart.pl\/produkt\/breeze-smart-57\/#primaryimage"},"thumbnailUrl":"https:\/\/howsmart.pl\/wp-content\/uploads\/2026\/03\/W1-1.png","datePublished":"2026-03-23T17:52:32+00:00","dateModified":"2026-04-22T15:36:38+00:00","breadcrumb":{"@id":"https:\/\/howsmart.pl\/produkt\/breeze-smart-57\/#breadcrumb"},"inLanguage":"uk","potentialAction":[{"@type":"ReadAction","target":["https:\/\/howsmart.pl\/produkt\/breeze-smart-57\/"]}]},{"@type":"ImageObject","inLanguage":"uk","@id":"https:\/\/howsmart.pl\/produkt\/breeze-smart-57\/#primaryimage","url":"https:\/\/howsmart.pl\/wp-content\/uploads\/2026\/03\/W1-1.png","contentUrl":"https:\/\/howsmart.pl\/wp-content\/uploads\/2026\/03\/W1-1.png","width":1536,"height":864},{"@type":"BreadcrumbList","@id":"https:\/\/howsmart.pl\/produkt\/breeze-smart-57\/#breadcrumb","itemListElement":[{"@type":"ListItem","position":1,"name":"Strona g\u0142\u00f3wna","item":"https:\/\/howsmart.pl\/"},{"@type":"ListItem","position":2,"name":"Projekty","item":"https:\/\/howsmart.pl\/projekty\/"},{"@type":"ListItem","position":3,"name":"BREEZE SMART 57"}]},{"@type":"WebSite","@id":"https:\/\/howsmart.pl\/#website","url":"https:\/\/howsmart.pl\/","name":"HowSmart\u00ae","description":"Sprytne domy dla Ciebie","publisher":{"@id":"https:\/\/howsmart.pl\/#organization"},"potentialAction":[{"@type":"SearchAction","target":{"@type":"EntryPoint","urlTemplate":"https:\/\/howsmart.pl\/?s={search_term_string}"},"query-input":{"@type":"PropertyValueSpecification","valueRequired":true,"valueName":"search_term_string"}}],"inLanguage":"uk"},{"@type":"Organization","@id":"https:\/\/howsmart.pl\/#organization","name":"HowSmart\u00ae","url":"https:\/\/howsmart.pl\/","logo":{"@type":"ImageObject","inLanguage":"uk","@id":"https:\/\/howsmart.pl\/#\/schema\/logo\/image\/","url":"https:\/\/howsmart.pl\/wp-content\/uploads\/2026\/03\/HS.png","contentUrl":"https:\/\/howsmart.pl\/wp-content\/uploads\/2026\/03\/HS.png","width":673,"height":673,"caption":"HowSmart\u00ae"},"image":{"@id":"https:\/\/howsmart.pl\/#\/schema\/logo\/image\/"},"sameAs":["https:\/\/www.facebook.com\/HowSmart.official\/?modal=admin_todo_tour","https:\/\/www.instagram.com\/howsmart_domy35m2\/?hl=pl"]}]}},"_links":{"self":[{"href":"https:\/\/howsmart.pl\/uk\/wp-json\/wp\/v2\/product\/10842","targetHints":{"allow":["GET"]}}],"collection":[{"href":"https:\/\/howsmart.pl\/uk\/wp-json\/wp\/v2\/product"}],"about":[{"href":"https:\/\/howsmart.pl\/uk\/wp-json\/wp\/v2\/types\/product"}],"replies":[{"embeddable":true,"href":"https:\/\/howsmart.pl\/uk\/wp-json\/wp\/v2\/comments?post=10842"}],"wp:featuredmedia":[{"embeddable":true,"href":"https:\/\/howsmart.pl\/uk\/wp-json\/wp\/v2\/media\/11052"}],"wp:attachment":[{"href":"https:\/\/howsmart.pl\/uk\/wp-json\/wp\/v2\/media?parent=10842"}],"wp:term":[{"taxonomy":"product_cat","embeddable":true,"href":"https:\/\/howsmart.pl\/uk\/wp-json\/wp\/v2\/product_cat?post=10842"},{"taxonomy":"product_tag","embeddable":true,"href":"https:\/\/howsmart.pl\/uk\/wp-json\/wp\/v2\/product_tag?post=10842"}],"curies":[{"name":"wp","href":"https:\/\/api.w.org\/{rel}","templated":true}]}}