{"id":4126,"date":"2024-12-12T16:29:03","date_gmt":"2024-12-12T15:29:03","guid":{"rendered":"https:\/\/hosting2347530.online.pro\/autoinstalator\/wordpress5\/?page_id=4126"},"modified":"2024-12-23T07:35:05","modified_gmt":"2024-12-23T06:35:05","slug":"regulamin","status":"publish","type":"page","link":"https:\/\/howsmart.pl\/tr\/regulamin\/","title":{"rendered":"Y\u00f6netmelikler"},"content":{"rendered":"<div data-elementor-type=\"wp-page\" data-elementor-id=\"4126\" class=\"elementor elementor-4126\" data-elementor-post-type=\"page\">\n\t\t\t\t\t\t<section class=\"elementor-section elementor-top-section elementor-element elementor-element-d39203f elementor-section-full_width elementor-section-height-default elementor-section-height-default\" data-id=\"d39203f\" data-element_type=\"section\" data-e-type=\"section\">\n\t\t\t\t\t\t<div class=\"elementor-container elementor-column-gap-default\">\n\t\t\t\t\t<div class=\"elementor-column elementor-col-50 elementor-top-column elementor-element elementor-element-0042f54\" data-id=\"0042f54\" data-element_type=\"column\" data-e-type=\"column\">\n\t\t\t<div class=\"elementor-widget-wrap elementor-element-populated\">\n\t\t\t\t\t\t<div class=\"elementor-element elementor-element-337de37 elementor-widget__width-auto elementor-align-left elementor-widget elementor-widget-button\" data-id=\"337de37\" data-element_type=\"widget\" data-e-type=\"widget\" data-widget_type=\"button.default\">\n\t\t\t\t<div class=\"elementor-widget-container\">\n\t\t\t\t\t\t\t\t\t<div class=\"elementor-button-wrapper\">\n\t\t\t\t\t<a class=\"elementor-button elementor-button-link elementor-size-sm\" href=\"#\">\n\t\t\t\t\t\t<span class=\"elementor-button-content-wrapper\">\n\t\t\t\t\t\t\t\t\t<span class=\"elementor-button-text\">-<\/span>\n\t\t\t\t\t<\/span>\n\t\t\t\t\t<\/a>\n\t\t\t\t<\/div>\n\t\t\t\t\t\t\t\t<\/div>\n\t\t\t\t<\/div>\n\t\t\t\t<div class=\"elementor-element elementor-element-47bfe6d elementor-widget__width-inherit elementor-widget elementor-widget-heading\" data-id=\"47bfe6d\" data-element_type=\"widget\" data-e-type=\"widget\" data-widget_type=\"heading.default\">\n\t\t\t\t<div class=\"elementor-widget-container\">\n\t\t\t\t\t<h1 class=\"elementor-heading-title elementor-size-default\">Y\u00f6netmelikler<\/h1>\t\t\t\t<\/div>\n\t\t\t\t<\/div>\n\t\t\t\t\t<\/div>\n\t\t<\/div>\n\t\t\t\t<div class=\"elementor-column elementor-col-50 elementor-top-column elementor-element elementor-element-dfbeadc\" data-id=\"dfbeadc\" data-element_type=\"column\" data-e-type=\"column\">\n\t\t\t<div class=\"elementor-widget-wrap elementor-element-populated\">\n\t\t\t\t\t\t<div class=\"elementor-element elementor-element-173ef02 elementor-widget elementor-widget-text-editor\" data-id=\"173ef02\" data-element_type=\"widget\" data-e-type=\"widget\" data-widget_type=\"text-editor.default\">\n\t\t\t\t<div class=\"elementor-widget-container\">\n\t\t\t\t\t\t\t\t\t<section class=\"elementor-section elementor-inner-section elementor-element elementor-element-3cd5f96 elementor-section-boxed elementor-section-height-default elementor-section-height-default\" data-id=\"3cd5f96\" data-element_type=\"section\"><div class=\"elementor-container elementor-column-gap-no\"><div class=\"elementor-column elementor-col-100 elementor-inner-column elementor-element elementor-element-e3941d1\" data-id=\"e3941d1\" data-element_type=\"column\"><div class=\"elementor-widget-wrap elementor-element-populated\"><div class=\"elementor-element elementor-element-a0e68c9 elementor-widget elementor-widget-text-editor\" data-id=\"a0e68c9\" data-element_type=\"widget\" data-widget_type=\"text-editor.default\"><div class=\"elementor-widget-container\"><ol><li>Genel h\u00fck\u00fcmler<\/li><li>Tan\u0131mlar<\/li><li>Elektronik hizmetlerin t\u00fcr\u00fc ve kapsam\u0131<\/li><li>Elektronik hizmetlere y\u00f6nelik s\u00f6zle\u015fmelerin sa\u011flanmas\u0131 ve sonu\u00e7land\u0131r\u0131lmas\u0131na ili\u015fkin h\u00fck\u00fcm ve ko\u015fullar<\/li><li>Elektronik hizmet s\u00f6zle\u015fmelerinin feshi i\u00e7in ko\u015fullar<\/li><li>\u015eikayet prosed\u00fcr\u00fc<\/li><li>Fikri m\u00fclkiyet<\/li><li>Nihai h\u00fck\u00fcmler<\/li><li>GENEL H\u00dcK\u00dcMLER<ol><li>https:\/\/www.howsmart.pl\/ web sitesi, bu Y\u00f6netmelikte belirtilen h\u00fck\u00fcm ve ko\u015fullar alt\u0131nda faaliyet g\u00f6stermektedir.<\/li><li>Y\u00f6netmelik, https:\/\/www.howsmart.pl\/ web sitesi taraf\u0131ndan elektronik olarak sa\u011flanan hizmetlerin t\u00fcrlerini ve kapsam\u0131n\u0131, bu hizmetlerin sa\u011flanmas\u0131na ili\u015fkin kurallar\u0131, hizmetlerin elektronik olarak sa\u011flanmas\u0131na ili\u015fkin s\u00f6zle\u015fmelerin akdedilmesi ve feshedilmesine ili\u015fkin ko\u015fullar\u0131 ve \u015fikayet prosed\u00fcr\u00fcn\u00fc belirlemektedir.<\/li><li>Y\u00f6netmelik, https:\/\/www.howsmart.pl\/ web sitesi taraf\u0131ndan elektronik olarak sa\u011flanan hizmetlerin t\u00fcrlerini ve kapsam\u0131n\u0131, bu hizmetlerin sa\u011flanmas\u0131na ili\u015fkin kurallar\u0131, hizmetlerin elektronik olarak sa\u011flanmas\u0131na ili\u015fkin s\u00f6zle\u015fmelerin akdedilmesi ve feshedilmesine ili\u015fkin ko\u015fullar\u0131 ve \u015fikayet prosed\u00fcr\u00fcn\u00fc belirlemektedir.<\/li><li>Her M\u00fc\u015fteri, https:\/\/www.howsmart.pl\/ web sitesinin Elektronik Hizmetlerini kullanmaya ba\u015flad\u0131\u011f\u0131 andan itibaren, bu Y\u00f6netmelik h\u00fck\u00fcmlerine uymakla y\u00fck\u00fcml\u00fcd\u00fcr.<\/li><li>Bu T\u00fcz\u00fckte yer almayan hususlarda, a\u015fa\u011f\u0131daki h\u00fck\u00fcmler uygulan\u0131r<ol><li>Hizmetlerin elektronik yollarla sa\u011flanmas\u0131na ili\u015fkin 18 Temmuz 2002 tarihli Kanun (Kanunlar Dergisi No. 144, madde 1204, de\u011fi\u015ftirilmi\u015f \u015fekliyle),<\/li><li>T\u00fcketici Haklar\u0131 Yasas\u0131 30 May\u0131s 2014. (Kanunlar Dergisi 2014 madde 827),<\/li><li>23 Nisan 1964 tarihli Medeni Kanun Yasas\u0131 (Kanunlar Dergisi No. 16, madde 93 de\u011fi\u015ftirilmi\u015f haliyle) ve Polonya yasalar\u0131n\u0131n di\u011fer ilgili h\u00fck\u00fcmleri.<\/li><\/ol><\/li><li>TANIMLAR<ol><li>\u0130LET\u0130\u015e\u0130M FORMU - https:\/\/www.howsmart.pl\/ Web Sitesinde bulunan ve Hizmet Al\u0131c\u0131s\u0131n\u0131n Hizmet Sa\u011flay\u0131c\u0131 ile do\u011frudan ileti\u015fime ge\u00e7mesini sa\u011flayan bir form.<\/li><li>\u015eARTLAR VE KO\u015eULLAR - Site'nin bu kural ve d\u00fczenlemeleri.<\/li><li>H\u0130ZMET SA\u011eLAYICI - HowSmart Sp.z.o.o Var\u015fova'da ul.Gubinowska 4\/77, 02-956 Var\u015fova adresinde kay\u0131tl\u0131 ofisi ile, KRS siciline kay\u0131tl\u0131: 0000870772 , NIP:9512510878, REGON:387615546, e-posta adresi: biuro@howsmart.pl, tel.<\/li><li>KULLANICI - bir Elektronik Hizmeti kullanan ger\u00e7ek ki\u015fi, t\u00fczel ki\u015fi veya kanunla kendisine hukuki ehliyet tan\u0131nm\u0131\u015f t\u00fczel ki\u015fili\u011fi olmayan bir organizasyonel birim.<\/li><li>ELEKTRON\u0130K H\u0130ZMET - Hizmet Sa\u011flay\u0131c\u0131 taraf\u0131ndan Web Sitesi arac\u0131l\u0131\u011f\u0131yla M\u00fc\u015fteriye elektronik olarak sa\u011flanan bir hizmet.<\/li><li>HABER B\u00dcLTEN\u0130 - M\u00fc\u015fterinin, M\u00fc\u015fteri taraf\u0131ndan sa\u011flanan e-posta adresine abone olmas\u0131n\u0131 ve Hizmet Sa\u011flay\u0131c\u0131dan \u00fccretsiz bilgi almas\u0131n\u0131 sa\u011flayan Elektronik Hizmet.<\/li><\/ol><\/li><li>ELEKTRONI\u0307K HI\u0307ZMETLERI\u0307N T\u00dcR\u00dc VE KAPSAMI<ol><li>Hizmet Sa\u011flay\u0131c\u0131, Site arac\u0131l\u0131\u011f\u0131yla a\u015fa\u011f\u0131daki gibi Elektronik Hizmetlerin kullan\u0131lmas\u0131n\u0131 sa\u011flar:<ol><li>\u0130leti\u015fim Formunun kullan\u0131m\u0131,<\/li><li>B\u00fcltenin kullan\u0131m\u0131,<\/li><\/ol><\/li><li>Hizmet Al\u0131c\u0131lar\u0131na Elektronik Hizmetlerin sa\u011flanmas\u0131, H\u00fck\u00fcm ve Ko\u015fullarda belirtilen h\u00fck\u00fcm ve ko\u015fullar alt\u0131nda ger\u00e7ekle\u015fir.<\/li><\/ol><\/li><li>ELEKTRONI\u0307K HI\u0307ZMETLERE Y\u00d6NELI\u0307K S\u00d6ZLE\u015eMELERI\u0307N SA\u011eLANMASI VE SONU\u00c7LANDIRILMASINA I\u0307LI\u0307\u015eKI\u0307N H\u00dcK\u00dcM VE KO\u015eULLAR<ol><li>B\u00f6l\u00fcm III pt. 1'de belirtilen Elektronik Hizmetlerin Hizmet Sa\u011flay\u0131c\u0131 taraf\u0131ndan sa\u011flanmas\u0131 \u00fccretsizdir. 1'de belirtilen Elektronik Hizmetlerin Hizmet Sa\u011flay\u0131c\u0131 taraf\u0131ndan sa\u011flanmas\u0131 \u00fccretsizdir.<\/li><li>S\u00f6zle\u015fmenin akdedildi\u011fi s\u00fcre:<ol><li>\u0130leti\u015fim Formu arac\u0131l\u0131\u011f\u0131yla bir mesaj\u0131n g\u00f6nderilmesini sa\u011flamaktan olu\u015fan Elektronik Hizmetlerin sa\u011flanmas\u0131na ili\u015fkin s\u00f6zle\u015fme belirli bir s\u00fcre i\u00e7in akdedilir ve mesaj g\u00f6nderildi\u011fi veya Hizmet Al\u0131c\u0131s\u0131n\u0131n g\u00f6ndermeyi durdurdu\u011fu anda sona erer.<\/li><li>Haber B\u00fclteninin kullan\u0131m\u0131ndan olu\u015fan Elektronik Hizmetlerin sa\u011flanmas\u0131na ili\u015fkin s\u00f6zle\u015fme belirsiz bir s\u00fcre i\u00e7in akdedilmi\u015ftir.<\/li><\/ol><\/li><li>Hizmet Sa\u011flay\u0131c\u0131 taraf\u0131ndan kullan\u0131lan ICT sistemi ile \u00e7al\u0131\u015fmak i\u00e7in gerekli teknik gereksinimler:<ol><li>\u0130nternet eri\u015fimi olan bir bilgisayar,<\/li><li>e-postaya eri\u015fim,<\/li><li>web taray\u0131c\u0131s\u0131,<\/li><li>Web taray\u0131c\u0131n\u0131zda \u00c7erezleri ve Javascript'i etkinle\u015ftirin.<\/li><\/ol><\/li><li>M\u00fc\u015fteri, Siteyi yasalara ve iyi ahlaka uygun bir \u015fekilde, \u00fc\u00e7\u00fcnc\u00fc taraflar\u0131n ki\u015fisel haklar\u0131na ve fikri m\u00fclkiyet haklar\u0131na gereken sayg\u0131y\u0131 g\u00f6stererek kullanmakla y\u00fck\u00fcml\u00fcd\u00fcr.<\/li><li>M\u00fc\u015fteri, ger\u00e7eklere dayal\u0131 olarak do\u011fru verileri girmekle y\u00fck\u00fcml\u00fcd\u00fcr.<\/li><li>Al\u0131c\u0131n\u0131n yasa d\u0131\u015f\u0131 i\u00e7erik sa\u011flamas\u0131 yasakt\u0131r.<\/li><\/ol><\/li><li>E-HI\u0307ZMET S\u00d6ZLE\u015eMELERI\u0307NI\u0307N FESHI\u0307NE I\u0307LI\u0307\u015eKI\u0307N KO\u015eULLAR<ol><li>Elektronik Hizmet S\u00f6zle\u015fmesinin Feshi:<ol><li>S\u00fcrekli ve belirsiz nitelikteki bir Elektronik Hizmetin (\u00f6rne\u011fin B\u00fcltenin kullan\u0131m\u0131) sa\u011flanmas\u0131na y\u00f6nelik bir s\u00f6zle\u015fme feshedilebilir.<\/li><li>M\u00fc\u015fteri, biuro@howsmart.pl adresine e-posta yoluyla uygun bir a\u00e7\u0131klama g\u00f6ndererek s\u00f6zle\u015fmeyi derhal ge\u00e7erli olmak \u00fczere ve neden belirtmeksizin feshedebilir.<\/li><li>Hizmet Sa\u011flay\u0131c\u0131, M\u00fc\u015fterinin H\u00fck\u00fcm ve Ko\u015fullar\u0131 ihlal etmesi durumunda, \u00f6zellikle yasad\u0131\u015f\u0131 nitelikte i\u00e7erik sa\u011flad\u0131\u011f\u0131nda, uygun bir s\u00fcre belirlenerek ihlallerin durdurulmas\u0131na y\u00f6nelik etkisiz bir \u00f6n talepten sonra, s\u00fcrekli ve belirsiz nitelikteki Elektronik Hizmetlerin sa\u011flanmas\u0131na ili\u015fkin s\u00f6zle\u015fmeyi feshedebilir. B\u00f6yle bir durumda, S\u00f6zle\u015fme, S\u00f6zle\u015fmeyi feshetme niyet beyan\u0131n\u0131n sunulmas\u0131ndan 7 g\u00fcn sonra sona erecektir (bildirim s\u00fcresi).<\/li><li>Fesih, hukuki ili\u015fkinin gelecek i\u00e7in ge\u00e7erli olmak \u00fczere sona ermesine yol a\u00e7ar.<\/li><\/ol><\/li><li>Hizmet Sa\u011flay\u0131c\u0131 ve M\u00fc\u015fteri, Elektronik Hizmetlerin sa\u011flanmas\u0131na ili\u015fkin s\u00f6zle\u015fmeyi kar\u015f\u0131l\u0131kl\u0131 mutabakatla herhangi bir zamanda feshedebilir.<\/li><\/ol><\/li><li>\u015eI\u0307KAYET PROSED\u00dcR\u00dc<ol><li>Hizmet Sa\u011flay\u0131c\u0131 taraf\u0131ndan Elektronik Hizmetlerin sa\u011flanmas\u0131na ili\u015fkin \u015fikayetler:<ol><li>Site \u00fczerinden Elektronik Hizmetlerin sa\u011flanmas\u0131na ili\u015fkin \u015fikayetler M\u00fc\u015fteri taraf\u0131ndan biuro@howsmart.pl adresine e-posta yoluyla yap\u0131labilir.<\/li><li>Yukar\u0131da belirtilen e-posta mesaj\u0131nda, l\u00fctfen \u015fikayet konusu hakk\u0131nda m\u00fcmk\u00fcn oldu\u011funca fazla bilgi ve ko\u015ful, \u00f6zellikle de usuls\u00fczl\u00fc\u011f\u00fcn t\u00fcr\u00fc ve tarihi ile ileti\u015fim bilgilerinizi belirtin. Sa\u011flanan bilgiler, \u015fikayetin Hizmet Sa\u011flay\u0131c\u0131 taraf\u0131ndan ele al\u0131nmas\u0131n\u0131 b\u00fcy\u00fck \u00f6l\u00e7\u00fcde kolayla\u015ft\u0131racak ve h\u0131zland\u0131racakt\u0131r.<\/li><li>\u015eikayetlerin Hizmet Sa\u011flay\u0131c\u0131 taraf\u0131ndan i\u015fleme al\u0131nmas\u0131 gecikmeksizin, en ge\u00e7 14 g\u00fcn i\u00e7inde ger\u00e7ekle\u015fecektir.<\/li><li>Hizmet Sa\u011flay\u0131c\u0131n\u0131n \u015fikayete yan\u0131t\u0131, M\u00fc\u015fterinin \u015fikayette belirtilen e-posta adresine veya M\u00fc\u015fteri taraf\u0131ndan belirtilen ba\u015fka bir yolla g\u00f6nderilecektir.<\/li><\/ol><\/li><li>FI\u0307KRI\u0307 M\u00dcLKI\u0307YET<ol><li>https:\/\/www.howsmart.pl\/ adresindeki web sitesinde yay\u0131nlanan t\u00fcm i\u00e7erik telif hakk\u0131 korumas\u0131na sahiptir ve https:\/\/www.howsmart.pl\/'un m\u00fclkiyetindedir. M\u00fc\u015fteri, Hizmet Sa\u011flay\u0131c\u0131n\u0131n izni olmadan https:\/\/www.howsmart.pl\/'un herhangi bir i\u00e7eri\u011finin kullan\u0131lmas\u0131ndan kaynaklanan Hizmet Sa\u011flay\u0131c\u0131ya verilen her t\u00fcrl\u00fc zarardan tamamen sorumlu olacakt\u0131r.<\/li><li>https:\/\/www.howsmart.pl\/ web sitesinin i\u00e7eri\u011fini ve i\u00e7eri\u011fini olu\u015fturan unsurlardan herhangi birinin Hizmet Sa\u011flay\u0131c\u0131n\u0131n a\u00e7\u0131k yaz\u0131l\u0131 izni olmadan herhangi bir ki\u015fi taraf\u0131ndan kullan\u0131lmas\u0131, Hizmet Sa\u011flay\u0131c\u0131n\u0131n telif hakk\u0131n\u0131n ihlali anlam\u0131na gelir ve hukuki ve cezai sorumlulukla sonu\u00e7lan\u0131r.<\/li><\/ol><\/li><li>NI\u0307HAI\u0307 H\u00dcK\u00dcMLER<ol><li>Site arac\u0131l\u0131\u011f\u0131yla akdedilen s\u00f6zle\u015fmeler Polonya yasalar\u0131na uygun olarak akdedilecektir.<\/li><li>Bu H\u00fck\u00fcm ve Ko\u015fullar\u0131n herhangi bir k\u0131sm\u0131n\u0131n y\u00fcr\u00fcrl\u00fckteki yasalarla tutars\u0131z olmas\u0131 halinde, Polonya yasalar\u0131n\u0131n ilgili h\u00fck\u00fcmleri, itiraz edilen h\u00fckm\u00fcn yerine uygulanacakt\u0131r.<\/li><\/ol><\/li><\/ol><\/li><\/ol><\/li><\/ol><\/div><\/div><\/div><\/div><\/div><\/section>\t\t\t\t\t\t\t\t<\/div>\n\t\t\t\t<\/div>\n\t\t\t\t\t<\/div>\n\t\t<\/div>\n\t\t\t\t\t<\/div>\n\t\t<\/section>\n\t\t\t\t<\/div>","protected":false},"excerpt":{"rendered":"<p>&#8211; Regulamin Postanowienia og\u00f3lne Definicje Rodzaj i zakres us\u0142ug elektronicznych Warunki \u015bwiadczenia i zawierania um\u00f3w o \u015bwiadczenie us\u0142ug elektronicznych Warunki rozwi\u0105zania um\u00f3w o \u015bwiadczenie us\u0142ug elektronicznych Tryb post\u0119powania reklamacyjnego W\u0142asno\u015b\u0107 intelektualna Postanowienia ko\u0144cowe POSTANOWIENIA OG\u00d3LNE Strona https:\/\/www.howsmart.pl\/ dzia\u0142a na zasadach okre\u015blonych w niniejszym Regulaminie. Regulamin okre\u015bla rodzaje i zakres us\u0142ug \u015bwiadczonych drog\u0105 elektroniczn\u0105 przez Stron\u0119 [&hellip;]<\/p>","protected":false},"author":1,"featured_media":0,"parent":0,"menu_order":0,"comment_status":"closed","ping_status":"closed","template":"","meta":{"_acf_changed":false,"footnotes":""},"class_list":["post-4126","page","type-page","status-publish","hentry"],"acf":[],"yoast_head":"<!-- This site is optimized with the Yoast SEO plugin v27.2 - https:\/\/yoast.com\/product\/yoast-seo-wordpress\/ -->\n<title>Regulamin - HowSmart\u00ae - Tw\u00f3j sprytny spos\u00f3b na budow\u0119 nowoczesnego domu. Wybierz sw\u00f3j projekt i zostaw reszt\u0119 nam.<\/title>\n<meta name=\"robots\" content=\"index, follow, max-snippet:-1, max-image-preview:large, max-video-preview:-1\" \/>\n<link rel=\"canonical\" href=\"https:\/\/howsmart.pl\/tr\/regulamin\/\" \/>\n<meta property=\"og:locale\" content=\"tr_TR\" \/>\n<meta property=\"og:type\" content=\"article\" \/>\n<meta property=\"og:title\" content=\"Regulamin - HowSmart\u00ae - Tw\u00f3j sprytny spos\u00f3b na budow\u0119 nowoczesnego domu. Wybierz sw\u00f3j projekt i zostaw reszt\u0119 nam.\" \/>\n<meta property=\"og:description\" content=\"&#8211; Regulamin Postanowienia og\u00f3lne Definicje Rodzaj i zakres us\u0142ug elektronicznych Warunki \u015bwiadczenia i zawierania um\u00f3w o \u015bwiadczenie us\u0142ug elektronicznych Warunki rozwi\u0105zania um\u00f3w o \u015bwiadczenie us\u0142ug elektronicznych Tryb post\u0119powania reklamacyjnego W\u0142asno\u015b\u0107 intelektualna Postanowienia ko\u0144cowe POSTANOWIENIA OG\u00d3LNE Strona https:\/\/www.howsmart.pl\/ dzia\u0142a na zasadach okre\u015blonych w niniejszym Regulaminie. Regulamin okre\u015bla rodzaje i zakres us\u0142ug \u015bwiadczonych drog\u0105 elektroniczn\u0105 przez Stron\u0119 [&hellip;]\" \/>\n<meta property=\"og:url\" content=\"https:\/\/howsmart.pl\/tr\/regulamin\/\" \/>\n<meta property=\"og:site_name\" content=\"HowSmart\u00ae - Tw\u00f3j sprytny spos\u00f3b na budow\u0119 nowoczesnego domu. Wybierz sw\u00f3j projekt i zostaw reszt\u0119 nam.\" \/>\n<meta property=\"article:publisher\" content=\"https:\/\/www.facebook.com\/HowSmart.official\/?modal=admin_todo_tour\" \/>\n<meta property=\"article:modified_time\" content=\"2024-12-23T06:35:05+00:00\" \/>\n<meta name=\"twitter:card\" content=\"summary_large_image\" \/>\n<meta name=\"twitter:label1\" content=\"Tahmini okuma s\u00fcresi\" \/>\n\t<meta name=\"twitter:data1\" content=\"5 dakika\" \/>\n<script type=\"application\/ld+json\" class=\"yoast-schema-graph\">{\"@context\":\"https:\/\/schema.org\",\"@graph\":[{\"@type\":\"WebPage\",\"@id\":\"https:\/\/howsmart.pl\/regulamin\/\",\"url\":\"https:\/\/howsmart.pl\/regulamin\/\",\"name\":\"Regulamin - HowSmart\u00ae - Tw\u00f3j sprytny spos\u00f3b na budow\u0119 nowoczesnego domu. Wybierz sw\u00f3j projekt i zostaw reszt\u0119 nam.\",\"isPartOf\":{\"@id\":\"https:\/\/howsmart.pl\/#website\"},\"datePublished\":\"2024-12-12T15:29:03+00:00\",\"dateModified\":\"2024-12-23T06:35:05+00:00\",\"breadcrumb\":{\"@id\":\"https:\/\/howsmart.pl\/regulamin\/#breadcrumb\"},\"inLanguage\":\"tr\",\"potentialAction\":[{\"@type\":\"ReadAction\",\"target\":[\"https:\/\/howsmart.pl\/regulamin\/\"]}]},{\"@type\":\"BreadcrumbList\",\"@id\":\"https:\/\/howsmart.pl\/regulamin\/#breadcrumb\",\"itemListElement\":[{\"@type\":\"ListItem\",\"position\":1,\"name\":\"Strona g\u0142\u00f3wna\",\"item\":\"https:\/\/howsmart.pl\/\"},{\"@type\":\"ListItem\",\"position\":2,\"name\":\"Regulamin\"}]},{\"@type\":\"WebSite\",\"@id\":\"https:\/\/howsmart.pl\/#website\",\"url\":\"https:\/\/howsmart.pl\/\",\"name\":\"HowSmart\u00ae\",\"description\":\"Sprytne domy dla Ciebie\",\"publisher\":{\"@id\":\"https:\/\/howsmart.pl\/#organization\"},\"potentialAction\":[{\"@type\":\"SearchAction\",\"target\":{\"@type\":\"EntryPoint\",\"urlTemplate\":\"https:\/\/howsmart.pl\/?s={search_term_string}\"},\"query-input\":{\"@type\":\"PropertyValueSpecification\",\"valueRequired\":true,\"valueName\":\"search_term_string\"}}],\"inLanguage\":\"tr\"},{\"@type\":\"Organization\",\"@id\":\"https:\/\/howsmart.pl\/#organization\",\"name\":\"HowSmart\u00ae\",\"url\":\"https:\/\/howsmart.pl\/\",\"logo\":{\"@type\":\"ImageObject\",\"inLanguage\":\"tr\",\"@id\":\"https:\/\/howsmart.pl\/#\/schema\/logo\/image\/\",\"url\":\"https:\/\/howsmart.pl\/wp-content\/uploads\/2026\/03\/HS.png\",\"contentUrl\":\"https:\/\/howsmart.pl\/wp-content\/uploads\/2026\/03\/HS.png\",\"width\":673,\"height\":673,\"caption\":\"HowSmart\u00ae\"},\"image\":{\"@id\":\"https:\/\/howsmart.pl\/#\/schema\/logo\/image\/\"},\"sameAs\":[\"https:\/\/www.facebook.com\/HowSmart.official\/?modal=admin_todo_tour\",\"https:\/\/www.instagram.com\/howsmart_domy35m2\/?hl=pl\"]}]}<\/script>\n<!-- \/ Yoast SEO plugin. -->","yoast_head_json":{"title":"Regulamin - HowSmart\u00ae - Tw\u00f3j sprytny spos\u00f3b na budow\u0119 nowoczesnego domu. Wybierz sw\u00f3j projekt i zostaw reszt\u0119 nam.","robots":{"index":"index","follow":"follow","max-snippet":"max-snippet:-1","max-image-preview":"max-image-preview:large","max-video-preview":"max-video-preview:-1"},"canonical":"https:\/\/howsmart.pl\/tr\/regulamin\/","og_locale":"tr_TR","og_type":"article","og_title":"Regulamin - HowSmart\u00ae - Tw\u00f3j sprytny spos\u00f3b na budow\u0119 nowoczesnego domu. Wybierz sw\u00f3j projekt i zostaw reszt\u0119 nam.","og_description":"&#8211; Regulamin Postanowienia og\u00f3lne Definicje Rodzaj i zakres us\u0142ug elektronicznych Warunki \u015bwiadczenia i zawierania um\u00f3w o \u015bwiadczenie us\u0142ug elektronicznych Warunki rozwi\u0105zania um\u00f3w o \u015bwiadczenie us\u0142ug elektronicznych Tryb post\u0119powania reklamacyjnego W\u0142asno\u015b\u0107 intelektualna Postanowienia ko\u0144cowe POSTANOWIENIA OG\u00d3LNE Strona https:\/\/www.howsmart.pl\/ dzia\u0142a na zasadach okre\u015blonych w niniejszym Regulaminie. Regulamin okre\u015bla rodzaje i zakres us\u0142ug \u015bwiadczonych drog\u0105 elektroniczn\u0105 przez Stron\u0119 [&hellip;]","og_url":"https:\/\/howsmart.pl\/tr\/regulamin\/","og_site_name":"HowSmart\u00ae - Tw\u00f3j sprytny spos\u00f3b na budow\u0119 nowoczesnego domu. Wybierz sw\u00f3j projekt i zostaw reszt\u0119 nam.","article_publisher":"https:\/\/www.facebook.com\/HowSmart.official\/?modal=admin_todo_tour","article_modified_time":"2024-12-23T06:35:05+00:00","twitter_card":"summary_large_image","twitter_misc":{"Tahmini okuma s\u00fcresi":"5 dakika"},"schema":{"@context":"https:\/\/schema.org","@graph":[{"@type":"WebPage","@id":"https:\/\/howsmart.pl\/regulamin\/","url":"https:\/\/howsmart.pl\/regulamin\/","name":"Regulamin - HowSmart\u00ae - Tw\u00f3j sprytny spos\u00f3b na budow\u0119 nowoczesnego domu. Wybierz sw\u00f3j projekt i zostaw reszt\u0119 nam.","isPartOf":{"@id":"https:\/\/howsmart.pl\/#website"},"datePublished":"2024-12-12T15:29:03+00:00","dateModified":"2024-12-23T06:35:05+00:00","breadcrumb":{"@id":"https:\/\/howsmart.pl\/regulamin\/#breadcrumb"},"inLanguage":"tr","potentialAction":[{"@type":"ReadAction","target":["https:\/\/howsmart.pl\/regulamin\/"]}]},{"@type":"BreadcrumbList","@id":"https:\/\/howsmart.pl\/regulamin\/#breadcrumb","itemListElement":[{"@type":"ListItem","position":1,"name":"Strona g\u0142\u00f3wna","item":"https:\/\/howsmart.pl\/"},{"@type":"ListItem","position":2,"name":"Regulamin"}]},{"@type":"WebSite","@id":"https:\/\/howsmart.pl\/#website","url":"https:\/\/howsmart.pl\/","name":"HowSmart\u00ae","description":"Sprytne domy dla Ciebie","publisher":{"@id":"https:\/\/howsmart.pl\/#organization"},"potentialAction":[{"@type":"SearchAction","target":{"@type":"EntryPoint","urlTemplate":"https:\/\/howsmart.pl\/?s={search_term_string}"},"query-input":{"@type":"PropertyValueSpecification","valueRequired":true,"valueName":"search_term_string"}}],"inLanguage":"tr"},{"@type":"Organization","@id":"https:\/\/howsmart.pl\/#organization","name":"HowSmart\u00ae","url":"https:\/\/howsmart.pl\/","logo":{"@type":"ImageObject","inLanguage":"tr","@id":"https:\/\/howsmart.pl\/#\/schema\/logo\/image\/","url":"https:\/\/howsmart.pl\/wp-content\/uploads\/2026\/03\/HS.png","contentUrl":"https:\/\/howsmart.pl\/wp-content\/uploads\/2026\/03\/HS.png","width":673,"height":673,"caption":"HowSmart\u00ae"},"image":{"@id":"https:\/\/howsmart.pl\/#\/schema\/logo\/image\/"},"sameAs":["https:\/\/www.facebook.com\/HowSmart.official\/?modal=admin_todo_tour","https:\/\/www.instagram.com\/howsmart_domy35m2\/?hl=pl"]}]}},"_links":{"self":[{"href":"https:\/\/howsmart.pl\/tr\/wp-json\/wp\/v2\/pages\/4126","targetHints":{"allow":["GET"]}}],"collection":[{"href":"https:\/\/howsmart.pl\/tr\/wp-json\/wp\/v2\/pages"}],"about":[{"href":"https:\/\/howsmart.pl\/tr\/wp-json\/wp\/v2\/types\/page"}],"author":[{"embeddable":true,"href":"https:\/\/howsmart.pl\/tr\/wp-json\/wp\/v2\/users\/1"}],"replies":[{"embeddable":true,"href":"https:\/\/howsmart.pl\/tr\/wp-json\/wp\/v2\/comments?post=4126"}],"version-history":[{"count":7,"href":"https:\/\/howsmart.pl\/tr\/wp-json\/wp\/v2\/pages\/4126\/revisions"}],"predecessor-version":[{"id":5933,"href":"https:\/\/howsmart.pl\/tr\/wp-json\/wp\/v2\/pages\/4126\/revisions\/5933"}],"wp:attachment":[{"href":"https:\/\/howsmart.pl\/tr\/wp-json\/wp\/v2\/media?parent=4126"}],"curies":[{"name":"wp","href":"https:\/\/api.w.org\/{rel}","templated":true}]}}