{"id":7311,"date":"2025-01-16T16:18:21","date_gmt":"2025-01-16T15:18:21","guid":{"rendered":"https:\/\/hosting2347530.online.pro\/autoinstalator\/wordpress5\/?post_type=product&#038;p=7311"},"modified":"2026-05-12T21:27:18","modified_gmt":"2026-05-12T19:27:18","slug":"spruce-smart-112","status":"publish","type":"product","link":"https:\/\/howsmart.pl\/sv\/produkt\/spruce-smart-112\/","title":{"rendered":"Spruce Smart 112"},"content":{"rendered":"<p>Detta \u00e4r ett hem i modern stil som k\u00e4nnetecknas av en funktionell rumsindelning som har utformats med tanke p\u00e5 familjen och hemarbetande. Ett hem f\u00f6r dem som uppskattar sublim stil och en produkt av h\u00f6gsta kvalitet, med ett masterbadrum och \u00e4nd\u00e5 inom en rimlig budget, den gyllene medelv\u00e4gen. Det extra arbetsrummet och g\u00e4stbadrummet g\u00f6r att funktionaliteten i detta projekt blir \u00e4nnu st\u00f6rre, vilket g\u00f6r det till ett utm\u00e4rkt val f\u00f6r dem som letar efter den perfekta kompromissen mellan funktionalitet och pris.<\/p>","protected":false},"excerpt":{"rendered":"<p>Detta \u00e4r ett hem i modern stil som k\u00e4nnetecknas av en funktionell rumsindelning som har utformats med tanke p\u00e5 familjen och hemarbetande. Ett hem f\u00f6r dem som uppskattar sublim stil och en produkt av h\u00f6gsta kvalitet, med ett masterbadrum och \u00e4nd\u00e5 inom en rimlig budget, den gyllene medelv\u00e4gen. Det extra arbetsrummet och g\u00e4stbadrummet g\u00f6r att funktionaliteten i detta projekt blir \u00e4nnu st\u00f6rre, vilket g\u00f6r det till ett utm\u00e4rkt val f\u00f6r dem som letar efter den perfekta kompromissen mellan funktionalitet och pris.<\/p>","protected":false},"featured_media":11405,"comment_status":"open","ping_status":"closed","template":"","meta":{"_acf_changed":false},"product_cat":[47,51,52],"product_tag":[],"class_list":{"0":"post-7311","1":"product","2":"type-product","3":"status-publish","4":"has-post-thumbnail","6":"product_cat-do-120-m2","7":"product_cat-z-antersola","8":"product_cat-z-pietrem","10":"first","11":"instock","12":"shipping-taxable","13":"purchasable","14":"product-type-simple"},"acf":[],"yoast_head":"<!-- This site is optimized with the Yoast SEO plugin v27.2 - https:\/\/yoast.com\/product\/yoast-seo-wordpress\/ -->\n<title>Spruce Smart 112 - HowSmart\u00ae - Tw\u00f3j sprytny spos\u00f3b na budow\u0119 nowoczesnego domu. Wybierz sw\u00f3j projekt i zostaw reszt\u0119 nam.<\/title>\n<meta name=\"robots\" content=\"index, follow, max-snippet:-1, max-image-preview:large, max-video-preview:-1\" \/>\n<link rel=\"canonical\" href=\"https:\/\/howsmart.pl\/sv\/produkt\/spruce-smart-112\/\" \/>\n<meta property=\"og:locale\" content=\"sv_SE\" \/>\n<meta property=\"og:type\" content=\"article\" \/>\n<meta property=\"og:title\" content=\"Spruce Smart 112 - HowSmart\u00ae - Tw\u00f3j sprytny spos\u00f3b na budow\u0119 nowoczesnego domu. Wybierz sw\u00f3j projekt i zostaw reszt\u0119 nam.\" \/>\n<meta property=\"og:description\" content=\"To dom w nowoczesnym stylu charakteryzuj\u0105cy si\u0119 funkcjonalnym rozmieszczeniem pomieszcze\u0144, kt\u00f3re zosta\u0142y zaprojektowane z my\u015bl\u0105 o rodzinie i pracy z domu. Dom dla os\u00f3b ceni\u0105cych sobie wysublimowany styl i produkt najwy\u017cszej jako\u015bci, z jedn\u0105 master \u0142azienk\u0105 a przy tym w rozs\u0105dnym bud\u017cecie, z\u0142oty \u015brodek. Dodatkowy gabinet i \u0142azienka dla go\u015bci sprawia, \u017ce funkcjonalno\u015b\u0107 tego projektu jeszcze bardziej wzrasta dzi\u0119ki czemu staje si\u0119 on doskona\u0142ym wyborem dla poszukuj\u0105cych idealnego kompromisu mi\u0119dzy funkcjonalno\u015bci\u0105, a cen\u0105.\" \/>\n<meta property=\"og:url\" content=\"https:\/\/howsmart.pl\/sv\/produkt\/spruce-smart-112\/\" \/>\n<meta property=\"og:site_name\" content=\"HowSmart\u00ae - Tw\u00f3j sprytny spos\u00f3b na budow\u0119 nowoczesnego domu. Wybierz sw\u00f3j projekt i zostaw reszt\u0119 nam.\" \/>\n<meta property=\"article:publisher\" content=\"https:\/\/www.facebook.com\/HowSmart.official\/?modal=admin_todo_tour\" \/>\n<meta property=\"article:modified_time\" content=\"2026-05-12T19:27:18+00:00\" \/>\n<meta property=\"og:image\" content=\"https:\/\/howsmart.pl\/wp-content\/uploads\/2025\/01\/W1-8-1024x576.png\" \/>\n\t<meta property=\"og:image:width\" content=\"1024\" \/>\n\t<meta property=\"og:image:height\" content=\"576\" \/>\n\t<meta property=\"og:image:type\" content=\"image\/png\" \/>\n<meta name=\"twitter:card\" content=\"summary_large_image\" \/>\n<meta name=\"twitter:label1\" content=\"Ber\u00e4knad l\u00e4stid\" \/>\n\t<meta name=\"twitter:data1\" content=\"1 minut\" \/>\n<script type=\"application\/ld+json\" class=\"yoast-schema-graph\">{\"@context\":\"https:\/\/schema.org\",\"@graph\":[{\"@type\":\"WebPage\",\"@id\":\"https:\/\/howsmart.pl\/produkt\/spruce-smart-112\/\",\"url\":\"https:\/\/howsmart.pl\/produkt\/spruce-smart-112\/\",\"name\":\"Spruce Smart 112 - HowSmart\u00ae - Tw\u00f3j sprytny spos\u00f3b na budow\u0119 nowoczesnego domu. Wybierz sw\u00f3j projekt i zostaw reszt\u0119 nam.\",\"isPartOf\":{\"@id\":\"https:\/\/howsmart.pl\/#website\"},\"primaryImageOfPage\":{\"@id\":\"https:\/\/howsmart.pl\/produkt\/spruce-smart-112\/#primaryimage\"},\"image\":{\"@id\":\"https:\/\/howsmart.pl\/produkt\/spruce-smart-112\/#primaryimage\"},\"thumbnailUrl\":\"https:\/\/howsmart.pl\/wp-content\/uploads\/2025\/01\/W1-8.png\",\"datePublished\":\"2025-01-16T15:18:21+00:00\",\"dateModified\":\"2026-05-12T19:27:18+00:00\",\"breadcrumb\":{\"@id\":\"https:\/\/howsmart.pl\/produkt\/spruce-smart-112\/#breadcrumb\"},\"inLanguage\":\"sv-SE\",\"potentialAction\":[{\"@type\":\"ReadAction\",\"target\":[\"https:\/\/howsmart.pl\/produkt\/spruce-smart-112\/\"]}]},{\"@type\":\"ImageObject\",\"inLanguage\":\"sv-SE\",\"@id\":\"https:\/\/howsmart.pl\/produkt\/spruce-smart-112\/#primaryimage\",\"url\":\"https:\/\/howsmart.pl\/wp-content\/uploads\/2025\/01\/W1-8.png\",\"contentUrl\":\"https:\/\/howsmart.pl\/wp-content\/uploads\/2025\/01\/W1-8.png\",\"width\":1672,\"height\":941},{\"@type\":\"BreadcrumbList\",\"@id\":\"https:\/\/howsmart.pl\/produkt\/spruce-smart-112\/#breadcrumb\",\"itemListElement\":[{\"@type\":\"ListItem\",\"position\":1,\"name\":\"Strona g\u0142\u00f3wna\",\"item\":\"https:\/\/howsmart.pl\/\"},{\"@type\":\"ListItem\",\"position\":2,\"name\":\"Projekty\",\"item\":\"https:\/\/howsmart.pl\/projekty\/\"},{\"@type\":\"ListItem\",\"position\":3,\"name\":\"Spruce Smart 112\"}]},{\"@type\":\"WebSite\",\"@id\":\"https:\/\/howsmart.pl\/#website\",\"url\":\"https:\/\/howsmart.pl\/\",\"name\":\"HowSmart\u00ae\",\"description\":\"Sprytne domy dla Ciebie\",\"publisher\":{\"@id\":\"https:\/\/howsmart.pl\/#organization\"},\"potentialAction\":[{\"@type\":\"SearchAction\",\"target\":{\"@type\":\"EntryPoint\",\"urlTemplate\":\"https:\/\/howsmart.pl\/?s={search_term_string}\"},\"query-input\":{\"@type\":\"PropertyValueSpecification\",\"valueRequired\":true,\"valueName\":\"search_term_string\"}}],\"inLanguage\":\"sv-SE\"},{\"@type\":\"Organization\",\"@id\":\"https:\/\/howsmart.pl\/#organization\",\"name\":\"HowSmart\u00ae\",\"url\":\"https:\/\/howsmart.pl\/\",\"logo\":{\"@type\":\"ImageObject\",\"inLanguage\":\"sv-SE\",\"@id\":\"https:\/\/howsmart.pl\/#\/schema\/logo\/image\/\",\"url\":\"https:\/\/howsmart.pl\/wp-content\/uploads\/2026\/03\/HS.png\",\"contentUrl\":\"https:\/\/howsmart.pl\/wp-content\/uploads\/2026\/03\/HS.png\",\"width\":673,\"height\":673,\"caption\":\"HowSmart\u00ae\"},\"image\":{\"@id\":\"https:\/\/howsmart.pl\/#\/schema\/logo\/image\/\"},\"sameAs\":[\"https:\/\/www.facebook.com\/HowSmart.official\/?modal=admin_todo_tour\",\"https:\/\/www.instagram.com\/howsmart_domy35m2\/?hl=pl\"]}]}<\/script>\n<!-- \/ Yoast SEO plugin. -->","yoast_head_json":{"title":"Spruce Smart 112 - HowSmart\u00ae - Tw\u00f3j sprytny spos\u00f3b na budow\u0119 nowoczesnego domu. Wybierz sw\u00f3j projekt i zostaw reszt\u0119 nam.","robots":{"index":"index","follow":"follow","max-snippet":"max-snippet:-1","max-image-preview":"max-image-preview:large","max-video-preview":"max-video-preview:-1"},"canonical":"https:\/\/howsmart.pl\/sv\/produkt\/spruce-smart-112\/","og_locale":"sv_SE","og_type":"article","og_title":"Spruce Smart 112 - HowSmart\u00ae - Tw\u00f3j sprytny spos\u00f3b na budow\u0119 nowoczesnego domu. Wybierz sw\u00f3j projekt i zostaw reszt\u0119 nam.","og_description":"To dom w nowoczesnym stylu charakteryzuj\u0105cy si\u0119 funkcjonalnym rozmieszczeniem pomieszcze\u0144, kt\u00f3re zosta\u0142y zaprojektowane z my\u015bl\u0105 o rodzinie i pracy z domu. Dom dla os\u00f3b ceni\u0105cych sobie wysublimowany styl i produkt najwy\u017cszej jako\u015bci, z jedn\u0105 master \u0142azienk\u0105 a przy tym w rozs\u0105dnym bud\u017cecie, z\u0142oty \u015brodek. Dodatkowy gabinet i \u0142azienka dla go\u015bci sprawia, \u017ce funkcjonalno\u015b\u0107 tego projektu jeszcze bardziej wzrasta dzi\u0119ki czemu staje si\u0119 on doskona\u0142ym wyborem dla poszukuj\u0105cych idealnego kompromisu mi\u0119dzy funkcjonalno\u015bci\u0105, a cen\u0105.","og_url":"https:\/\/howsmart.pl\/sv\/produkt\/spruce-smart-112\/","og_site_name":"HowSmart\u00ae - Tw\u00f3j sprytny spos\u00f3b na budow\u0119 nowoczesnego domu. Wybierz sw\u00f3j projekt i zostaw reszt\u0119 nam.","article_publisher":"https:\/\/www.facebook.com\/HowSmart.official\/?modal=admin_todo_tour","article_modified_time":"2026-05-12T19:27:18+00:00","og_image":[{"width":1024,"height":576,"url":"https:\/\/howsmart.pl\/wp-content\/uploads\/2025\/01\/W1-8-1024x576.png","type":"image\/png"}],"twitter_card":"summary_large_image","twitter_misc":{"Ber\u00e4knad l\u00e4stid":"1 minut"},"schema":{"@context":"https:\/\/schema.org","@graph":[{"@type":"WebPage","@id":"https:\/\/howsmart.pl\/produkt\/spruce-smart-112\/","url":"https:\/\/howsmart.pl\/produkt\/spruce-smart-112\/","name":"Spruce Smart 112 - HowSmart\u00ae - Tw\u00f3j sprytny spos\u00f3b na budow\u0119 nowoczesnego domu. Wybierz sw\u00f3j projekt i zostaw reszt\u0119 nam.","isPartOf":{"@id":"https:\/\/howsmart.pl\/#website"},"primaryImageOfPage":{"@id":"https:\/\/howsmart.pl\/produkt\/spruce-smart-112\/#primaryimage"},"image":{"@id":"https:\/\/howsmart.pl\/produkt\/spruce-smart-112\/#primaryimage"},"thumbnailUrl":"https:\/\/howsmart.pl\/wp-content\/uploads\/2025\/01\/W1-8.png","datePublished":"2025-01-16T15:18:21+00:00","dateModified":"2026-05-12T19:27:18+00:00","breadcrumb":{"@id":"https:\/\/howsmart.pl\/produkt\/spruce-smart-112\/#breadcrumb"},"inLanguage":"sv-SE","potentialAction":[{"@type":"ReadAction","target":["https:\/\/howsmart.pl\/produkt\/spruce-smart-112\/"]}]},{"@type":"ImageObject","inLanguage":"sv-SE","@id":"https:\/\/howsmart.pl\/produkt\/spruce-smart-112\/#primaryimage","url":"https:\/\/howsmart.pl\/wp-content\/uploads\/2025\/01\/W1-8.png","contentUrl":"https:\/\/howsmart.pl\/wp-content\/uploads\/2025\/01\/W1-8.png","width":1672,"height":941},{"@type":"BreadcrumbList","@id":"https:\/\/howsmart.pl\/produkt\/spruce-smart-112\/#breadcrumb","itemListElement":[{"@type":"ListItem","position":1,"name":"Strona g\u0142\u00f3wna","item":"https:\/\/howsmart.pl\/"},{"@type":"ListItem","position":2,"name":"Projekty","item":"https:\/\/howsmart.pl\/projekty\/"},{"@type":"ListItem","position":3,"name":"Spruce Smart 112"}]},{"@type":"WebSite","@id":"https:\/\/howsmart.pl\/#website","url":"https:\/\/howsmart.pl\/","name":"HowSmart\u00ae","description":"Sprytne domy dla Ciebie","publisher":{"@id":"https:\/\/howsmart.pl\/#organization"},"potentialAction":[{"@type":"SearchAction","target":{"@type":"EntryPoint","urlTemplate":"https:\/\/howsmart.pl\/?s={search_term_string}"},"query-input":{"@type":"PropertyValueSpecification","valueRequired":true,"valueName":"search_term_string"}}],"inLanguage":"sv-SE"},{"@type":"Organization","@id":"https:\/\/howsmart.pl\/#organization","name":"HowSmart\u00ae","url":"https:\/\/howsmart.pl\/","logo":{"@type":"ImageObject","inLanguage":"sv-SE","@id":"https:\/\/howsmart.pl\/#\/schema\/logo\/image\/","url":"https:\/\/howsmart.pl\/wp-content\/uploads\/2026\/03\/HS.png","contentUrl":"https:\/\/howsmart.pl\/wp-content\/uploads\/2026\/03\/HS.png","width":673,"height":673,"caption":"HowSmart\u00ae"},"image":{"@id":"https:\/\/howsmart.pl\/#\/schema\/logo\/image\/"},"sameAs":["https:\/\/www.facebook.com\/HowSmart.official\/?modal=admin_todo_tour","https:\/\/www.instagram.com\/howsmart_domy35m2\/?hl=pl"]}]}},"_links":{"self":[{"href":"https:\/\/howsmart.pl\/sv\/wp-json\/wp\/v2\/product\/7311","targetHints":{"allow":["GET"]}}],"collection":[{"href":"https:\/\/howsmart.pl\/sv\/wp-json\/wp\/v2\/product"}],"about":[{"href":"https:\/\/howsmart.pl\/sv\/wp-json\/wp\/v2\/types\/product"}],"replies":[{"embeddable":true,"href":"https:\/\/howsmart.pl\/sv\/wp-json\/wp\/v2\/comments?post=7311"}],"wp:featuredmedia":[{"embeddable":true,"href":"https:\/\/howsmart.pl\/sv\/wp-json\/wp\/v2\/media\/11405"}],"wp:attachment":[{"href":"https:\/\/howsmart.pl\/sv\/wp-json\/wp\/v2\/media?parent=7311"}],"wp:term":[{"taxonomy":"product_cat","embeddable":true,"href":"https:\/\/howsmart.pl\/sv\/wp-json\/wp\/v2\/product_cat?post=7311"},{"taxonomy":"product_tag","embeddable":true,"href":"https:\/\/howsmart.pl\/sv\/wp-json\/wp\/v2\/product_tag?post=7311"}],"curies":[{"name":"wp","href":"https:\/\/api.w.org\/{rel}","templated":true}]}}