{"id":7304,"date":"2025-01-16T16:18:20","date_gmt":"2025-01-16T15:18:20","guid":{"rendered":"https:\/\/hosting2347530.online.pro\/autoinstalator\/wordpress5\/?post_type=product&#038;p=7304"},"modified":"2026-03-14T22:21:54","modified_gmt":"2026-03-14T21:21:54","slug":"double-family-smart-140","status":"publish","type":"product","link":"https:\/\/howsmart.pl\/sk\/produkt\/double-family-smart-140\/","title":{"rendered":"Dvojl\u00f4\u017ekov\u00e1 rodina Smart 140"},"content":{"rendered":"<p>Ide o dvojdom v modernom \u0161t\u00fdle, ktor\u00fd sa vyzna\u010duje funk\u010dn\u00fdm usporiadan\u00edm izieb, ktor\u00e9 boli navrhnut\u00e9 s oh\u013eadom na rodinu a pr\u00e1cu z domu. Dom pre t\u00fdch, ktor\u00ed ocenia vzne\u0161en\u00fd \u0161t\u00fdl a produkt najvy\u0161\u0161ej kvality, ale v r\u00e1mci rozumn\u00e9ho rozpo\u010dtu, zlat\u00e1 stredn\u00e1 cesta.<\/p>","protected":false},"excerpt":{"rendered":"<p>Double Family Smart 120 je dvojdom pre klientov, ktor\u00ed ocenia modern\u00fd \u0161t\u00fdl v kombin\u00e1cii s pohodl\u00edm dvojdomu. Ide\u00e1lny pre \u013eud\u00ed, ktor\u00ed si cenia tr\u00e1venie \u010dasu s priate\u013emi a rodinou, a z\u00e1rove\u0148 zauj\u00edmav\u00fd sp\u00f4sob financovania invest\u00edcie sp\u00f4sobuje, \u017ee tento typ stavby na\u0161i klienti \u010dasto zva\u017euj\u00fa. To, \u010d\u00edm Double Family Smart 120 vynik\u00e1, je fukn\u010dn\u00e9 rozmiestnenie izieb zabezpe\u010duj\u00face komfort b\u00fdvania pre \u010dlenov dom\u00e1cnosti, pracov\u0148a \u010falej zvy\u0161uje funk\u010dnos\u0165 tohto domu, v\u010faka \u010domu je tak ob\u013e\u00faben\u00e1 pr\u00e1ca z domu pote\u0161en\u00edm, preto\u017ee sa d\u00e1 vykon\u00e1va\u0165 z vyhradenej miestnosti, umiestnenie dvoch k\u00fape\u013en\u00ed bolo premyslen\u00e9 tak, aby sa hostia aj \u010dlenovia dom\u00e1cnosti c\u00edtili pohodlne. Gar\u00e1\u017e a technick\u00e1 miestnos\u0165 rie\u0161ia mnoh\u00e9 probl\u00e9my s umiestnen\u00edm zariaden\u00ed, ako je tepeln\u00e9 \u010derpadlo alebo rekuper\u00e1cia. Pou\u017eitie \u0161it\u00fdch plechov na \u010dasti plochy fas\u00e1dy dod\u00e1va stavbe modern\u00fd n\u00e1dych.<\/p>","protected":false},"featured_media":10449,"comment_status":"open","ping_status":"closed","template":"","meta":{"_acf_changed":false},"product_cat":[57,49,52],"product_tag":[],"class_list":{"0":"post-7304","1":"product","2":"type-product","3":"status-publish","4":"has-post-thumbnail","6":"product_cat-blizniaki-2","7":"product_cat-do-180-m2","8":"product_cat-z-pietrem","10":"first","11":"instock","12":"shipping-taxable","13":"purchasable","14":"product-type-simple"},"acf":[],"yoast_head":"<!-- This site is optimized with the Yoast SEO plugin v27.2 - https:\/\/yoast.com\/product\/yoast-seo-wordpress\/ -->\n<title>Double Family Smart 140 - HowSmart\u00ae - Tw\u00f3j sprytny spos\u00f3b na budow\u0119 nowoczesnego domu. Wybierz sw\u00f3j projekt i zostaw reszt\u0119 nam.<\/title>\n<meta name=\"robots\" content=\"index, follow, max-snippet:-1, max-image-preview:large, max-video-preview:-1\" \/>\n<link rel=\"canonical\" href=\"https:\/\/howsmart.pl\/sk\/produkt\/double-family-smart-140\/\" \/>\n<meta property=\"og:locale\" content=\"sk_SK\" \/>\n<meta property=\"og:type\" content=\"article\" \/>\n<meta property=\"og:title\" content=\"Double Family Smart 140 - HowSmart\u00ae - Tw\u00f3j sprytny spos\u00f3b na budow\u0119 nowoczesnego domu. Wybierz sw\u00f3j projekt i zostaw reszt\u0119 nam.\" \/>\n<meta property=\"og:description\" content=\"Double Family Smart 120 to dom bli\u017aniak dla Klient\u00f3w ceni\u0105cych sobie nowoczesny styl po\u0142\u0105czony z wygod\u0105 jak\u0105 daje dom w zabudowie bli\u017aniaczej. Idealny dla os\u00f3b ceni\u0105cych sp\u0119dzanie czasu w gronie przyjaci\u00f3\u0142 i rodziny, a przy tym interesuj\u0105cy spos\u00f3b mo\u017cliwo\u015bci sfinansowania inwestycji powoduje, \u017ce tego typu budynki s\u0105 cz\u0119sto rozwa\u017cane przez naszych klient\u00f3w. To co wyr\u00f3\u017cnia Double Family Smart 120 to jego fukcjonalny uk\u0142ad pomieszcze\u0144 zapewniaj\u0105cy komfort \u017cycia domownikom, gabinet dodatkowo zwi\u0119ksza funkcjonalno\u015b\u0107 tego domu powoduj\u0105c, \u017ce tak popularna praca z domu staje si\u0119 przyjemno\u015bci\u0105 gdy\u017c mo\u017ce by\u0107 wykonywana z dedykowanego do tego celu pomieszczenia, umieszczenie dw\u00f3ch \u0142azienek zosta\u0142o przemy\u015blane, tak aby zar\u00f3wno go\u015bcie jak i domownicy czuli si\u0119 komfortowo. Gara\u017c i pomieszczenie techniczne rozwi\u0105zuj\u0105 wiele wyzwa\u0144 zwi\u0105zanych z przetrzymywaniem takich urz\u0105dze\u0144 jak pompa ciep\u0142a, czy rekuperacja. Zastosowanie blachy na r\u0105bek na cz\u0119\u015bci powierzchni elewacji nadaje budynkowi nowoczesnego charakteru.\" \/>\n<meta property=\"og:url\" content=\"https:\/\/howsmart.pl\/sk\/produkt\/double-family-smart-140\/\" \/>\n<meta property=\"og:site_name\" content=\"HowSmart\u00ae - Tw\u00f3j sprytny spos\u00f3b na budow\u0119 nowoczesnego domu. Wybierz sw\u00f3j projekt i zostaw reszt\u0119 nam.\" \/>\n<meta property=\"article:publisher\" content=\"https:\/\/www.facebook.com\/HowSmart.official\/?modal=admin_todo_tour\" \/>\n<meta property=\"article:modified_time\" content=\"2026-03-14T21:21:54+00:00\" \/>\n<meta property=\"og:image\" content=\"https:\/\/howsmart.pl\/wp-content\/uploads\/2025\/01\/DOUBLE-FAMILY-SMART-140-W1-1024x576.png\" \/>\n\t<meta property=\"og:image:width\" content=\"1024\" \/>\n\t<meta property=\"og:image:height\" content=\"576\" \/>\n\t<meta property=\"og:image:type\" content=\"image\/png\" \/>\n<meta name=\"twitter:card\" content=\"summary_large_image\" \/>\n<meta name=\"twitter:label1\" content=\"Predpokladan\u00fd \u010das \u010d\u00edtania\" \/>\n\t<meta name=\"twitter:data1\" content=\"1 min\u00fata\" \/>\n<script type=\"application\/ld+json\" class=\"yoast-schema-graph\">{\"@context\":\"https:\/\/schema.org\",\"@graph\":[{\"@type\":\"WebPage\",\"@id\":\"https:\/\/howsmart.pl\/produkt\/double-family-smart-140\/\",\"url\":\"https:\/\/howsmart.pl\/produkt\/double-family-smart-140\/\",\"name\":\"Double Family Smart 140 - HowSmart\u00ae - Tw\u00f3j sprytny spos\u00f3b na budow\u0119 nowoczesnego domu. Wybierz sw\u00f3j projekt i zostaw reszt\u0119 nam.\",\"isPartOf\":{\"@id\":\"https:\/\/howsmart.pl\/#website\"},\"primaryImageOfPage\":{\"@id\":\"https:\/\/howsmart.pl\/produkt\/double-family-smart-140\/#primaryimage\"},\"image\":{\"@id\":\"https:\/\/howsmart.pl\/produkt\/double-family-smart-140\/#primaryimage\"},\"thumbnailUrl\":\"https:\/\/howsmart.pl\/wp-content\/uploads\/2025\/01\/DOUBLE-FAMILY-SMART-140-W1.png\",\"datePublished\":\"2025-01-16T15:18:20+00:00\",\"dateModified\":\"2026-03-14T21:21:54+00:00\",\"breadcrumb\":{\"@id\":\"https:\/\/howsmart.pl\/produkt\/double-family-smart-140\/#breadcrumb\"},\"inLanguage\":\"sk-SK\",\"potentialAction\":[{\"@type\":\"ReadAction\",\"target\":[\"https:\/\/howsmart.pl\/produkt\/double-family-smart-140\/\"]}]},{\"@type\":\"ImageObject\",\"inLanguage\":\"sk-SK\",\"@id\":\"https:\/\/howsmart.pl\/produkt\/double-family-smart-140\/#primaryimage\",\"url\":\"https:\/\/howsmart.pl\/wp-content\/uploads\/2025\/01\/DOUBLE-FAMILY-SMART-140-W1.png\",\"contentUrl\":\"https:\/\/howsmart.pl\/wp-content\/uploads\/2025\/01\/DOUBLE-FAMILY-SMART-140-W1.png\",\"width\":1536,\"height\":864},{\"@type\":\"BreadcrumbList\",\"@id\":\"https:\/\/howsmart.pl\/produkt\/double-family-smart-140\/#breadcrumb\",\"itemListElement\":[{\"@type\":\"ListItem\",\"position\":1,\"name\":\"Strona g\u0142\u00f3wna\",\"item\":\"https:\/\/howsmart.pl\/\"},{\"@type\":\"ListItem\",\"position\":2,\"name\":\"Projekty\",\"item\":\"https:\/\/howsmart.pl\/projekty\/\"},{\"@type\":\"ListItem\",\"position\":3,\"name\":\"Double Family Smart 140\"}]},{\"@type\":\"WebSite\",\"@id\":\"https:\/\/howsmart.pl\/#website\",\"url\":\"https:\/\/howsmart.pl\/\",\"name\":\"HowSmart\u00ae\",\"description\":\"Sprytne domy dla Ciebie\",\"publisher\":{\"@id\":\"https:\/\/howsmart.pl\/#organization\"},\"potentialAction\":[{\"@type\":\"SearchAction\",\"target\":{\"@type\":\"EntryPoint\",\"urlTemplate\":\"https:\/\/howsmart.pl\/?s={search_term_string}\"},\"query-input\":{\"@type\":\"PropertyValueSpecification\",\"valueRequired\":true,\"valueName\":\"search_term_string\"}}],\"inLanguage\":\"sk-SK\"},{\"@type\":\"Organization\",\"@id\":\"https:\/\/howsmart.pl\/#organization\",\"name\":\"HowSmart\u00ae\",\"url\":\"https:\/\/howsmart.pl\/\",\"logo\":{\"@type\":\"ImageObject\",\"inLanguage\":\"sk-SK\",\"@id\":\"https:\/\/howsmart.pl\/#\/schema\/logo\/image\/\",\"url\":\"https:\/\/howsmart.pl\/wp-content\/uploads\/2026\/03\/HS.png\",\"contentUrl\":\"https:\/\/howsmart.pl\/wp-content\/uploads\/2026\/03\/HS.png\",\"width\":673,\"height\":673,\"caption\":\"HowSmart\u00ae\"},\"image\":{\"@id\":\"https:\/\/howsmart.pl\/#\/schema\/logo\/image\/\"},\"sameAs\":[\"https:\/\/www.facebook.com\/HowSmart.official\/?modal=admin_todo_tour\",\"https:\/\/www.instagram.com\/howsmart_domy35m2\/?hl=pl\"]}]}<\/script>\n<!-- \/ Yoast SEO plugin. -->","yoast_head_json":{"title":"Double Family Smart 140 - HowSmart\u00ae - Tw\u00f3j sprytny spos\u00f3b na budow\u0119 nowoczesnego domu. Wybierz sw\u00f3j projekt i zostaw reszt\u0119 nam.","robots":{"index":"index","follow":"follow","max-snippet":"max-snippet:-1","max-image-preview":"max-image-preview:large","max-video-preview":"max-video-preview:-1"},"canonical":"https:\/\/howsmart.pl\/sk\/produkt\/double-family-smart-140\/","og_locale":"sk_SK","og_type":"article","og_title":"Double Family Smart 140 - HowSmart\u00ae - Tw\u00f3j sprytny spos\u00f3b na budow\u0119 nowoczesnego domu. Wybierz sw\u00f3j projekt i zostaw reszt\u0119 nam.","og_description":"Double Family Smart 120 to dom bli\u017aniak dla Klient\u00f3w ceni\u0105cych sobie nowoczesny styl po\u0142\u0105czony z wygod\u0105 jak\u0105 daje dom w zabudowie bli\u017aniaczej. Idealny dla os\u00f3b ceni\u0105cych sp\u0119dzanie czasu w gronie przyjaci\u00f3\u0142 i rodziny, a przy tym interesuj\u0105cy spos\u00f3b mo\u017cliwo\u015bci sfinansowania inwestycji powoduje, \u017ce tego typu budynki s\u0105 cz\u0119sto rozwa\u017cane przez naszych klient\u00f3w. To co wyr\u00f3\u017cnia Double Family Smart 120 to jego fukcjonalny uk\u0142ad pomieszcze\u0144 zapewniaj\u0105cy komfort \u017cycia domownikom, gabinet dodatkowo zwi\u0119ksza funkcjonalno\u015b\u0107 tego domu powoduj\u0105c, \u017ce tak popularna praca z domu staje si\u0119 przyjemno\u015bci\u0105 gdy\u017c mo\u017ce by\u0107 wykonywana z dedykowanego do tego celu pomieszczenia, umieszczenie dw\u00f3ch \u0142azienek zosta\u0142o przemy\u015blane, tak aby zar\u00f3wno go\u015bcie jak i domownicy czuli si\u0119 komfortowo. Gara\u017c i pomieszczenie techniczne rozwi\u0105zuj\u0105 wiele wyzwa\u0144 zwi\u0105zanych z przetrzymywaniem takich urz\u0105dze\u0144 jak pompa ciep\u0142a, czy rekuperacja. Zastosowanie blachy na r\u0105bek na cz\u0119\u015bci powierzchni elewacji nadaje budynkowi nowoczesnego charakteru.","og_url":"https:\/\/howsmart.pl\/sk\/produkt\/double-family-smart-140\/","og_site_name":"HowSmart\u00ae - Tw\u00f3j sprytny spos\u00f3b na budow\u0119 nowoczesnego domu. Wybierz sw\u00f3j projekt i zostaw reszt\u0119 nam.","article_publisher":"https:\/\/www.facebook.com\/HowSmart.official\/?modal=admin_todo_tour","article_modified_time":"2026-03-14T21:21:54+00:00","og_image":[{"width":1024,"height":576,"url":"https:\/\/howsmart.pl\/wp-content\/uploads\/2025\/01\/DOUBLE-FAMILY-SMART-140-W1-1024x576.png","type":"image\/png"}],"twitter_card":"summary_large_image","twitter_misc":{"Predpokladan\u00fd \u010das \u010d\u00edtania":"1 min\u00fata"},"schema":{"@context":"https:\/\/schema.org","@graph":[{"@type":"WebPage","@id":"https:\/\/howsmart.pl\/produkt\/double-family-smart-140\/","url":"https:\/\/howsmart.pl\/produkt\/double-family-smart-140\/","name":"Double Family Smart 140 - HowSmart\u00ae - Tw\u00f3j sprytny spos\u00f3b na budow\u0119 nowoczesnego domu. Wybierz sw\u00f3j projekt i zostaw reszt\u0119 nam.","isPartOf":{"@id":"https:\/\/howsmart.pl\/#website"},"primaryImageOfPage":{"@id":"https:\/\/howsmart.pl\/produkt\/double-family-smart-140\/#primaryimage"},"image":{"@id":"https:\/\/howsmart.pl\/produkt\/double-family-smart-140\/#primaryimage"},"thumbnailUrl":"https:\/\/howsmart.pl\/wp-content\/uploads\/2025\/01\/DOUBLE-FAMILY-SMART-140-W1.png","datePublished":"2025-01-16T15:18:20+00:00","dateModified":"2026-03-14T21:21:54+00:00","breadcrumb":{"@id":"https:\/\/howsmart.pl\/produkt\/double-family-smart-140\/#breadcrumb"},"inLanguage":"sk-SK","potentialAction":[{"@type":"ReadAction","target":["https:\/\/howsmart.pl\/produkt\/double-family-smart-140\/"]}]},{"@type":"ImageObject","inLanguage":"sk-SK","@id":"https:\/\/howsmart.pl\/produkt\/double-family-smart-140\/#primaryimage","url":"https:\/\/howsmart.pl\/wp-content\/uploads\/2025\/01\/DOUBLE-FAMILY-SMART-140-W1.png","contentUrl":"https:\/\/howsmart.pl\/wp-content\/uploads\/2025\/01\/DOUBLE-FAMILY-SMART-140-W1.png","width":1536,"height":864},{"@type":"BreadcrumbList","@id":"https:\/\/howsmart.pl\/produkt\/double-family-smart-140\/#breadcrumb","itemListElement":[{"@type":"ListItem","position":1,"name":"Strona g\u0142\u00f3wna","item":"https:\/\/howsmart.pl\/"},{"@type":"ListItem","position":2,"name":"Projekty","item":"https:\/\/howsmart.pl\/projekty\/"},{"@type":"ListItem","position":3,"name":"Double Family Smart 140"}]},{"@type":"WebSite","@id":"https:\/\/howsmart.pl\/#website","url":"https:\/\/howsmart.pl\/","name":"HowSmart\u00ae","description":"Sprytne domy dla Ciebie","publisher":{"@id":"https:\/\/howsmart.pl\/#organization"},"potentialAction":[{"@type":"SearchAction","target":{"@type":"EntryPoint","urlTemplate":"https:\/\/howsmart.pl\/?s={search_term_string}"},"query-input":{"@type":"PropertyValueSpecification","valueRequired":true,"valueName":"search_term_string"}}],"inLanguage":"sk-SK"},{"@type":"Organization","@id":"https:\/\/howsmart.pl\/#organization","name":"HowSmart\u00ae","url":"https:\/\/howsmart.pl\/","logo":{"@type":"ImageObject","inLanguage":"sk-SK","@id":"https:\/\/howsmart.pl\/#\/schema\/logo\/image\/","url":"https:\/\/howsmart.pl\/wp-content\/uploads\/2026\/03\/HS.png","contentUrl":"https:\/\/howsmart.pl\/wp-content\/uploads\/2026\/03\/HS.png","width":673,"height":673,"caption":"HowSmart\u00ae"},"image":{"@id":"https:\/\/howsmart.pl\/#\/schema\/logo\/image\/"},"sameAs":["https:\/\/www.facebook.com\/HowSmart.official\/?modal=admin_todo_tour","https:\/\/www.instagram.com\/howsmart_domy35m2\/?hl=pl"]}]}},"_links":{"self":[{"href":"https:\/\/howsmart.pl\/sk\/wp-json\/wp\/v2\/product\/7304","targetHints":{"allow":["GET"]}}],"collection":[{"href":"https:\/\/howsmart.pl\/sk\/wp-json\/wp\/v2\/product"}],"about":[{"href":"https:\/\/howsmart.pl\/sk\/wp-json\/wp\/v2\/types\/product"}],"replies":[{"embeddable":true,"href":"https:\/\/howsmart.pl\/sk\/wp-json\/wp\/v2\/comments?post=7304"}],"wp:featuredmedia":[{"embeddable":true,"href":"https:\/\/howsmart.pl\/sk\/wp-json\/wp\/v2\/media\/10449"}],"wp:attachment":[{"href":"https:\/\/howsmart.pl\/sk\/wp-json\/wp\/v2\/media?parent=7304"}],"wp:term":[{"taxonomy":"product_cat","embeddable":true,"href":"https:\/\/howsmart.pl\/sk\/wp-json\/wp\/v2\/product_cat?post=7304"},{"taxonomy":"product_tag","embeddable":true,"href":"https:\/\/howsmart.pl\/sk\/wp-json\/wp\/v2\/product_tag?post=7304"}],"curies":[{"name":"wp","href":"https:\/\/api.w.org\/{rel}","templated":true}]}}