{"id":7303,"date":"2025-01-16T16:18:20","date_gmt":"2025-01-16T15:18:20","guid":{"rendered":"https:\/\/hosting2347530.online.pro\/autoinstalator\/wordpress5\/?post_type=product&#038;p=7303"},"modified":"2026-03-14T22:35:37","modified_gmt":"2026-03-14T21:35:37","slug":"functional-smart-110","status":"publish","type":"product","link":"https:\/\/howsmart.pl\/ro\/produs\/functional-smart-110\/","title":{"rendered":"Smart func\u021bional 110"},"content":{"rendered":"<p>Aceasta este o cas\u0103 \u00een stil modern, caracterizat\u0103 printr-o dispunere func\u021bional\u0103 a camerelor, care au fost proiectate cu g\u00e2ndul la familie \u0219i la munca de acas\u0103. O cas\u0103 pentru cei care apreciaz\u0103 stilul sublim \u0219i un produs de cea mai \u00eenalt\u0103 calitate, dar care se \u00eencadreaz\u0103 \u00eentr-un buget rezonabil, media de aur.<\/p>","protected":false},"excerpt":{"rendered":"<p>Functional Smart 110 este o locuin\u021b\u0103 pentru clien\u021bii care apreciaz\u0103 stilul modern combinat cu confortul unei case cu un singur etaj. Ideal\u0103 pentru persoanele care apreciaz\u0103 petrecerea timpului cu prietenii \u0219i familia. Ceea ce distinge Functional Smart 110 este dispunerea fucn\u021bional\u0103 a camerelor, asigur\u00e2nd confortul vie\u021bii pentru membrii gospod\u0103riei, un birou spore\u0219te \u0219i mai mult func\u021bionalitatea acestei case, f\u0103c\u00e2nd ca munca de acas\u0103, at\u00e2t de popular\u0103, s\u0103 fie o pl\u0103cere, deoarece se poate face dintr-o camer\u0103 dedicat\u0103, amplasarea a dou\u0103 b\u0103i a fost g\u00e2ndit\u0103 astfel \u00eenc\u00e2t at\u00e2t oaspe\u021bii, c\u00e2t \u0219i membrii gospod\u0103riei s\u0103 se simt\u0103 confortabil. Utilizarea pl\u0103cilor metalice \u00eembinate pe o parte din zona fa\u021badei confer\u0103 cl\u0103dirii un aspect modern.<\/p>","protected":false},"featured_media":10464,"comment_status":"open","ping_status":"closed","template":"","meta":{"_acf_changed":false},"product_cat":[47,24],"product_tag":[],"class_list":{"0":"post-7303","1":"product","2":"type-product","3":"status-publish","4":"has-post-thumbnail","6":"product_cat-do-120-m2","7":"product_cat-parterowe","9":"first","10":"instock","11":"shipping-taxable","12":"purchasable","13":"product-type-simple"},"acf":[],"yoast_head":"<!-- This site is optimized with the Yoast SEO plugin v27.2 - https:\/\/yoast.com\/product\/yoast-seo-wordpress\/ -->\n<title>Functional Smart 110 - HowSmart\u00ae - Tw\u00f3j sprytny spos\u00f3b na budow\u0119 nowoczesnego domu. Wybierz sw\u00f3j projekt i zostaw reszt\u0119 nam.<\/title>\n<meta name=\"robots\" content=\"index, follow, max-snippet:-1, max-image-preview:large, max-video-preview:-1\" \/>\n<link rel=\"canonical\" href=\"https:\/\/howsmart.pl\/ro\/produs\/functional-smart-110\/\" \/>\n<meta property=\"og:locale\" content=\"ro_RO\" \/>\n<meta property=\"og:type\" content=\"article\" \/>\n<meta property=\"og:title\" content=\"Functional Smart 110 - HowSmart\u00ae - Tw\u00f3j sprytny spos\u00f3b na budow\u0119 nowoczesnego domu. Wybierz sw\u00f3j projekt i zostaw reszt\u0119 nam.\" \/>\n<meta property=\"og:description\" content=\"Functional Smart 110 to dom dla Klient\u00f3w ceni\u0105cych sobie nowoczesny styl po\u0142\u0105czony z wygod\u0105 jak\u0105 daje dom parterowy. Idealny dla os\u00f3b ceni\u0105cych sp\u0119dzanie czasu w gronie przyjaci\u00f3\u0142 i rodziny. To co wyr\u00f3\u017cnia Functional Smart 110 to jego fukcjonalny uk\u0142ad pomieszcze\u0144 zapewniaj\u0105cy komfort \u017cycia domownikom, gabinet dodatkowo zwi\u0119ksza funkcjonalno\u015b\u0107 tego domu powoduj\u0105c, \u017ce tak popularna praca z domu staje si\u0119 przyjemno\u015bci\u0105 gdy\u017c mo\u017ce by\u0107 wykonywana z dedykowanego do tego celu pomieszczenia, umieszczenie dw\u00f3ch \u0142azienek zosta\u0142o przemy\u015blane, tak aby zar\u00f3wno go\u015bcie jak i domownicy czuli si\u0119 komfortowo. Zastosowanie blachy na r\u0105bek na cz\u0119\u015bci powierzchni elewacji nadaje budynkowi nowoczesnego charakteru.\" \/>\n<meta property=\"og:url\" content=\"https:\/\/howsmart.pl\/ro\/produs\/functional-smart-110\/\" \/>\n<meta property=\"og:site_name\" content=\"HowSmart\u00ae - Tw\u00f3j sprytny spos\u00f3b na budow\u0119 nowoczesnego domu. Wybierz sw\u00f3j projekt i zostaw reszt\u0119 nam.\" \/>\n<meta property=\"article:publisher\" content=\"https:\/\/www.facebook.com\/HowSmart.official\/?modal=admin_todo_tour\" \/>\n<meta property=\"article:modified_time\" content=\"2026-03-14T21:35:37+00:00\" \/>\n<meta property=\"og:image\" content=\"https:\/\/howsmart.pl\/wp-content\/uploads\/2025\/01\/FUNCTIONAL-SMART-110-W4-1024x576.png\" \/>\n\t<meta property=\"og:image:width\" content=\"1024\" \/>\n\t<meta property=\"og:image:height\" content=\"576\" \/>\n\t<meta property=\"og:image:type\" content=\"image\/png\" \/>\n<meta name=\"twitter:card\" content=\"summary_large_image\" \/>\n<meta name=\"twitter:label1\" content=\"Timp estimat pentru citire\" \/>\n\t<meta name=\"twitter:data1\" content=\"1 minut\" \/>\n<script type=\"application\/ld+json\" class=\"yoast-schema-graph\">{\"@context\":\"https:\/\/schema.org\",\"@graph\":[{\"@type\":\"WebPage\",\"@id\":\"https:\/\/howsmart.pl\/produkt\/functional-smart-110\/\",\"url\":\"https:\/\/howsmart.pl\/produkt\/functional-smart-110\/\",\"name\":\"Functional Smart 110 - HowSmart\u00ae - Tw\u00f3j sprytny spos\u00f3b na budow\u0119 nowoczesnego domu. Wybierz sw\u00f3j projekt i zostaw reszt\u0119 nam.\",\"isPartOf\":{\"@id\":\"https:\/\/howsmart.pl\/#website\"},\"primaryImageOfPage\":{\"@id\":\"https:\/\/howsmart.pl\/produkt\/functional-smart-110\/#primaryimage\"},\"image\":{\"@id\":\"https:\/\/howsmart.pl\/produkt\/functional-smart-110\/#primaryimage\"},\"thumbnailUrl\":\"https:\/\/howsmart.pl\/wp-content\/uploads\/2025\/01\/FUNCTIONAL-SMART-110-W4.png\",\"datePublished\":\"2025-01-16T15:18:20+00:00\",\"dateModified\":\"2026-03-14T21:35:37+00:00\",\"breadcrumb\":{\"@id\":\"https:\/\/howsmart.pl\/produkt\/functional-smart-110\/#breadcrumb\"},\"inLanguage\":\"ro-RO\",\"potentialAction\":[{\"@type\":\"ReadAction\",\"target\":[\"https:\/\/howsmart.pl\/produkt\/functional-smart-110\/\"]}]},{\"@type\":\"ImageObject\",\"inLanguage\":\"ro-RO\",\"@id\":\"https:\/\/howsmart.pl\/produkt\/functional-smart-110\/#primaryimage\",\"url\":\"https:\/\/howsmart.pl\/wp-content\/uploads\/2025\/01\/FUNCTIONAL-SMART-110-W4.png\",\"contentUrl\":\"https:\/\/howsmart.pl\/wp-content\/uploads\/2025\/01\/FUNCTIONAL-SMART-110-W4.png\",\"width\":1536,\"height\":864},{\"@type\":\"BreadcrumbList\",\"@id\":\"https:\/\/howsmart.pl\/produkt\/functional-smart-110\/#breadcrumb\",\"itemListElement\":[{\"@type\":\"ListItem\",\"position\":1,\"name\":\"Strona g\u0142\u00f3wna\",\"item\":\"https:\/\/howsmart.pl\/\"},{\"@type\":\"ListItem\",\"position\":2,\"name\":\"Projekty\",\"item\":\"https:\/\/howsmart.pl\/projekty\/\"},{\"@type\":\"ListItem\",\"position\":3,\"name\":\"Functional Smart 110\"}]},{\"@type\":\"WebSite\",\"@id\":\"https:\/\/howsmart.pl\/#website\",\"url\":\"https:\/\/howsmart.pl\/\",\"name\":\"HowSmart\u00ae\",\"description\":\"Sprytne domy dla Ciebie\",\"publisher\":{\"@id\":\"https:\/\/howsmart.pl\/#organization\"},\"potentialAction\":[{\"@type\":\"SearchAction\",\"target\":{\"@type\":\"EntryPoint\",\"urlTemplate\":\"https:\/\/howsmart.pl\/?s={search_term_string}\"},\"query-input\":{\"@type\":\"PropertyValueSpecification\",\"valueRequired\":true,\"valueName\":\"search_term_string\"}}],\"inLanguage\":\"ro-RO\"},{\"@type\":\"Organization\",\"@id\":\"https:\/\/howsmart.pl\/#organization\",\"name\":\"HowSmart\u00ae\",\"url\":\"https:\/\/howsmart.pl\/\",\"logo\":{\"@type\":\"ImageObject\",\"inLanguage\":\"ro-RO\",\"@id\":\"https:\/\/howsmart.pl\/#\/schema\/logo\/image\/\",\"url\":\"https:\/\/howsmart.pl\/wp-content\/uploads\/2026\/03\/HS.png\",\"contentUrl\":\"https:\/\/howsmart.pl\/wp-content\/uploads\/2026\/03\/HS.png\",\"width\":673,\"height\":673,\"caption\":\"HowSmart\u00ae\"},\"image\":{\"@id\":\"https:\/\/howsmart.pl\/#\/schema\/logo\/image\/\"},\"sameAs\":[\"https:\/\/www.facebook.com\/HowSmart.official\/?modal=admin_todo_tour\",\"https:\/\/www.instagram.com\/howsmart_domy35m2\/?hl=pl\"]}]}<\/script>\n<!-- \/ Yoast SEO plugin. -->","yoast_head_json":{"title":"Functional Smart 110 - HowSmart\u00ae - Tw\u00f3j sprytny spos\u00f3b na budow\u0119 nowoczesnego domu. Wybierz sw\u00f3j projekt i zostaw reszt\u0119 nam.","robots":{"index":"index","follow":"follow","max-snippet":"max-snippet:-1","max-image-preview":"max-image-preview:large","max-video-preview":"max-video-preview:-1"},"canonical":"https:\/\/howsmart.pl\/ro\/produs\/functional-smart-110\/","og_locale":"ro_RO","og_type":"article","og_title":"Functional Smart 110 - HowSmart\u00ae - Tw\u00f3j sprytny spos\u00f3b na budow\u0119 nowoczesnego domu. Wybierz sw\u00f3j projekt i zostaw reszt\u0119 nam.","og_description":"Functional Smart 110 to dom dla Klient\u00f3w ceni\u0105cych sobie nowoczesny styl po\u0142\u0105czony z wygod\u0105 jak\u0105 daje dom parterowy. Idealny dla os\u00f3b ceni\u0105cych sp\u0119dzanie czasu w gronie przyjaci\u00f3\u0142 i rodziny. To co wyr\u00f3\u017cnia Functional Smart 110 to jego fukcjonalny uk\u0142ad pomieszcze\u0144 zapewniaj\u0105cy komfort \u017cycia domownikom, gabinet dodatkowo zwi\u0119ksza funkcjonalno\u015b\u0107 tego domu powoduj\u0105c, \u017ce tak popularna praca z domu staje si\u0119 przyjemno\u015bci\u0105 gdy\u017c mo\u017ce by\u0107 wykonywana z dedykowanego do tego celu pomieszczenia, umieszczenie dw\u00f3ch \u0142azienek zosta\u0142o przemy\u015blane, tak aby zar\u00f3wno go\u015bcie jak i domownicy czuli si\u0119 komfortowo. Zastosowanie blachy na r\u0105bek na cz\u0119\u015bci powierzchni elewacji nadaje budynkowi nowoczesnego charakteru.","og_url":"https:\/\/howsmart.pl\/ro\/produs\/functional-smart-110\/","og_site_name":"HowSmart\u00ae - Tw\u00f3j sprytny spos\u00f3b na budow\u0119 nowoczesnego domu. Wybierz sw\u00f3j projekt i zostaw reszt\u0119 nam.","article_publisher":"https:\/\/www.facebook.com\/HowSmart.official\/?modal=admin_todo_tour","article_modified_time":"2026-03-14T21:35:37+00:00","og_image":[{"width":1024,"height":576,"url":"https:\/\/howsmart.pl\/wp-content\/uploads\/2025\/01\/FUNCTIONAL-SMART-110-W4-1024x576.png","type":"image\/png"}],"twitter_card":"summary_large_image","twitter_misc":{"Timp estimat pentru citire":"1 minut"},"schema":{"@context":"https:\/\/schema.org","@graph":[{"@type":"WebPage","@id":"https:\/\/howsmart.pl\/produkt\/functional-smart-110\/","url":"https:\/\/howsmart.pl\/produkt\/functional-smart-110\/","name":"Functional Smart 110 - HowSmart\u00ae - Tw\u00f3j sprytny spos\u00f3b na budow\u0119 nowoczesnego domu. Wybierz sw\u00f3j projekt i zostaw reszt\u0119 nam.","isPartOf":{"@id":"https:\/\/howsmart.pl\/#website"},"primaryImageOfPage":{"@id":"https:\/\/howsmart.pl\/produkt\/functional-smart-110\/#primaryimage"},"image":{"@id":"https:\/\/howsmart.pl\/produkt\/functional-smart-110\/#primaryimage"},"thumbnailUrl":"https:\/\/howsmart.pl\/wp-content\/uploads\/2025\/01\/FUNCTIONAL-SMART-110-W4.png","datePublished":"2025-01-16T15:18:20+00:00","dateModified":"2026-03-14T21:35:37+00:00","breadcrumb":{"@id":"https:\/\/howsmart.pl\/produkt\/functional-smart-110\/#breadcrumb"},"inLanguage":"ro-RO","potentialAction":[{"@type":"ReadAction","target":["https:\/\/howsmart.pl\/produkt\/functional-smart-110\/"]}]},{"@type":"ImageObject","inLanguage":"ro-RO","@id":"https:\/\/howsmart.pl\/produkt\/functional-smart-110\/#primaryimage","url":"https:\/\/howsmart.pl\/wp-content\/uploads\/2025\/01\/FUNCTIONAL-SMART-110-W4.png","contentUrl":"https:\/\/howsmart.pl\/wp-content\/uploads\/2025\/01\/FUNCTIONAL-SMART-110-W4.png","width":1536,"height":864},{"@type":"BreadcrumbList","@id":"https:\/\/howsmart.pl\/produkt\/functional-smart-110\/#breadcrumb","itemListElement":[{"@type":"ListItem","position":1,"name":"Strona g\u0142\u00f3wna","item":"https:\/\/howsmart.pl\/"},{"@type":"ListItem","position":2,"name":"Projekty","item":"https:\/\/howsmart.pl\/projekty\/"},{"@type":"ListItem","position":3,"name":"Functional Smart 110"}]},{"@type":"WebSite","@id":"https:\/\/howsmart.pl\/#website","url":"https:\/\/howsmart.pl\/","name":"HowSmart\u00ae","description":"Sprytne domy dla Ciebie","publisher":{"@id":"https:\/\/howsmart.pl\/#organization"},"potentialAction":[{"@type":"SearchAction","target":{"@type":"EntryPoint","urlTemplate":"https:\/\/howsmart.pl\/?s={search_term_string}"},"query-input":{"@type":"PropertyValueSpecification","valueRequired":true,"valueName":"search_term_string"}}],"inLanguage":"ro-RO"},{"@type":"Organization","@id":"https:\/\/howsmart.pl\/#organization","name":"HowSmart\u00ae","url":"https:\/\/howsmart.pl\/","logo":{"@type":"ImageObject","inLanguage":"ro-RO","@id":"https:\/\/howsmart.pl\/#\/schema\/logo\/image\/","url":"https:\/\/howsmart.pl\/wp-content\/uploads\/2026\/03\/HS.png","contentUrl":"https:\/\/howsmart.pl\/wp-content\/uploads\/2026\/03\/HS.png","width":673,"height":673,"caption":"HowSmart\u00ae"},"image":{"@id":"https:\/\/howsmart.pl\/#\/schema\/logo\/image\/"},"sameAs":["https:\/\/www.facebook.com\/HowSmart.official\/?modal=admin_todo_tour","https:\/\/www.instagram.com\/howsmart_domy35m2\/?hl=pl"]}]}},"_links":{"self":[{"href":"https:\/\/howsmart.pl\/ro\/wp-json\/wp\/v2\/product\/7303","targetHints":{"allow":["GET"]}}],"collection":[{"href":"https:\/\/howsmart.pl\/ro\/wp-json\/wp\/v2\/product"}],"about":[{"href":"https:\/\/howsmart.pl\/ro\/wp-json\/wp\/v2\/types\/product"}],"replies":[{"embeddable":true,"href":"https:\/\/howsmart.pl\/ro\/wp-json\/wp\/v2\/comments?post=7303"}],"wp:featuredmedia":[{"embeddable":true,"href":"https:\/\/howsmart.pl\/ro\/wp-json\/wp\/v2\/media\/10464"}],"wp:attachment":[{"href":"https:\/\/howsmart.pl\/ro\/wp-json\/wp\/v2\/media?parent=7303"}],"wp:term":[{"taxonomy":"product_cat","embeddable":true,"href":"https:\/\/howsmart.pl\/ro\/wp-json\/wp\/v2\/product_cat?post=7303"},{"taxonomy":"product_tag","embeddable":true,"href":"https:\/\/howsmart.pl\/ro\/wp-json\/wp\/v2\/product_tag?post=7303"}],"curies":[{"name":"wp","href":"https:\/\/api.w.org\/{rel}","templated":true}]}}