{"id":7310,"date":"2025-01-16T16:18:21","date_gmt":"2025-01-16T15:18:21","guid":{"rendered":"https:\/\/hosting2347530.online.pro\/autoinstalator\/wordpress5\/?post_type=product&#038;p=7310"},"modified":"2026-05-12T21:30:59","modified_gmt":"2026-05-12T19:30:59","slug":"twin-smart-170","status":"publish","type":"product","link":"https:\/\/howsmart.pl\/lv\/products\/twin-smart-170\/","title":{"rendered":"Twin Smart 170"},"content":{"rendered":"<p>\u0160\u012b ir moderna stila dv\u012b\u0146u m\u0101ja, ko raksturo funkcion\u0101ls telpu pl\u0101nojums, kas veidots, dom\u0101jot par \u0123imeni un darbu no m\u0101j\u0101m. M\u0101ja tiem, kas nov\u0113rt\u0113 cildenu stilu un augst\u0101k\u0101s kvalit\u0101tes produktu, ta\u010du sapr\u0101t\u012bga bud\u017eeta robe\u017e\u0101s - zelta vidusce\u013c\u0161.<\/p>","protected":false},"excerpt":{"rendered":"<p>\u0160\u012b ir moderna stila dv\u012b\u0146u m\u0101ja, ko raksturo funkcion\u0101ls telpu pl\u0101nojums, kas veidots, dom\u0101jot par \u0123imeni un darbu no m\u0101j\u0101m. M\u0101ja tiem, kas nov\u0113rt\u0113 cildenu stilu un augst\u0101k\u0101s kvalit\u0101tes produktu, ta\u010du sapr\u0101t\u012bga bud\u017eeta robe\u017e\u0101s - zelta vidusce\u013c\u0161.<\/p>","protected":false},"featured_media":11419,"comment_status":"open","ping_status":"closed","template":"","meta":{"_acf_changed":false},"product_cat":[50,57,49,53,52],"product_tag":[],"class_list":{"0":"post-7310","1":"product","2":"type-product","3":"status-publish","4":"has-post-thumbnail","6":"product_cat-blizniaki","7":"product_cat-blizniaki-2","8":"product_cat-do-180-m2","9":"product_cat-z-garazem","10":"product_cat-z-pietrem","12":"first","13":"instock","14":"shipping-taxable","15":"purchasable","16":"product-type-simple"},"acf":[],"yoast_head":"<!-- This site is optimized with the Yoast SEO plugin v27.2 - https:\/\/yoast.com\/product\/yoast-seo-wordpress\/ -->\n<title>Twin Smart 170 - HowSmart\u00ae - Tw\u00f3j sprytny spos\u00f3b na budow\u0119 nowoczesnego domu. Wybierz sw\u00f3j projekt i zostaw reszt\u0119 nam.<\/title>\n<meta name=\"robots\" content=\"index, follow, max-snippet:-1, max-image-preview:large, max-video-preview:-1\" \/>\n<link rel=\"canonical\" href=\"https:\/\/howsmart.pl\/lv\/products\/twin-smart-170\/\" \/>\n<meta property=\"og:locale\" content=\"lv_LV\" \/>\n<meta property=\"og:type\" content=\"article\" \/>\n<meta property=\"og:title\" content=\"Twin Smart 170 - HowSmart\u00ae - Tw\u00f3j sprytny spos\u00f3b na budow\u0119 nowoczesnego domu. Wybierz sw\u00f3j projekt i zostaw reszt\u0119 nam.\" \/>\n<meta property=\"og:description\" content=\"To bli\u017aniak w nowoczesnym stylu charakteryzuj\u0105cy si\u0119 funkcjonalnym rozmieszczeniem pomieszcze\u0144, kt\u00f3re zosta\u0142y zaprojektowane z my\u015bl\u0105 o rodzinie i pracy z domu. Dom dla os\u00f3b ceni\u0105cych sobie wysublimowany styl i produkt najwy\u017cszej jako\u015bci, a przy tym w rozs\u0105dnym bud\u017cecie, z\u0142oty \u015brodek.\" \/>\n<meta property=\"og:url\" content=\"https:\/\/howsmart.pl\/lv\/products\/twin-smart-170\/\" \/>\n<meta property=\"og:site_name\" content=\"HowSmart\u00ae - Tw\u00f3j sprytny spos\u00f3b na budow\u0119 nowoczesnego domu. Wybierz sw\u00f3j projekt i zostaw reszt\u0119 nam.\" \/>\n<meta property=\"article:publisher\" content=\"https:\/\/www.facebook.com\/HowSmart.official\/?modal=admin_todo_tour\" \/>\n<meta property=\"article:modified_time\" content=\"2026-05-12T19:30:59+00:00\" \/>\n<meta property=\"og:image\" content=\"https:\/\/howsmart.pl\/wp-content\/uploads\/2025\/01\/W1-10-1024x576.png\" \/>\n\t<meta property=\"og:image:width\" content=\"1024\" \/>\n\t<meta property=\"og:image:height\" content=\"576\" \/>\n\t<meta property=\"og:image:type\" content=\"image\/png\" \/>\n<meta name=\"twitter:card\" content=\"summary_large_image\" \/>\n<meta name=\"twitter:label1\" content=\"Est. reading time\" \/>\n\t<meta name=\"twitter:data1\" content=\"1 min\u016bte\" \/>\n<script type=\"application\/ld+json\" class=\"yoast-schema-graph\">{\"@context\":\"https:\/\/schema.org\",\"@graph\":[{\"@type\":\"WebPage\",\"@id\":\"https:\/\/howsmart.pl\/produkt\/twin-smart-170\/\",\"url\":\"https:\/\/howsmart.pl\/produkt\/twin-smart-170\/\",\"name\":\"Twin Smart 170 - HowSmart\u00ae - Tw\u00f3j sprytny spos\u00f3b na budow\u0119 nowoczesnego domu. Wybierz sw\u00f3j projekt i zostaw reszt\u0119 nam.\",\"isPartOf\":{\"@id\":\"https:\/\/howsmart.pl\/#website\"},\"primaryImageOfPage\":{\"@id\":\"https:\/\/howsmart.pl\/produkt\/twin-smart-170\/#primaryimage\"},\"image\":{\"@id\":\"https:\/\/howsmart.pl\/produkt\/twin-smart-170\/#primaryimage\"},\"thumbnailUrl\":\"https:\/\/howsmart.pl\/wp-content\/uploads\/2025\/01\/W1-10.png\",\"datePublished\":\"2025-01-16T15:18:21+00:00\",\"dateModified\":\"2026-05-12T19:30:59+00:00\",\"breadcrumb\":{\"@id\":\"https:\/\/howsmart.pl\/produkt\/twin-smart-170\/#breadcrumb\"},\"inLanguage\":\"lv-LV\",\"potentialAction\":[{\"@type\":\"ReadAction\",\"target\":[\"https:\/\/howsmart.pl\/produkt\/twin-smart-170\/\"]}]},{\"@type\":\"ImageObject\",\"inLanguage\":\"lv-LV\",\"@id\":\"https:\/\/howsmart.pl\/produkt\/twin-smart-170\/#primaryimage\",\"url\":\"https:\/\/howsmart.pl\/wp-content\/uploads\/2025\/01\/W1-10.png\",\"contentUrl\":\"https:\/\/howsmart.pl\/wp-content\/uploads\/2025\/01\/W1-10.png\",\"width\":1672,\"height\":941},{\"@type\":\"BreadcrumbList\",\"@id\":\"https:\/\/howsmart.pl\/produkt\/twin-smart-170\/#breadcrumb\",\"itemListElement\":[{\"@type\":\"ListItem\",\"position\":1,\"name\":\"Strona g\u0142\u00f3wna\",\"item\":\"https:\/\/howsmart.pl\/\"},{\"@type\":\"ListItem\",\"position\":2,\"name\":\"Projekty\",\"item\":\"https:\/\/howsmart.pl\/projekty\/\"},{\"@type\":\"ListItem\",\"position\":3,\"name\":\"Twin Smart 170\"}]},{\"@type\":\"WebSite\",\"@id\":\"https:\/\/howsmart.pl\/#website\",\"url\":\"https:\/\/howsmart.pl\/\",\"name\":\"HowSmart\u00ae\",\"description\":\"Sprytne domy dla Ciebie\",\"publisher\":{\"@id\":\"https:\/\/howsmart.pl\/#organization\"},\"potentialAction\":[{\"@type\":\"SearchAction\",\"target\":{\"@type\":\"EntryPoint\",\"urlTemplate\":\"https:\/\/howsmart.pl\/?s={search_term_string}\"},\"query-input\":{\"@type\":\"PropertyValueSpecification\",\"valueRequired\":true,\"valueName\":\"search_term_string\"}}],\"inLanguage\":\"lv-LV\"},{\"@type\":\"Organization\",\"@id\":\"https:\/\/howsmart.pl\/#organization\",\"name\":\"HowSmart\u00ae\",\"url\":\"https:\/\/howsmart.pl\/\",\"logo\":{\"@type\":\"ImageObject\",\"inLanguage\":\"lv-LV\",\"@id\":\"https:\/\/howsmart.pl\/#\/schema\/logo\/image\/\",\"url\":\"https:\/\/howsmart.pl\/wp-content\/uploads\/2026\/03\/HS.png\",\"contentUrl\":\"https:\/\/howsmart.pl\/wp-content\/uploads\/2026\/03\/HS.png\",\"width\":673,\"height\":673,\"caption\":\"HowSmart\u00ae\"},\"image\":{\"@id\":\"https:\/\/howsmart.pl\/#\/schema\/logo\/image\/\"},\"sameAs\":[\"https:\/\/www.facebook.com\/HowSmart.official\/?modal=admin_todo_tour\",\"https:\/\/www.instagram.com\/howsmart_domy35m2\/?hl=pl\"]}]}<\/script>\n<!-- \/ Yoast SEO plugin. -->","yoast_head_json":{"title":"Twin Smart 170 - HowSmart\u00ae - Tw\u00f3j sprytny spos\u00f3b na budow\u0119 nowoczesnego domu. Wybierz sw\u00f3j projekt i zostaw reszt\u0119 nam.","robots":{"index":"index","follow":"follow","max-snippet":"max-snippet:-1","max-image-preview":"max-image-preview:large","max-video-preview":"max-video-preview:-1"},"canonical":"https:\/\/howsmart.pl\/lv\/products\/twin-smart-170\/","og_locale":"lv_LV","og_type":"article","og_title":"Twin Smart 170 - HowSmart\u00ae - Tw\u00f3j sprytny spos\u00f3b na budow\u0119 nowoczesnego domu. Wybierz sw\u00f3j projekt i zostaw reszt\u0119 nam.","og_description":"To bli\u017aniak w nowoczesnym stylu charakteryzuj\u0105cy si\u0119 funkcjonalnym rozmieszczeniem pomieszcze\u0144, kt\u00f3re zosta\u0142y zaprojektowane z my\u015bl\u0105 o rodzinie i pracy z domu. Dom dla os\u00f3b ceni\u0105cych sobie wysublimowany styl i produkt najwy\u017cszej jako\u015bci, a przy tym w rozs\u0105dnym bud\u017cecie, z\u0142oty \u015brodek.","og_url":"https:\/\/howsmart.pl\/lv\/products\/twin-smart-170\/","og_site_name":"HowSmart\u00ae - Tw\u00f3j sprytny spos\u00f3b na budow\u0119 nowoczesnego domu. Wybierz sw\u00f3j projekt i zostaw reszt\u0119 nam.","article_publisher":"https:\/\/www.facebook.com\/HowSmart.official\/?modal=admin_todo_tour","article_modified_time":"2026-05-12T19:30:59+00:00","og_image":[{"width":1024,"height":576,"url":"https:\/\/howsmart.pl\/wp-content\/uploads\/2025\/01\/W1-10-1024x576.png","type":"image\/png"}],"twitter_card":"summary_large_image","twitter_misc":{"Est. reading time":"1 min\u016bte"},"schema":{"@context":"https:\/\/schema.org","@graph":[{"@type":"WebPage","@id":"https:\/\/howsmart.pl\/produkt\/twin-smart-170\/","url":"https:\/\/howsmart.pl\/produkt\/twin-smart-170\/","name":"Twin Smart 170 - HowSmart\u00ae - Tw\u00f3j sprytny spos\u00f3b na budow\u0119 nowoczesnego domu. Wybierz sw\u00f3j projekt i zostaw reszt\u0119 nam.","isPartOf":{"@id":"https:\/\/howsmart.pl\/#website"},"primaryImageOfPage":{"@id":"https:\/\/howsmart.pl\/produkt\/twin-smart-170\/#primaryimage"},"image":{"@id":"https:\/\/howsmart.pl\/produkt\/twin-smart-170\/#primaryimage"},"thumbnailUrl":"https:\/\/howsmart.pl\/wp-content\/uploads\/2025\/01\/W1-10.png","datePublished":"2025-01-16T15:18:21+00:00","dateModified":"2026-05-12T19:30:59+00:00","breadcrumb":{"@id":"https:\/\/howsmart.pl\/produkt\/twin-smart-170\/#breadcrumb"},"inLanguage":"lv-LV","potentialAction":[{"@type":"ReadAction","target":["https:\/\/howsmart.pl\/produkt\/twin-smart-170\/"]}]},{"@type":"ImageObject","inLanguage":"lv-LV","@id":"https:\/\/howsmart.pl\/produkt\/twin-smart-170\/#primaryimage","url":"https:\/\/howsmart.pl\/wp-content\/uploads\/2025\/01\/W1-10.png","contentUrl":"https:\/\/howsmart.pl\/wp-content\/uploads\/2025\/01\/W1-10.png","width":1672,"height":941},{"@type":"BreadcrumbList","@id":"https:\/\/howsmart.pl\/produkt\/twin-smart-170\/#breadcrumb","itemListElement":[{"@type":"ListItem","position":1,"name":"Strona g\u0142\u00f3wna","item":"https:\/\/howsmart.pl\/"},{"@type":"ListItem","position":2,"name":"Projekty","item":"https:\/\/howsmart.pl\/projekty\/"},{"@type":"ListItem","position":3,"name":"Twin Smart 170"}]},{"@type":"WebSite","@id":"https:\/\/howsmart.pl\/#website","url":"https:\/\/howsmart.pl\/","name":"HowSmart\u00ae","description":"Sprytne domy dla Ciebie","publisher":{"@id":"https:\/\/howsmart.pl\/#organization"},"potentialAction":[{"@type":"SearchAction","target":{"@type":"EntryPoint","urlTemplate":"https:\/\/howsmart.pl\/?s={search_term_string}"},"query-input":{"@type":"PropertyValueSpecification","valueRequired":true,"valueName":"search_term_string"}}],"inLanguage":"lv-LV"},{"@type":"Organization","@id":"https:\/\/howsmart.pl\/#organization","name":"HowSmart\u00ae","url":"https:\/\/howsmart.pl\/","logo":{"@type":"ImageObject","inLanguage":"lv-LV","@id":"https:\/\/howsmart.pl\/#\/schema\/logo\/image\/","url":"https:\/\/howsmart.pl\/wp-content\/uploads\/2026\/03\/HS.png","contentUrl":"https:\/\/howsmart.pl\/wp-content\/uploads\/2026\/03\/HS.png","width":673,"height":673,"caption":"HowSmart\u00ae"},"image":{"@id":"https:\/\/howsmart.pl\/#\/schema\/logo\/image\/"},"sameAs":["https:\/\/www.facebook.com\/HowSmart.official\/?modal=admin_todo_tour","https:\/\/www.instagram.com\/howsmart_domy35m2\/?hl=pl"]}]}},"_links":{"self":[{"href":"https:\/\/howsmart.pl\/lv\/wp-json\/wp\/v2\/product\/7310","targetHints":{"allow":["GET"]}}],"collection":[{"href":"https:\/\/howsmart.pl\/lv\/wp-json\/wp\/v2\/product"}],"about":[{"href":"https:\/\/howsmart.pl\/lv\/wp-json\/wp\/v2\/types\/product"}],"replies":[{"embeddable":true,"href":"https:\/\/howsmart.pl\/lv\/wp-json\/wp\/v2\/comments?post=7310"}],"wp:featuredmedia":[{"embeddable":true,"href":"https:\/\/howsmart.pl\/lv\/wp-json\/wp\/v2\/media\/11419"}],"wp:attachment":[{"href":"https:\/\/howsmart.pl\/lv\/wp-json\/wp\/v2\/media?parent=7310"}],"wp:term":[{"taxonomy":"product_cat","embeddable":true,"href":"https:\/\/howsmart.pl\/lv\/wp-json\/wp\/v2\/product_cat?post=7310"},{"taxonomy":"product_tag","embeddable":true,"href":"https:\/\/howsmart.pl\/lv\/wp-json\/wp\/v2\/product_tag?post=7310"}],"curies":[{"name":"wp","href":"https:\/\/api.w.org\/{rel}","templated":true}]}}