{"id":4664,"date":"2024-12-13T20:18:00","date_gmt":"2024-12-13T19:18:00","guid":{"rendered":"https:\/\/hosting2347530.online.pro\/autoinstalator\/wordpress5\/?post_type=product&#038;p=4664"},"modified":"2026-04-16T15:04:07","modified_gmt":"2026-04-16T13:04:07","slug":"future-smart","status":"publish","type":"product","link":"https:\/\/howsmart.pl\/lv\/products\/future-smart\/","title":{"rendered":"N\u0101kotnes Smart 35"},"content":{"rendered":"<p>\u0160\u012b ir pirm\u0101 individu\u0101l\u0101 atp\u016btas \u0113ka m\u016bsu pied\u0101v\u0101jum\u0101, kuru, ja nepiecie\u0161ams, n\u0101kotn\u0113 var papla\u0161in\u0101t ar papildu 35 m\u00b2 lielu moduli, kas atdal\u012bts ar ziemas d\u0101rzu. \u0160is ir lielisks pied\u0101v\u0101jums klientiem, kurus \u0161obr\u012bd apmierina 35m\u00b2 \u0113ka, bet kuri n\u0101kotn\u0113 v\u0113l\u0113tos palielin\u0101t t\u0101s plat\u012bbu - tas ir SMART.<\/p>","protected":false},"excerpt":{"rendered":"<p>\u0160\u012b ir pirm\u0101 individu\u0101l\u0101 atp\u016btas \u0113ka m\u016bsu pied\u0101v\u0101jum\u0101, kuru, ja nepiecie\u0161ams, n\u0101kotn\u0113 var papla\u0161in\u0101t ar papildu 35 m\u00b2 lielu moduli, kas atdal\u012bts ar ziemas d\u0101rzu. \u0160is ir lielisks pied\u0101v\u0101jums klientiem, kurus \u0161obr\u012bd apmierina 35m\u00b2 \u0113ka, bet kuri n\u0101kotn\u0113 v\u0113l\u0113tos palielin\u0101t t\u0101s plat\u012bbu - tas ir SMART.<\/p>","protected":false},"featured_media":11189,"comment_status":"open","ping_status":"closed","template":"","meta":{"_acf_changed":false},"product_cat":[45],"product_tag":[],"class_list":{"0":"post-4664","1":"product","2":"type-product","3":"status-publish","4":"has-post-thumbnail","6":"product_cat-do-50-m2","8":"first","9":"instock","10":"shipping-taxable","11":"purchasable","12":"product-type-simple"},"acf":[],"yoast_head":"<!-- This site is optimized with the Yoast SEO plugin v27.2 - https:\/\/yoast.com\/product\/yoast-seo-wordpress\/ -->\n<title>Future Smart 35 - HowSmart\u00ae - Tw\u00f3j sprytny spos\u00f3b na budow\u0119 nowoczesnego domu. Wybierz sw\u00f3j projekt i zostaw reszt\u0119 nam.<\/title>\n<meta name=\"robots\" content=\"index, follow, max-snippet:-1, max-image-preview:large, max-video-preview:-1\" \/>\n<link rel=\"canonical\" href=\"https:\/\/howsmart.pl\/lv\/products\/future-smart\/\" \/>\n<meta property=\"og:locale\" content=\"lv_LV\" \/>\n<meta property=\"og:type\" content=\"article\" \/>\n<meta property=\"og:title\" content=\"Future Smart 35 - HowSmart\u00ae - Tw\u00f3j sprytny spos\u00f3b na budow\u0119 nowoczesnego domu. Wybierz sw\u00f3j projekt i zostaw reszt\u0119 nam.\" \/>\n<meta property=\"og:description\" content=\"To budynek rekreacji indywidualnej, kt\u00f3ry jako pierwszy z naszej oferty jest przystosowany do tego aby w przysz\u0142o\u015bci je\u015bli zajdzie taka konieczno\u015b\u0107 rozbudowa\u0107 go o dodatkowy modu\u0142 35 m\u00b2 na zg\u0142oszenie oddzielony ogrodem zimowym. To doskona\u0142a propozycja dla Klient\u00f3w, kt\u00f3rym na ten moment w zupe\u0142no\u015bci wystarczy budynek 35m\u00b2 ale w przysz\u0142o\u015bci my\u015bl\u0105 o zwi\u0119kszeniu metra\u017cu, to jest w\u0142a\u015bnie SMART.\" \/>\n<meta property=\"og:url\" content=\"https:\/\/howsmart.pl\/lv\/products\/future-smart\/\" \/>\n<meta property=\"og:site_name\" content=\"HowSmart\u00ae - Tw\u00f3j sprytny spos\u00f3b na budow\u0119 nowoczesnego domu. Wybierz sw\u00f3j projekt i zostaw reszt\u0119 nam.\" \/>\n<meta property=\"article:publisher\" content=\"https:\/\/www.facebook.com\/HowSmart.official\/?modal=admin_todo_tour\" \/>\n<meta property=\"article:modified_time\" content=\"2026-04-16T13:04:07+00:00\" \/>\n<meta property=\"og:image\" content=\"https:\/\/howsmart.pl\/wp-content\/uploads\/2024\/12\/W1-9-1024x683.png\" \/>\n\t<meta property=\"og:image:width\" content=\"1024\" \/>\n\t<meta property=\"og:image:height\" content=\"683\" \/>\n\t<meta property=\"og:image:type\" content=\"image\/png\" \/>\n<meta name=\"twitter:card\" content=\"summary_large_image\" \/>\n<meta name=\"twitter:label1\" content=\"Est. reading time\" \/>\n\t<meta name=\"twitter:data1\" content=\"1 min\u016bte\" \/>\n<script type=\"application\/ld+json\" class=\"yoast-schema-graph\">{\"@context\":\"https:\/\/schema.org\",\"@graph\":[{\"@type\":\"WebPage\",\"@id\":\"https:\/\/howsmart.pl\/produkt\/future-smart\/\",\"url\":\"https:\/\/howsmart.pl\/produkt\/future-smart\/\",\"name\":\"Future Smart 35 - HowSmart\u00ae - Tw\u00f3j sprytny spos\u00f3b na budow\u0119 nowoczesnego domu. Wybierz sw\u00f3j projekt i zostaw reszt\u0119 nam.\",\"isPartOf\":{\"@id\":\"https:\/\/howsmart.pl\/#website\"},\"primaryImageOfPage\":{\"@id\":\"https:\/\/howsmart.pl\/produkt\/future-smart\/#primaryimage\"},\"image\":{\"@id\":\"https:\/\/howsmart.pl\/produkt\/future-smart\/#primaryimage\"},\"thumbnailUrl\":\"https:\/\/howsmart.pl\/wp-content\/uploads\/2024\/12\/W1-9.png\",\"datePublished\":\"2024-12-13T19:18:00+00:00\",\"dateModified\":\"2026-04-16T13:04:07+00:00\",\"breadcrumb\":{\"@id\":\"https:\/\/howsmart.pl\/produkt\/future-smart\/#breadcrumb\"},\"inLanguage\":\"lv-LV\",\"potentialAction\":[{\"@type\":\"ReadAction\",\"target\":[\"https:\/\/howsmart.pl\/produkt\/future-smart\/\"]}]},{\"@type\":\"ImageObject\",\"inLanguage\":\"lv-LV\",\"@id\":\"https:\/\/howsmart.pl\/produkt\/future-smart\/#primaryimage\",\"url\":\"https:\/\/howsmart.pl\/wp-content\/uploads\/2024\/12\/W1-9.png\",\"contentUrl\":\"https:\/\/howsmart.pl\/wp-content\/uploads\/2024\/12\/W1-9.png\",\"width\":1536,\"height\":1024},{\"@type\":\"BreadcrumbList\",\"@id\":\"https:\/\/howsmart.pl\/produkt\/future-smart\/#breadcrumb\",\"itemListElement\":[{\"@type\":\"ListItem\",\"position\":1,\"name\":\"Strona g\u0142\u00f3wna\",\"item\":\"https:\/\/howsmart.pl\/\"},{\"@type\":\"ListItem\",\"position\":2,\"name\":\"Projekty\",\"item\":\"https:\/\/howsmart.pl\/projekty\/\"},{\"@type\":\"ListItem\",\"position\":3,\"name\":\"Future Smart 35\"}]},{\"@type\":\"WebSite\",\"@id\":\"https:\/\/howsmart.pl\/#website\",\"url\":\"https:\/\/howsmart.pl\/\",\"name\":\"HowSmart\u00ae\",\"description\":\"Sprytne domy dla Ciebie\",\"publisher\":{\"@id\":\"https:\/\/howsmart.pl\/#organization\"},\"potentialAction\":[{\"@type\":\"SearchAction\",\"target\":{\"@type\":\"EntryPoint\",\"urlTemplate\":\"https:\/\/howsmart.pl\/?s={search_term_string}\"},\"query-input\":{\"@type\":\"PropertyValueSpecification\",\"valueRequired\":true,\"valueName\":\"search_term_string\"}}],\"inLanguage\":\"lv-LV\"},{\"@type\":\"Organization\",\"@id\":\"https:\/\/howsmart.pl\/#organization\",\"name\":\"HowSmart\u00ae\",\"url\":\"https:\/\/howsmart.pl\/\",\"logo\":{\"@type\":\"ImageObject\",\"inLanguage\":\"lv-LV\",\"@id\":\"https:\/\/howsmart.pl\/#\/schema\/logo\/image\/\",\"url\":\"https:\/\/howsmart.pl\/wp-content\/uploads\/2026\/03\/HS.png\",\"contentUrl\":\"https:\/\/howsmart.pl\/wp-content\/uploads\/2026\/03\/HS.png\",\"width\":673,\"height\":673,\"caption\":\"HowSmart\u00ae\"},\"image\":{\"@id\":\"https:\/\/howsmart.pl\/#\/schema\/logo\/image\/\"},\"sameAs\":[\"https:\/\/www.facebook.com\/HowSmart.official\/?modal=admin_todo_tour\",\"https:\/\/www.instagram.com\/howsmart_domy35m2\/?hl=pl\"]}]}<\/script>\n<!-- \/ Yoast SEO plugin. -->","yoast_head_json":{"title":"Future Smart 35 - HowSmart\u00ae - Tw\u00f3j sprytny spos\u00f3b na budow\u0119 nowoczesnego domu. Wybierz sw\u00f3j projekt i zostaw reszt\u0119 nam.","robots":{"index":"index","follow":"follow","max-snippet":"max-snippet:-1","max-image-preview":"max-image-preview:large","max-video-preview":"max-video-preview:-1"},"canonical":"https:\/\/howsmart.pl\/lv\/products\/future-smart\/","og_locale":"lv_LV","og_type":"article","og_title":"Future Smart 35 - HowSmart\u00ae - Tw\u00f3j sprytny spos\u00f3b na budow\u0119 nowoczesnego domu. Wybierz sw\u00f3j projekt i zostaw reszt\u0119 nam.","og_description":"To budynek rekreacji indywidualnej, kt\u00f3ry jako pierwszy z naszej oferty jest przystosowany do tego aby w przysz\u0142o\u015bci je\u015bli zajdzie taka konieczno\u015b\u0107 rozbudowa\u0107 go o dodatkowy modu\u0142 35 m\u00b2 na zg\u0142oszenie oddzielony ogrodem zimowym. To doskona\u0142a propozycja dla Klient\u00f3w, kt\u00f3rym na ten moment w zupe\u0142no\u015bci wystarczy budynek 35m\u00b2 ale w przysz\u0142o\u015bci my\u015bl\u0105 o zwi\u0119kszeniu metra\u017cu, to jest w\u0142a\u015bnie SMART.","og_url":"https:\/\/howsmart.pl\/lv\/products\/future-smart\/","og_site_name":"HowSmart\u00ae - Tw\u00f3j sprytny spos\u00f3b na budow\u0119 nowoczesnego domu. Wybierz sw\u00f3j projekt i zostaw reszt\u0119 nam.","article_publisher":"https:\/\/www.facebook.com\/HowSmart.official\/?modal=admin_todo_tour","article_modified_time":"2026-04-16T13:04:07+00:00","og_image":[{"width":1024,"height":683,"url":"https:\/\/howsmart.pl\/wp-content\/uploads\/2024\/12\/W1-9-1024x683.png","type":"image\/png"}],"twitter_card":"summary_large_image","twitter_misc":{"Est. reading time":"1 min\u016bte"},"schema":{"@context":"https:\/\/schema.org","@graph":[{"@type":"WebPage","@id":"https:\/\/howsmart.pl\/produkt\/future-smart\/","url":"https:\/\/howsmart.pl\/produkt\/future-smart\/","name":"Future Smart 35 - HowSmart\u00ae - Tw\u00f3j sprytny spos\u00f3b na budow\u0119 nowoczesnego domu. Wybierz sw\u00f3j projekt i zostaw reszt\u0119 nam.","isPartOf":{"@id":"https:\/\/howsmart.pl\/#website"},"primaryImageOfPage":{"@id":"https:\/\/howsmart.pl\/produkt\/future-smart\/#primaryimage"},"image":{"@id":"https:\/\/howsmart.pl\/produkt\/future-smart\/#primaryimage"},"thumbnailUrl":"https:\/\/howsmart.pl\/wp-content\/uploads\/2024\/12\/W1-9.png","datePublished":"2024-12-13T19:18:00+00:00","dateModified":"2026-04-16T13:04:07+00:00","breadcrumb":{"@id":"https:\/\/howsmart.pl\/produkt\/future-smart\/#breadcrumb"},"inLanguage":"lv-LV","potentialAction":[{"@type":"ReadAction","target":["https:\/\/howsmart.pl\/produkt\/future-smart\/"]}]},{"@type":"ImageObject","inLanguage":"lv-LV","@id":"https:\/\/howsmart.pl\/produkt\/future-smart\/#primaryimage","url":"https:\/\/howsmart.pl\/wp-content\/uploads\/2024\/12\/W1-9.png","contentUrl":"https:\/\/howsmart.pl\/wp-content\/uploads\/2024\/12\/W1-9.png","width":1536,"height":1024},{"@type":"BreadcrumbList","@id":"https:\/\/howsmart.pl\/produkt\/future-smart\/#breadcrumb","itemListElement":[{"@type":"ListItem","position":1,"name":"Strona g\u0142\u00f3wna","item":"https:\/\/howsmart.pl\/"},{"@type":"ListItem","position":2,"name":"Projekty","item":"https:\/\/howsmart.pl\/projekty\/"},{"@type":"ListItem","position":3,"name":"Future Smart 35"}]},{"@type":"WebSite","@id":"https:\/\/howsmart.pl\/#website","url":"https:\/\/howsmart.pl\/","name":"HowSmart\u00ae","description":"Sprytne domy dla Ciebie","publisher":{"@id":"https:\/\/howsmart.pl\/#organization"},"potentialAction":[{"@type":"SearchAction","target":{"@type":"EntryPoint","urlTemplate":"https:\/\/howsmart.pl\/?s={search_term_string}"},"query-input":{"@type":"PropertyValueSpecification","valueRequired":true,"valueName":"search_term_string"}}],"inLanguage":"lv-LV"},{"@type":"Organization","@id":"https:\/\/howsmart.pl\/#organization","name":"HowSmart\u00ae","url":"https:\/\/howsmart.pl\/","logo":{"@type":"ImageObject","inLanguage":"lv-LV","@id":"https:\/\/howsmart.pl\/#\/schema\/logo\/image\/","url":"https:\/\/howsmart.pl\/wp-content\/uploads\/2026\/03\/HS.png","contentUrl":"https:\/\/howsmart.pl\/wp-content\/uploads\/2026\/03\/HS.png","width":673,"height":673,"caption":"HowSmart\u00ae"},"image":{"@id":"https:\/\/howsmart.pl\/#\/schema\/logo\/image\/"},"sameAs":["https:\/\/www.facebook.com\/HowSmart.official\/?modal=admin_todo_tour","https:\/\/www.instagram.com\/howsmart_domy35m2\/?hl=pl"]}]}},"_links":{"self":[{"href":"https:\/\/howsmart.pl\/lv\/wp-json\/wp\/v2\/product\/4664","targetHints":{"allow":["GET"]}}],"collection":[{"href":"https:\/\/howsmart.pl\/lv\/wp-json\/wp\/v2\/product"}],"about":[{"href":"https:\/\/howsmart.pl\/lv\/wp-json\/wp\/v2\/types\/product"}],"replies":[{"embeddable":true,"href":"https:\/\/howsmart.pl\/lv\/wp-json\/wp\/v2\/comments?post=4664"}],"wp:featuredmedia":[{"embeddable":true,"href":"https:\/\/howsmart.pl\/lv\/wp-json\/wp\/v2\/media\/11189"}],"wp:attachment":[{"href":"https:\/\/howsmart.pl\/lv\/wp-json\/wp\/v2\/media?parent=4664"}],"wp:term":[{"taxonomy":"product_cat","embeddable":true,"href":"https:\/\/howsmart.pl\/lv\/wp-json\/wp\/v2\/product_cat?post=4664"},{"taxonomy":"product_tag","embeddable":true,"href":"https:\/\/howsmart.pl\/lv\/wp-json\/wp\/v2\/product_tag?post=4664"}],"curies":[{"name":"wp","href":"https:\/\/api.w.org\/{rel}","templated":true}]}}