{"id":4126,"date":"2024-12-12T16:29:03","date_gmt":"2024-12-12T15:29:03","guid":{"rendered":"https:\/\/hosting2347530.online.pro\/autoinstalator\/wordpress5\/?page_id=4126"},"modified":"2024-12-23T07:35:05","modified_gmt":"2024-12-23T06:35:05","slug":"regulamin","status":"publish","type":"page","link":"https:\/\/howsmart.pl\/lv\/regulamin\/","title":{"rendered":"Noteikumi"},"content":{"rendered":"<div data-elementor-type=\"wp-page\" data-elementor-id=\"4126\" class=\"elementor elementor-4126\" data-elementor-post-type=\"page\">\n\t\t\t\t\t\t<section class=\"elementor-section elementor-top-section elementor-element elementor-element-d39203f elementor-section-full_width elementor-section-height-default elementor-section-height-default\" data-id=\"d39203f\" data-element_type=\"section\" data-e-type=\"section\">\n\t\t\t\t\t\t<div class=\"elementor-container elementor-column-gap-default\">\n\t\t\t\t\t<div class=\"elementor-column elementor-col-50 elementor-top-column elementor-element elementor-element-0042f54\" data-id=\"0042f54\" data-element_type=\"column\" data-e-type=\"column\">\n\t\t\t<div class=\"elementor-widget-wrap elementor-element-populated\">\n\t\t\t\t\t\t<div class=\"elementor-element elementor-element-337de37 elementor-widget__width-auto elementor-align-left elementor-widget elementor-widget-button\" data-id=\"337de37\" data-element_type=\"widget\" data-e-type=\"widget\" data-widget_type=\"button.default\">\n\t\t\t\t<div class=\"elementor-widget-container\">\n\t\t\t\t\t\t\t\t\t<div class=\"elementor-button-wrapper\">\n\t\t\t\t\t<a class=\"elementor-button elementor-button-link elementor-size-sm\" href=\"#\">\n\t\t\t\t\t\t<span class=\"elementor-button-content-wrapper\">\n\t\t\t\t\t\t\t\t\t<span class=\"elementor-button-text\">-<\/span>\n\t\t\t\t\t<\/span>\n\t\t\t\t\t<\/a>\n\t\t\t\t<\/div>\n\t\t\t\t\t\t\t\t<\/div>\n\t\t\t\t<\/div>\n\t\t\t\t<div class=\"elementor-element elementor-element-47bfe6d elementor-widget__width-inherit elementor-widget elementor-widget-heading\" data-id=\"47bfe6d\" data-element_type=\"widget\" data-e-type=\"widget\" data-widget_type=\"heading.default\">\n\t\t\t\t<div class=\"elementor-widget-container\">\n\t\t\t\t\t<h1 class=\"elementor-heading-title elementor-size-default\">Noteikumi<\/h1>\t\t\t\t<\/div>\n\t\t\t\t<\/div>\n\t\t\t\t\t<\/div>\n\t\t<\/div>\n\t\t\t\t<div class=\"elementor-column elementor-col-50 elementor-top-column elementor-element elementor-element-dfbeadc\" data-id=\"dfbeadc\" data-element_type=\"column\" data-e-type=\"column\">\n\t\t\t<div class=\"elementor-widget-wrap elementor-element-populated\">\n\t\t\t\t\t\t<div class=\"elementor-element elementor-element-173ef02 elementor-widget elementor-widget-text-editor\" data-id=\"173ef02\" data-element_type=\"widget\" data-e-type=\"widget\" data-widget_type=\"text-editor.default\">\n\t\t\t\t<div class=\"elementor-widget-container\">\n\t\t\t\t\t\t\t\t\t<section class=\"elementor-section elementor-inner-section elementor-element elementor-element-3cd5f96 elementor-section-boxed elementor-section-height-default elementor-section-height-default\" data-id=\"3cd5f96\" data-element_type=\"section\"><div class=\"elementor-container elementor-column-gap-no\"><div class=\"elementor-column elementor-col-100 elementor-inner-column elementor-element elementor-element-e3941d1\" data-id=\"e3941d1\" data-element_type=\"column\"><div class=\"elementor-widget-wrap elementor-element-populated\"><div class=\"elementor-element elementor-element-a0e68c9 elementor-widget elementor-widget-text-editor\" data-id=\"a0e68c9\" data-element_type=\"widget\" data-widget_type=\"text-editor.default\"><div class=\"elementor-widget-container\"><ol><li>Postanowienia og\u00f3lne<\/li><li>Definicje<\/li><li>Rodzaj i zakres us\u0142ug elektronicznych<\/li><li>Warunki \u015bwiadczenia i zawierania um\u00f3w o \u015bwiadczenie us\u0142ug elektronicznych<\/li><li>Warunki rozwi\u0105zania um\u00f3w o \u015bwiadczenie us\u0142ug elektronicznych<\/li><li>Tryb post\u0119powania reklamacyjnego<\/li><li>W\u0142asno\u015b\u0107 intelektualna<\/li><li>Postanowienia ko\u0144cowe<\/li><li>POSTANOWIENIA OG\u00d3LNE<ol><li>Strona https:\/\/www.howsmart.pl\/ dzia\u0142a na zasadach okre\u015blonych w niniejszym Regulaminie.<\/li><li>Regulamin okre\u015bla rodzaje i zakres us\u0142ug \u015bwiadczonych drog\u0105 elektroniczn\u0105 przez Stron\u0119 https:\/\/www.howsmart.pl\/, zasady \u015bwiadczenia tych us\u0142ug, warunki zawierania i rozwi\u0105zywania um\u00f3w o \u015bwiadczenie us\u0142ug drog\u0105 elektroniczn\u0105, a tak\u017ce tryb post\u0119powania reklamacyjnego.<\/li><li>Regulamin okre\u015bla rodzaje i zakres us\u0142ug \u015bwiadczonych drog\u0105 elektroniczn\u0105 przez Stron\u0119 https:\/\/www.howsmart.pl\/, zasady \u015bwiadczenia tych us\u0142ug, warunki zawierania i rozwi\u0105zywania um\u00f3w o \u015bwiadczenie us\u0142ug drog\u0105 elektroniczn\u0105, a tak\u017ce tryb post\u0119powania reklamacyjnego.<\/li><li>Ka\u017cdy Us\u0142ugobiorca z chwil\u0105 podj\u0119cia czynno\u015bci zmierzaj\u0105cych do korzystania z Us\u0142ug Elektronicznych Strony https:\/\/www.howsmart.pl\/, zobowi\u0105zany jest do przestrzegania postanowie\u0144 niniejszego Regulaminu.<\/li><li>W sprawach nieuregulowanych w niniejszym Regulaminie maj\u0105 zastosowanie przepisy<ol><li>Ustawy o \u015bwiadczeniu us\u0142ug drog\u0105 elektroniczn\u0105 z dnia 18 lipca 2002 r. (Dz. U. Nr 144, poz. 1204 ze zm.),<\/li><li>Ustawy o prawach konsumenta z dnia 30 maja 2014 r. (Dz. U. 2014 poz. 827),<\/li><li>Ustawy Kodeks cywilny z dnia 23 kwietnia 1964 r. (Dz. U. nr 16, poz. 93 ze zm.) oraz inne w\u0142a\u015bciwe przepisy prawa polskiego.<\/li><\/ol><\/li><li>DEFINICJE<ol><li>FORMULARZ KONTAKTOWY \u2013 formularz dost\u0119pny na Stronie https:\/\/www.howsmart.pl\/ umo\u017cliwiaj\u0105cy Us\u0142ugobiorcy bezpo\u015bredni kontakt z Us\u0142ugodawc\u0105.<\/li><li>REGULAMIN \u2013 niniejszy regulamin Strony.<\/li><li>US\u0141UGODAWCA \u2013 HowSmart Sp.z.o.o z siedzib\u0105 w Warszawie przy ul.Gubinowska 4\/77, 02-956 Warszawa, wpisanym do rejestru KRS: 0000870772 , NIP:9512510878, REGON:387615546, adres poczty elektronicznej: biuro@howsmart.pl, tel. +48 505 775 183.<\/li><li>US\u0141UGOBIORCA \u2013 osoba fizyczna, osoba prawna albo jednostka organizacyjna nieposiadaj\u0105ca osobowo\u015bci prawnej, kt\u00f3rej ustawa przyznaje zdolno\u015b\u0107 prawn\u0105 korzystaj\u0105ca z Us\u0142ugi Elektronicznej.<\/li><li>US\u0141UGA ELEKTRONICZNA \u2013 us\u0142uga \u015bwiadczona drog\u0105 elektroniczn\u0105 przez Us\u0142ugodawc\u0119 na rzecz Us\u0142ugobiorcy za po\u015brednictwem Strony.<\/li><li>NEWSLETTER \u2013 Us\u0142uga Elektroniczna pozwalaj\u0105ca Us\u0142ugobiorcy na subskrybowanie i otrzymywanie na podany przez Us\u0142ugobiorc\u0119 adres e-mail bezp\u0142atnych informacji pochodz\u0105cych od Us\u0142ugodawcy.<\/li><\/ol><\/li><li>RODZAJ I ZAKRES US\u0141UG ELEKTRONICZNYCH<ol><li>Us\u0142ugodawca umo\u017cliwia za po\u015brednictwem Strony korzystanie z Us\u0142ug Elektronicznych takich jak:<ol><li>korzystanie z Formularza Kontaktowego,<\/li><li>korzystanie z Newslettera,<\/li><\/ol><\/li><li>\u015awiadczenie Us\u0142ug Elektronicznych na rzecz Us\u0142ugobiorc\u00f3w odbywa si\u0119 na warunkach okre\u015blonych w Regulaminie.<\/li><\/ol><\/li><li>WARUNKI \u015aWIADCZENIA I ZAWIERANIA UM\u00d3W O \u015aWIADCZENIE US\u0141UG ELEKTRONICZNYCH<ol><li>\u015awiadczenie Us\u0142ug Elektronicznych okre\u015blonych w rozdziale III pkt. 1 Regulaminu przez Us\u0142ugodawc\u0119 jest nieodp\u0142atne.<\/li><li>Okres na jaki umowa zostaje zawarta:<ol><li>umowa o \u015bwiadczenie Us\u0142ugi Elektronicznej polegaj\u0105cej na umo\u017cliwieniu wys\u0142ania wiadomo\u015bci za po\u015brednictwem Formularza Kontaktowego zawierana jest na czas oznaczony i ulega rozwi\u0105zaniu z chwil\u0105 wys\u0142ania wiadomo\u015bci albo zaprzestania jej wysy\u0142ania przez Us\u0142ugobiorc\u0119.<\/li><li>umowa o \u015bwiadczenie Us\u0142ugi Elektronicznej polegaj\u0105cej na korzystaniu z Newslettera zawierana jest na czas nieoznaczony.<\/li><\/ol><\/li><li>Wymagania techniczne niezb\u0119dne do wsp\u00f3\u0142pracy z systemem teleinformatycznym, kt\u00f3rym pos\u0142uguje si\u0119 Us\u0142ugodawca:<ol><li>komputer z dost\u0119pem do Internetu,<\/li><li>dost\u0119p do poczty elektronicznej,<\/li><li>przegl\u0105darka internetowa,<\/li><li>w\u0142\u0105czenie w przegl\u0105darce internetowej Cookies oraz Javascript.<\/li><\/ol><\/li><li>Us\u0142ugobiorca zobowi\u0105zany jest do korzystania ze Strony w spos\u00f3b zgodny z prawem i dobrymi obyczajami maj\u0105c na uwadze poszanowanie d\u00f3br osobistych i praw w\u0142asno\u015bci intelektualnej os\u00f3b trzecich.<\/li><li>Us\u0142ugobiorca zobowi\u0105zany jest do wprowadzania danych zgodnych ze stanem faktycznym.<\/li><li>Us\u0142ugobiorc\u0119 obowi\u0105zuje zakaz dostarczania tre\u015bci o charakterze bezprawnym.<\/li><\/ol><\/li><li>WARUNKI ROZWI\u0104ZYWANIA UM\u00d3W O \u015aWIADCZENIE US\u0141UG ELEKTRONICZNYCH<ol><li>Wypowiedzenie umowy o \u015bwiadczenie Us\u0142ugi Elektronicznej:<ol><li>Wypowiedzeniu mo\u017ce ulec umowa o \u015bwiadczenie Us\u0142ugi Elektronicznej o charakterze ci\u0105g\u0142ym i bezterminowym (np. korzystanie z Newslettera).<\/li><li>Us\u0142ugobiorca mo\u017ce wypowiedzie\u0107 umow\u0119 ze skutkiem natychmiastowym i bez wskazywania przyczyn poprzez przes\u0142anie stosownego o\u015bwiadczenia za po\u015brednictwem poczty elektronicznej na adres: biuro@howsmart.pl<\/li><li>Us\u0142ugodawca mo\u017ce wypowiedzie\u0107 umow\u0119 o \u015bwiadczenie Us\u0142ugi Elektronicznej o charakterze ci\u0105g\u0142ym i bezterminowym w przypadku, gdy Us\u0142ugobiorca narusza Regulamin, w szczeg\u00f3lno\u015bci, gdy dostarcza tre\u015bci o charakterze bezprawnym po bezskutecznym wcze\u015bniejszym wezwaniu do zaprzestania narusze\u0144 z wyznaczeniem odpowiedniego terminu. Umowa w takim wypadku wygasa po up\u0142ywie 7 dni od dnia z\u0142o\u017cenia o\u015bwiadczenia woli o jej wypowiedzeniu (okres wypowiedzenia).<\/li><li>Wypowiedzenie prowadzi do ustania stosunku prawnego ze skutkiem na przysz\u0142o\u015b\u0107.<\/li><\/ol><\/li><li>Us\u0142ugodawca i Us\u0142ugobiorca mog\u0105 rozwi\u0105za\u0107 umow\u0119 o \u015bwiadczenie Us\u0142ugi Elektronicznej w ka\u017cdym czasie w drodze porozumienia stron.<\/li><\/ol><\/li><li>TRYB POST\u0118POWANIA REKLAMACYJNEGO<ol><li>Reklamacje zwi\u0105zane ze \u015bwiadczeniem Us\u0142ug Elektronicznych przez Us\u0142ugodawc\u0119:<ol><li>Reklamacje zwi\u0105zane ze \u015bwiadczeniem Us\u0142ug Elektronicznych za po\u015brednictwem Strony Us\u0142ugobiorca mo\u017ce sk\u0142ada\u0107 za po\u015brednictwem poczty elektronicznej na adres: biuro@howsmart.pl<\/li><li>W powy\u017cszej wiadomo\u015bci e-mail, nale\u017cy poda\u0107 jak najwi\u0119cej informacji i okoliczno\u015bci dotycz\u0105cych przedmiotu reklamacji, w szczeg\u00f3lno\u015bci rodzaj i dat\u0119 wyst\u0105pienia nieprawid\u0142owo\u015bci oraz dane kontaktowe. Podane informacje znacznie u\u0142atwi\u0105 i przyspiesz\u0105 rozpatrzenie reklamacji przez Us\u0142ugodawc\u0119.<\/li><li>Rozpatrzenie reklamacji przez Us\u0142ugodawc\u0119 nast\u0119puje niezw\u0142ocznie, nie p\u00f3\u017aniej ni\u017c w terminie 14 dni.<\/li><li>Odpowied\u017a Us\u0142ugodawcy w sprawie reklamacji jest wysy\u0142ana na adres e-mail Us\u0142ugobiorcy podany w zg\u0142oszeniu reklamacyjnym lub w inny podany przez Us\u0142ugobiorc\u0119 spos\u00f3b.<\/li><\/ol><\/li><li>W\u0141ASNO\u015a\u0106 INTELEKTUALNA<ol><li>Wszystkie tre\u015bci zamieszczone na stronie internetowej pod adresem https:\/\/www.howsmart.pl\/ korzystaj\u0105 z ochrony prawno autorskiej i s\u0105 w\u0142asno\u015bci\u0105 https:\/\/www.howsmart.pl\/ Us\u0142ugobiorca ponosi pe\u0142n\u0105 odpowiedzialno\u015b\u0107 za szkod\u0119 wyrz\u0105dzon\u0105 Us\u0142ugodawcy, b\u0119d\u0105c\u0105 nast\u0119pstwem u\u017cycia jakiejkolwiek zawarto\u015bci strony https:\/\/www.howsmart.pl\/, bez zgody Us\u0142ugodawcy.<\/li><li>Jakiekolwiek wykorzystanie przez kogokolwiek, bez wyra\u017anej pisemnej zgody Us\u0142ugodawcy, kt\u00f3regokolwiek z element\u00f3w sk\u0142adaj\u0105cych si\u0119 na tre\u015b\u0107 oraz zawarto\u015b\u0107 strony https:\/\/www.howsmart.pl\/ stanowi naruszenie prawa autorskiego przys\u0142uguj\u0105cego Us\u0142ugodawcy i skutkuje odpowiedzialno\u015bci\u0105 cywilnoprawn\u0105 oraz karn\u0105.<\/li><\/ol><\/li><li>POSTANOWIENIA KO\u0143COWE<ol><li>Umowy zawierane za po\u015brednictwem Strony zawierane s\u0105 zgodnie z prawem polskim.<\/li><li>W przypadku niezgodno\u015bci jakiejkolwiek cz\u0119\u015bci Regulaminu z obowi\u0105zuj\u0105cym prawem, w miejsce zakwestionowanego przepisu Regulaminu zastosowanie maj\u0105 w\u0142a\u015bciwe przepisy prawa polskiego.<\/li><\/ol><\/li><\/ol><\/li><\/ol><\/li><\/ol><\/div><\/div><\/div><\/div><\/div><\/section>\t\t\t\t\t\t\t\t<\/div>\n\t\t\t\t<\/div>\n\t\t\t\t\t<\/div>\n\t\t<\/div>\n\t\t\t\t\t<\/div>\n\t\t<\/section>\n\t\t\t\t<\/div>","protected":false},"excerpt":{"rendered":"<p>&#8211; Regulamin Postanowienia og\u00f3lne Definicje Rodzaj i zakres us\u0142ug elektronicznych Warunki \u015bwiadczenia i zawierania um\u00f3w o \u015bwiadczenie us\u0142ug elektronicznych Warunki rozwi\u0105zania um\u00f3w o \u015bwiadczenie us\u0142ug elektronicznych Tryb post\u0119powania reklamacyjnego W\u0142asno\u015b\u0107 intelektualna Postanowienia ko\u0144cowe POSTANOWIENIA OG\u00d3LNE Strona https:\/\/www.howsmart.pl\/ dzia\u0142a na zasadach okre\u015blonych w niniejszym Regulaminie. Regulamin okre\u015bla rodzaje i zakres us\u0142ug \u015bwiadczonych drog\u0105 elektroniczn\u0105 przez Stron\u0119 [&hellip;]<\/p>","protected":false},"author":1,"featured_media":0,"parent":0,"menu_order":0,"comment_status":"closed","ping_status":"closed","template":"","meta":{"_acf_changed":false,"footnotes":""},"class_list":["post-4126","page","type-page","status-publish","hentry"],"acf":[],"yoast_head":"<!-- This site is optimized with the Yoast SEO plugin v27.2 - https:\/\/yoast.com\/product\/yoast-seo-wordpress\/ -->\n<title>Regulamin - HowSmart\u00ae - Tw\u00f3j sprytny spos\u00f3b na budow\u0119 nowoczesnego domu. Wybierz sw\u00f3j projekt i zostaw reszt\u0119 nam.<\/title>\n<meta name=\"robots\" content=\"index, follow, max-snippet:-1, max-image-preview:large, max-video-preview:-1\" \/>\n<link rel=\"canonical\" href=\"https:\/\/howsmart.pl\/lv\/regulamin\/\" \/>\n<meta property=\"og:locale\" content=\"lv_LV\" \/>\n<meta property=\"og:type\" content=\"article\" \/>\n<meta property=\"og:title\" content=\"Regulamin - HowSmart\u00ae - Tw\u00f3j sprytny spos\u00f3b na budow\u0119 nowoczesnego domu. Wybierz sw\u00f3j projekt i zostaw reszt\u0119 nam.\" \/>\n<meta property=\"og:description\" content=\"&#8211; Regulamin Postanowienia og\u00f3lne Definicje Rodzaj i zakres us\u0142ug elektronicznych Warunki \u015bwiadczenia i zawierania um\u00f3w o \u015bwiadczenie us\u0142ug elektronicznych Warunki rozwi\u0105zania um\u00f3w o \u015bwiadczenie us\u0142ug elektronicznych Tryb post\u0119powania reklamacyjnego W\u0142asno\u015b\u0107 intelektualna Postanowienia ko\u0144cowe POSTANOWIENIA OG\u00d3LNE Strona https:\/\/www.howsmart.pl\/ dzia\u0142a na zasadach okre\u015blonych w niniejszym Regulaminie. Regulamin okre\u015bla rodzaje i zakres us\u0142ug \u015bwiadczonych drog\u0105 elektroniczn\u0105 przez Stron\u0119 [&hellip;]\" \/>\n<meta property=\"og:url\" content=\"https:\/\/howsmart.pl\/lv\/regulamin\/\" \/>\n<meta property=\"og:site_name\" content=\"HowSmart\u00ae - Tw\u00f3j sprytny spos\u00f3b na budow\u0119 nowoczesnego domu. Wybierz sw\u00f3j projekt i zostaw reszt\u0119 nam.\" \/>\n<meta property=\"article:publisher\" content=\"https:\/\/www.facebook.com\/HowSmart.official\/?modal=admin_todo_tour\" \/>\n<meta property=\"article:modified_time\" content=\"2024-12-23T06:35:05+00:00\" \/>\n<meta name=\"twitter:card\" content=\"summary_large_image\" \/>\n<meta name=\"twitter:label1\" content=\"Est. reading time\" \/>\n\t<meta name=\"twitter:data1\" content=\"5 min\u016btes\" \/>\n<script type=\"application\/ld+json\" class=\"yoast-schema-graph\">{\"@context\":\"https:\/\/schema.org\",\"@graph\":[{\"@type\":\"WebPage\",\"@id\":\"https:\/\/howsmart.pl\/regulamin\/\",\"url\":\"https:\/\/howsmart.pl\/regulamin\/\",\"name\":\"Regulamin - HowSmart\u00ae - Tw\u00f3j sprytny spos\u00f3b na budow\u0119 nowoczesnego domu. Wybierz sw\u00f3j projekt i zostaw reszt\u0119 nam.\",\"isPartOf\":{\"@id\":\"https:\/\/howsmart.pl\/#website\"},\"datePublished\":\"2024-12-12T15:29:03+00:00\",\"dateModified\":\"2024-12-23T06:35:05+00:00\",\"breadcrumb\":{\"@id\":\"https:\/\/howsmart.pl\/regulamin\/#breadcrumb\"},\"inLanguage\":\"lv-LV\",\"potentialAction\":[{\"@type\":\"ReadAction\",\"target\":[\"https:\/\/howsmart.pl\/regulamin\/\"]}]},{\"@type\":\"BreadcrumbList\",\"@id\":\"https:\/\/howsmart.pl\/regulamin\/#breadcrumb\",\"itemListElement\":[{\"@type\":\"ListItem\",\"position\":1,\"name\":\"Strona g\u0142\u00f3wna\",\"item\":\"https:\/\/howsmart.pl\/\"},{\"@type\":\"ListItem\",\"position\":2,\"name\":\"Regulamin\"}]},{\"@type\":\"WebSite\",\"@id\":\"https:\/\/howsmart.pl\/#website\",\"url\":\"https:\/\/howsmart.pl\/\",\"name\":\"HowSmart\u00ae\",\"description\":\"Sprytne domy dla Ciebie\",\"publisher\":{\"@id\":\"https:\/\/howsmart.pl\/#organization\"},\"potentialAction\":[{\"@type\":\"SearchAction\",\"target\":{\"@type\":\"EntryPoint\",\"urlTemplate\":\"https:\/\/howsmart.pl\/?s={search_term_string}\"},\"query-input\":{\"@type\":\"PropertyValueSpecification\",\"valueRequired\":true,\"valueName\":\"search_term_string\"}}],\"inLanguage\":\"lv-LV\"},{\"@type\":\"Organization\",\"@id\":\"https:\/\/howsmart.pl\/#organization\",\"name\":\"HowSmart\u00ae\",\"url\":\"https:\/\/howsmart.pl\/\",\"logo\":{\"@type\":\"ImageObject\",\"inLanguage\":\"lv-LV\",\"@id\":\"https:\/\/howsmart.pl\/#\/schema\/logo\/image\/\",\"url\":\"https:\/\/howsmart.pl\/wp-content\/uploads\/2026\/03\/HS.png\",\"contentUrl\":\"https:\/\/howsmart.pl\/wp-content\/uploads\/2026\/03\/HS.png\",\"width\":673,\"height\":673,\"caption\":\"HowSmart\u00ae\"},\"image\":{\"@id\":\"https:\/\/howsmart.pl\/#\/schema\/logo\/image\/\"},\"sameAs\":[\"https:\/\/www.facebook.com\/HowSmart.official\/?modal=admin_todo_tour\",\"https:\/\/www.instagram.com\/howsmart_domy35m2\/?hl=pl\"]}]}<\/script>\n<!-- \/ Yoast SEO plugin. -->","yoast_head_json":{"title":"Regulamin - HowSmart\u00ae - Tw\u00f3j sprytny spos\u00f3b na budow\u0119 nowoczesnego domu. Wybierz sw\u00f3j projekt i zostaw reszt\u0119 nam.","robots":{"index":"index","follow":"follow","max-snippet":"max-snippet:-1","max-image-preview":"max-image-preview:large","max-video-preview":"max-video-preview:-1"},"canonical":"https:\/\/howsmart.pl\/lv\/regulamin\/","og_locale":"lv_LV","og_type":"article","og_title":"Regulamin - HowSmart\u00ae - Tw\u00f3j sprytny spos\u00f3b na budow\u0119 nowoczesnego domu. Wybierz sw\u00f3j projekt i zostaw reszt\u0119 nam.","og_description":"&#8211; Regulamin Postanowienia og\u00f3lne Definicje Rodzaj i zakres us\u0142ug elektronicznych Warunki \u015bwiadczenia i zawierania um\u00f3w o \u015bwiadczenie us\u0142ug elektronicznych Warunki rozwi\u0105zania um\u00f3w o \u015bwiadczenie us\u0142ug elektronicznych Tryb post\u0119powania reklamacyjnego W\u0142asno\u015b\u0107 intelektualna Postanowienia ko\u0144cowe POSTANOWIENIA OG\u00d3LNE Strona https:\/\/www.howsmart.pl\/ dzia\u0142a na zasadach okre\u015blonych w niniejszym Regulaminie. Regulamin okre\u015bla rodzaje i zakres us\u0142ug \u015bwiadczonych drog\u0105 elektroniczn\u0105 przez Stron\u0119 [&hellip;]","og_url":"https:\/\/howsmart.pl\/lv\/regulamin\/","og_site_name":"HowSmart\u00ae - Tw\u00f3j sprytny spos\u00f3b na budow\u0119 nowoczesnego domu. Wybierz sw\u00f3j projekt i zostaw reszt\u0119 nam.","article_publisher":"https:\/\/www.facebook.com\/HowSmart.official\/?modal=admin_todo_tour","article_modified_time":"2024-12-23T06:35:05+00:00","twitter_card":"summary_large_image","twitter_misc":{"Est. reading time":"5 min\u016btes"},"schema":{"@context":"https:\/\/schema.org","@graph":[{"@type":"WebPage","@id":"https:\/\/howsmart.pl\/regulamin\/","url":"https:\/\/howsmart.pl\/regulamin\/","name":"Regulamin - HowSmart\u00ae - Tw\u00f3j sprytny spos\u00f3b na budow\u0119 nowoczesnego domu. Wybierz sw\u00f3j projekt i zostaw reszt\u0119 nam.","isPartOf":{"@id":"https:\/\/howsmart.pl\/#website"},"datePublished":"2024-12-12T15:29:03+00:00","dateModified":"2024-12-23T06:35:05+00:00","breadcrumb":{"@id":"https:\/\/howsmart.pl\/regulamin\/#breadcrumb"},"inLanguage":"lv-LV","potentialAction":[{"@type":"ReadAction","target":["https:\/\/howsmart.pl\/regulamin\/"]}]},{"@type":"BreadcrumbList","@id":"https:\/\/howsmart.pl\/regulamin\/#breadcrumb","itemListElement":[{"@type":"ListItem","position":1,"name":"Strona g\u0142\u00f3wna","item":"https:\/\/howsmart.pl\/"},{"@type":"ListItem","position":2,"name":"Regulamin"}]},{"@type":"WebSite","@id":"https:\/\/howsmart.pl\/#website","url":"https:\/\/howsmart.pl\/","name":"HowSmart\u00ae","description":"Sprytne domy dla Ciebie","publisher":{"@id":"https:\/\/howsmart.pl\/#organization"},"potentialAction":[{"@type":"SearchAction","target":{"@type":"EntryPoint","urlTemplate":"https:\/\/howsmart.pl\/?s={search_term_string}"},"query-input":{"@type":"PropertyValueSpecification","valueRequired":true,"valueName":"search_term_string"}}],"inLanguage":"lv-LV"},{"@type":"Organization","@id":"https:\/\/howsmart.pl\/#organization","name":"HowSmart\u00ae","url":"https:\/\/howsmart.pl\/","logo":{"@type":"ImageObject","inLanguage":"lv-LV","@id":"https:\/\/howsmart.pl\/#\/schema\/logo\/image\/","url":"https:\/\/howsmart.pl\/wp-content\/uploads\/2026\/03\/HS.png","contentUrl":"https:\/\/howsmart.pl\/wp-content\/uploads\/2026\/03\/HS.png","width":673,"height":673,"caption":"HowSmart\u00ae"},"image":{"@id":"https:\/\/howsmart.pl\/#\/schema\/logo\/image\/"},"sameAs":["https:\/\/www.facebook.com\/HowSmart.official\/?modal=admin_todo_tour","https:\/\/www.instagram.com\/howsmart_domy35m2\/?hl=pl"]}]}},"_links":{"self":[{"href":"https:\/\/howsmart.pl\/lv\/wp-json\/wp\/v2\/pages\/4126","targetHints":{"allow":["GET"]}}],"collection":[{"href":"https:\/\/howsmart.pl\/lv\/wp-json\/wp\/v2\/pages"}],"about":[{"href":"https:\/\/howsmart.pl\/lv\/wp-json\/wp\/v2\/types\/page"}],"author":[{"embeddable":true,"href":"https:\/\/howsmart.pl\/lv\/wp-json\/wp\/v2\/users\/1"}],"replies":[{"embeddable":true,"href":"https:\/\/howsmart.pl\/lv\/wp-json\/wp\/v2\/comments?post=4126"}],"version-history":[{"count":7,"href":"https:\/\/howsmart.pl\/lv\/wp-json\/wp\/v2\/pages\/4126\/revisions"}],"predecessor-version":[{"id":5933,"href":"https:\/\/howsmart.pl\/lv\/wp-json\/wp\/v2\/pages\/4126\/revisions\/5933"}],"wp:attachment":[{"href":"https:\/\/howsmart.pl\/lv\/wp-json\/wp\/v2\/media?parent=4126"}],"curies":[{"name":"wp","href":"https:\/\/api.w.org\/{rel}","templated":true}]}}