{"id":9109,"date":"2025-09-15T12:10:52","date_gmt":"2025-09-15T10:10:52","guid":{"rendered":"https:\/\/howsmart.pl\/?page_id=9109"},"modified":"2025-09-15T12:16:01","modified_gmt":"2025-09-15T10:16:01","slug":"regulamin-promocji","status":"publish","type":"page","link":"https:\/\/howsmart.pl\/it\/regulamin-promocji\/","title":{"rendered":"Regulamin promocji"},"content":{"rendered":"<div data-elementor-type=\"wp-page\" data-elementor-id=\"9109\" class=\"elementor elementor-9109\" data-elementor-post-type=\"page\">\n\t\t\t\t\t\t<section class=\"elementor-section elementor-top-section elementor-element elementor-element-d39203f elementor-section-full_width elementor-section-height-default elementor-section-height-default\" data-id=\"d39203f\" data-element_type=\"section\" data-e-type=\"section\">\n\t\t\t\t\t\t<div class=\"elementor-container elementor-column-gap-default\">\n\t\t\t\t\t<div class=\"elementor-column elementor-col-50 elementor-top-column elementor-element elementor-element-0042f54\" data-id=\"0042f54\" data-element_type=\"column\" data-e-type=\"column\">\n\t\t\t<div class=\"elementor-widget-wrap elementor-element-populated\">\n\t\t\t\t\t\t<div class=\"elementor-element elementor-element-337de37 elementor-widget__width-auto elementor-align-left elementor-widget elementor-widget-button\" data-id=\"337de37\" data-element_type=\"widget\" data-e-type=\"widget\" data-widget_type=\"button.default\">\n\t\t\t\t<div class=\"elementor-widget-container\">\n\t\t\t\t\t\t\t\t\t<div class=\"elementor-button-wrapper\">\n\t\t\t\t\t<a class=\"elementor-button elementor-button-link elementor-size-sm\" href=\"#\">\n\t\t\t\t\t\t<span class=\"elementor-button-content-wrapper\">\n\t\t\t\t\t\t\t\t\t<span class=\"elementor-button-text\">-<\/span>\n\t\t\t\t\t<\/span>\n\t\t\t\t\t<\/a>\n\t\t\t\t<\/div>\n\t\t\t\t\t\t\t\t<\/div>\n\t\t\t\t<\/div>\n\t\t\t\t<div class=\"elementor-element elementor-element-47bfe6d elementor-widget__width-inherit elementor-widget elementor-widget-heading\" data-id=\"47bfe6d\" data-element_type=\"widget\" data-e-type=\"widget\" data-widget_type=\"heading.default\">\n\t\t\t\t<div class=\"elementor-widget-container\">\n\t\t\t\t\t<h1 class=\"elementor-heading-title elementor-size-default\">Regulamin\npromocji<\/h1>\t\t\t\t<\/div>\n\t\t\t\t<\/div>\n\t\t\t\t\t<\/div>\n\t\t<\/div>\n\t\t\t\t<div class=\"elementor-column elementor-col-50 elementor-top-column elementor-element elementor-element-dfbeadc\" data-id=\"dfbeadc\" data-element_type=\"column\" data-e-type=\"column\">\n\t\t\t<div class=\"elementor-widget-wrap elementor-element-populated\">\n\t\t\t\t\t\t<div class=\"elementor-element elementor-element-173ef02 elementor-widget elementor-widget-text-editor\" data-id=\"173ef02\" data-element_type=\"widget\" data-e-type=\"widget\" data-widget_type=\"text-editor.default\">\n\t\t\t\t<div class=\"elementor-widget-container\">\n\t\t\t\t\t\t\t\t\t<p><strong>\u00a71. Organizator<\/strong> <br \/>1. Organizatorem promocji jest firma HowSmart z siedzib\u0105 w Warszawie, NIP: 951 251 08 78. <br \/>2. Promocja odbywa si\u0119 w Osadzie Dotyk Tatr.<\/p><p><strong>\u00a72. Czas trwania promocji<\/strong> <br \/>1. Promocja obowi\u0105zuje od dnia publikacji posta na Facebooku do odwo\u0142ania lub wyczerpania puli nagr\u00f3d.<br \/><br \/><strong>\u00a73. Zasady promocji \u2013 weekend za darmo<\/strong> <br \/>1. Ka\u017cda osoba, kt\u00f3ra zarezerwuje weekendowy pobyt w Osadzie Dotyk Tatr, a nast\u0119pnie w ci\u0105gu 30 dni od daty tego pobytu podpisze umow\u0119 na budow\u0119 domu HowSmart, otrzyma zwrot koszt\u00f3w pobytu w formie odliczenia tej kwoty od ceny budowy domu. <br \/>2. Zwrot kosztu pobytu dotyczy wy\u0142\u0105cznie jednej rezerwacji przypadaj\u0105cej na dan\u0105 umow\u0119 o budow\u0119 domu.<br \/><br \/><strong>\u00a74. Zasady promocji \u2013 rabat 20%<\/strong> <br \/>1. Pierwsze 10 os\u00f3b, kt\u00f3re spe\u0142ni\u0105 nast\u0119puj\u0105ce warunki: <br \/>a) polubi\u0105 post promocyjny, <br \/>b) udost\u0119pni\u0105 post na swojej tablicy, <br \/>c) oznacz\u0105 w komentarzu osob\u0119, z kt\u00f3r\u0105 wybior\u0105 si\u0119 do Osady Dotyk Tatr, <br \/>d) wy\u015bl\u0105 wiadomo\u015b\u0107 e-mail na adres koczynski.jaroslaw@howsmart.pl z informacj\u0119 o planowanym terminie pobytu, otrzymaj\u0105 rabat -20% na weekendowy pobyt w Osadzie Dotyk Tatr. <br \/>2. O kolejno\u015bci decyduje data i godzina wp\u0142ywu e-maila.<br \/><br \/><strong>\u00a75. Ograniczenia<\/strong> <br \/>1. Promocja nie \u0142\u0105czy si\u0119 z innymi rabatami lub promocjami. <br \/>2. Promocja dotyczy wy\u0142\u0105cznie os\u00f3b pe\u0142noletnich. <br \/>3. Organizator zastrzega sobie prawo do zako\u0144czenia promocji w dowolnym momencie bez podania przyczyny.<br \/><br \/><strong>\u00a76. Postanowienia ko\u0144cowe<\/strong> <br \/>1. Regulamin promocji dost\u0119pny jest na stronie internetowej <a href=\"https:\/\/howsmart.pl\/it\/\">www.howsmart.pl<\/a> lub na \u017cyczenie drog\u0105 mailow\u0105. <br \/>2. W sprawach nieuregulowanych niniejszym regulaminem zastosowanie maj\u0105 przepisy prawa polskiego.<\/p>\t\t\t\t\t\t\t\t<\/div>\n\t\t\t\t<\/div>\n\t\t\t\t\t<\/div>\n\t\t<\/div>\n\t\t\t\t\t<\/div>\n\t\t<\/section>\n\t\t\t\t<\/div>","protected":false},"excerpt":{"rendered":"<p>&#8211; Regulamin promocji \u00a71. Organizator 1. Organizatorem promocji jest firma HowSmart z siedzib\u0105 w Warszawie, NIP: 951 251 08 78. 2. Promocja odbywa si\u0119 w Osadzie Dotyk Tatr. \u00a72. Czas trwania promocji 1. Promocja obowi\u0105zuje od dnia publikacji posta na Facebooku do odwo\u0142ania lub wyczerpania puli nagr\u00f3d. \u00a73. Zasady promocji \u2013 weekend za darmo 1. [&hellip;]<\/p>","protected":false},"author":1,"featured_media":0,"parent":0,"menu_order":0,"comment_status":"closed","ping_status":"closed","template":"","meta":{"_acf_changed":false,"footnotes":""},"class_list":["post-9109","page","type-page","status-publish","hentry"],"acf":[],"yoast_head":"<!-- This site is optimized with the Yoast SEO plugin v27.2 - https:\/\/yoast.com\/product\/yoast-seo-wordpress\/ -->\n<title>Regulamin promocji - HowSmart\u00ae - Tw\u00f3j sprytny spos\u00f3b na budow\u0119 nowoczesnego domu. Wybierz sw\u00f3j projekt i zostaw reszt\u0119 nam.<\/title>\n<meta name=\"robots\" content=\"index, follow, max-snippet:-1, max-image-preview:large, max-video-preview:-1\" \/>\n<link rel=\"canonical\" href=\"https:\/\/howsmart.pl\/it\/regulamin-promocji\/\" \/>\n<meta property=\"og:locale\" content=\"it_IT\" \/>\n<meta property=\"og:type\" content=\"article\" \/>\n<meta property=\"og:title\" content=\"Regulamin promocji - HowSmart\u00ae - Tw\u00f3j sprytny spos\u00f3b na budow\u0119 nowoczesnego domu. Wybierz sw\u00f3j projekt i zostaw reszt\u0119 nam.\" \/>\n<meta property=\"og:description\" content=\"&#8211; Regulamin promocji \u00a71. Organizator 1. Organizatorem promocji jest firma HowSmart z siedzib\u0105 w Warszawie, NIP: 951 251 08 78. 2. Promocja odbywa si\u0119 w Osadzie Dotyk Tatr. \u00a72. Czas trwania promocji 1. Promocja obowi\u0105zuje od dnia publikacji posta na Facebooku do odwo\u0142ania lub wyczerpania puli nagr\u00f3d. \u00a73. Zasady promocji \u2013 weekend za darmo 1. [&hellip;]\" \/>\n<meta property=\"og:url\" content=\"https:\/\/howsmart.pl\/it\/regulamin-promocji\/\" \/>\n<meta property=\"og:site_name\" content=\"HowSmart\u00ae - Tw\u00f3j sprytny spos\u00f3b na budow\u0119 nowoczesnego domu. Wybierz sw\u00f3j projekt i zostaw reszt\u0119 nam.\" \/>\n<meta property=\"article:publisher\" content=\"https:\/\/www.facebook.com\/HowSmart.official\/?modal=admin_todo_tour\" \/>\n<meta property=\"article:modified_time\" content=\"2025-09-15T10:16:01+00:00\" \/>\n<meta name=\"twitter:card\" content=\"summary_large_image\" \/>\n<meta name=\"twitter:label1\" content=\"Tempo di lettura stimato\" \/>\n\t<meta name=\"twitter:data1\" content=\"1 minuto\" \/>\n<script type=\"application\/ld+json\" class=\"yoast-schema-graph\">{\"@context\":\"https:\/\/schema.org\",\"@graph\":[{\"@type\":\"WebPage\",\"@id\":\"https:\/\/howsmart.pl\/regulamin-promocji\/\",\"url\":\"https:\/\/howsmart.pl\/regulamin-promocji\/\",\"name\":\"Regulamin promocji - HowSmart\u00ae - Tw\u00f3j sprytny spos\u00f3b na budow\u0119 nowoczesnego domu. Wybierz sw\u00f3j projekt i zostaw reszt\u0119 nam.\",\"isPartOf\":{\"@id\":\"https:\/\/howsmart.pl\/#website\"},\"datePublished\":\"2025-09-15T10:10:52+00:00\",\"dateModified\":\"2025-09-15T10:16:01+00:00\",\"breadcrumb\":{\"@id\":\"https:\/\/howsmart.pl\/regulamin-promocji\/#breadcrumb\"},\"inLanguage\":\"it-IT\",\"potentialAction\":[{\"@type\":\"ReadAction\",\"target\":[\"https:\/\/howsmart.pl\/regulamin-promocji\/\"]}]},{\"@type\":\"BreadcrumbList\",\"@id\":\"https:\/\/howsmart.pl\/regulamin-promocji\/#breadcrumb\",\"itemListElement\":[{\"@type\":\"ListItem\",\"position\":1,\"name\":\"Strona g\u0142\u00f3wna\",\"item\":\"https:\/\/howsmart.pl\/\"},{\"@type\":\"ListItem\",\"position\":2,\"name\":\"Regulamin promocji\"}]},{\"@type\":\"WebSite\",\"@id\":\"https:\/\/howsmart.pl\/#website\",\"url\":\"https:\/\/howsmart.pl\/\",\"name\":\"HowSmart\u00ae\",\"description\":\"Sprytne domy dla Ciebie\",\"publisher\":{\"@id\":\"https:\/\/howsmart.pl\/#organization\"},\"potentialAction\":[{\"@type\":\"SearchAction\",\"target\":{\"@type\":\"EntryPoint\",\"urlTemplate\":\"https:\/\/howsmart.pl\/?s={search_term_string}\"},\"query-input\":{\"@type\":\"PropertyValueSpecification\",\"valueRequired\":true,\"valueName\":\"search_term_string\"}}],\"inLanguage\":\"it-IT\"},{\"@type\":\"Organization\",\"@id\":\"https:\/\/howsmart.pl\/#organization\",\"name\":\"HowSmart\u00ae\",\"url\":\"https:\/\/howsmart.pl\/\",\"logo\":{\"@type\":\"ImageObject\",\"inLanguage\":\"it-IT\",\"@id\":\"https:\/\/howsmart.pl\/#\/schema\/logo\/image\/\",\"url\":\"https:\/\/howsmart.pl\/wp-content\/uploads\/2026\/03\/HS.png\",\"contentUrl\":\"https:\/\/howsmart.pl\/wp-content\/uploads\/2026\/03\/HS.png\",\"width\":673,\"height\":673,\"caption\":\"HowSmart\u00ae\"},\"image\":{\"@id\":\"https:\/\/howsmart.pl\/#\/schema\/logo\/image\/\"},\"sameAs\":[\"https:\/\/www.facebook.com\/HowSmart.official\/?modal=admin_todo_tour\",\"https:\/\/www.instagram.com\/howsmart_domy35m2\/?hl=pl\"]}]}<\/script>\n<!-- \/ Yoast SEO plugin. -->","yoast_head_json":{"title":"Regulamin promocji - HowSmart\u00ae - Tw\u00f3j sprytny spos\u00f3b na budow\u0119 nowoczesnego domu. Wybierz sw\u00f3j projekt i zostaw reszt\u0119 nam.","robots":{"index":"index","follow":"follow","max-snippet":"max-snippet:-1","max-image-preview":"max-image-preview:large","max-video-preview":"max-video-preview:-1"},"canonical":"https:\/\/howsmart.pl\/it\/regulamin-promocji\/","og_locale":"it_IT","og_type":"article","og_title":"Regulamin promocji - HowSmart\u00ae - Tw\u00f3j sprytny spos\u00f3b na budow\u0119 nowoczesnego domu. Wybierz sw\u00f3j projekt i zostaw reszt\u0119 nam.","og_description":"&#8211; Regulamin promocji \u00a71. Organizator 1. Organizatorem promocji jest firma HowSmart z siedzib\u0105 w Warszawie, NIP: 951 251 08 78. 2. Promocja odbywa si\u0119 w Osadzie Dotyk Tatr. \u00a72. Czas trwania promocji 1. Promocja obowi\u0105zuje od dnia publikacji posta na Facebooku do odwo\u0142ania lub wyczerpania puli nagr\u00f3d. \u00a73. Zasady promocji \u2013 weekend za darmo 1. [&hellip;]","og_url":"https:\/\/howsmart.pl\/it\/regulamin-promocji\/","og_site_name":"HowSmart\u00ae - Tw\u00f3j sprytny spos\u00f3b na budow\u0119 nowoczesnego domu. Wybierz sw\u00f3j projekt i zostaw reszt\u0119 nam.","article_publisher":"https:\/\/www.facebook.com\/HowSmart.official\/?modal=admin_todo_tour","article_modified_time":"2025-09-15T10:16:01+00:00","twitter_card":"summary_large_image","twitter_misc":{"Tempo di lettura stimato":"1 minuto"},"schema":{"@context":"https:\/\/schema.org","@graph":[{"@type":"WebPage","@id":"https:\/\/howsmart.pl\/regulamin-promocji\/","url":"https:\/\/howsmart.pl\/regulamin-promocji\/","name":"Regulamin promocji - HowSmart\u00ae - Tw\u00f3j sprytny spos\u00f3b na budow\u0119 nowoczesnego domu. Wybierz sw\u00f3j projekt i zostaw reszt\u0119 nam.","isPartOf":{"@id":"https:\/\/howsmart.pl\/#website"},"datePublished":"2025-09-15T10:10:52+00:00","dateModified":"2025-09-15T10:16:01+00:00","breadcrumb":{"@id":"https:\/\/howsmart.pl\/regulamin-promocji\/#breadcrumb"},"inLanguage":"it-IT","potentialAction":[{"@type":"ReadAction","target":["https:\/\/howsmart.pl\/regulamin-promocji\/"]}]},{"@type":"BreadcrumbList","@id":"https:\/\/howsmart.pl\/regulamin-promocji\/#breadcrumb","itemListElement":[{"@type":"ListItem","position":1,"name":"Strona g\u0142\u00f3wna","item":"https:\/\/howsmart.pl\/"},{"@type":"ListItem","position":2,"name":"Regulamin promocji"}]},{"@type":"WebSite","@id":"https:\/\/howsmart.pl\/#website","url":"https:\/\/howsmart.pl\/","name":"HowSmart\u00ae","description":"Sprytne domy dla Ciebie","publisher":{"@id":"https:\/\/howsmart.pl\/#organization"},"potentialAction":[{"@type":"SearchAction","target":{"@type":"EntryPoint","urlTemplate":"https:\/\/howsmart.pl\/?s={search_term_string}"},"query-input":{"@type":"PropertyValueSpecification","valueRequired":true,"valueName":"search_term_string"}}],"inLanguage":"it-IT"},{"@type":"Organization","@id":"https:\/\/howsmart.pl\/#organization","name":"HowSmart\u00ae","url":"https:\/\/howsmart.pl\/","logo":{"@type":"ImageObject","inLanguage":"it-IT","@id":"https:\/\/howsmart.pl\/#\/schema\/logo\/image\/","url":"https:\/\/howsmart.pl\/wp-content\/uploads\/2026\/03\/HS.png","contentUrl":"https:\/\/howsmart.pl\/wp-content\/uploads\/2026\/03\/HS.png","width":673,"height":673,"caption":"HowSmart\u00ae"},"image":{"@id":"https:\/\/howsmart.pl\/#\/schema\/logo\/image\/"},"sameAs":["https:\/\/www.facebook.com\/HowSmart.official\/?modal=admin_todo_tour","https:\/\/www.instagram.com\/howsmart_domy35m2\/?hl=pl"]}]}},"_links":{"self":[{"href":"https:\/\/howsmart.pl\/it\/wp-json\/wp\/v2\/pages\/9109","targetHints":{"allow":["GET"]}}],"collection":[{"href":"https:\/\/howsmart.pl\/it\/wp-json\/wp\/v2\/pages"}],"about":[{"href":"https:\/\/howsmart.pl\/it\/wp-json\/wp\/v2\/types\/page"}],"author":[{"embeddable":true,"href":"https:\/\/howsmart.pl\/it\/wp-json\/wp\/v2\/users\/1"}],"replies":[{"embeddable":true,"href":"https:\/\/howsmart.pl\/it\/wp-json\/wp\/v2\/comments?post=9109"}],"version-history":[{"count":7,"href":"https:\/\/howsmart.pl\/it\/wp-json\/wp\/v2\/pages\/9109\/revisions"}],"predecessor-version":[{"id":9117,"href":"https:\/\/howsmart.pl\/it\/wp-json\/wp\/v2\/pages\/9109\/revisions\/9117"}],"wp:attachment":[{"href":"https:\/\/howsmart.pl\/it\/wp-json\/wp\/v2\/media?parent=9109"}],"curies":[{"name":"wp","href":"https:\/\/api.w.org\/{rel}","templated":true}]}}