{"id":4132,"date":"2024-12-12T16:34:29","date_gmt":"2024-12-12T15:34:29","guid":{"rendered":"https:\/\/hosting2347530.online.pro\/autoinstalator\/wordpress5\/?page_id=4132"},"modified":"2024-12-23T07:35:18","modified_gmt":"2024-12-23T06:35:18","slug":"regulamin-newslettera","status":"publish","type":"page","link":"https:\/\/howsmart.pl\/it\/regulamin-newslettera\/","title":{"rendered":"Termini e condizioni della newsletter"},"content":{"rendered":"<div data-elementor-type=\"wp-page\" data-elementor-id=\"4132\" class=\"elementor elementor-4132\" data-elementor-post-type=\"page\">\n\t\t\t\t\t\t<section class=\"elementor-section elementor-top-section elementor-element elementor-element-d39203f elementor-section-full_width elementor-section-height-default elementor-section-height-default\" data-id=\"d39203f\" data-element_type=\"section\" data-e-type=\"section\">\n\t\t\t\t\t\t<div class=\"elementor-container elementor-column-gap-default\">\n\t\t\t\t\t<div class=\"elementor-column elementor-col-50 elementor-top-column elementor-element elementor-element-0042f54\" data-id=\"0042f54\" data-element_type=\"column\" data-e-type=\"column\">\n\t\t\t<div class=\"elementor-widget-wrap elementor-element-populated\">\n\t\t\t\t\t\t<div class=\"elementor-element elementor-element-337de37 elementor-widget__width-auto elementor-align-left elementor-widget elementor-widget-button\" data-id=\"337de37\" data-element_type=\"widget\" data-e-type=\"widget\" data-widget_type=\"button.default\">\n\t\t\t\t<div class=\"elementor-widget-container\">\n\t\t\t\t\t\t\t\t\t<div class=\"elementor-button-wrapper\">\n\t\t\t\t\t<a class=\"elementor-button elementor-button-link elementor-size-sm\" href=\"#\">\n\t\t\t\t\t\t<span class=\"elementor-button-content-wrapper\">\n\t\t\t\t\t\t\t\t\t<span class=\"elementor-button-text\">-<\/span>\n\t\t\t\t\t<\/span>\n\t\t\t\t\t<\/a>\n\t\t\t\t<\/div>\n\t\t\t\t\t\t\t\t<\/div>\n\t\t\t\t<\/div>\n\t\t\t\t<div class=\"elementor-element elementor-element-47bfe6d elementor-widget__width-inherit elementor-widget elementor-widget-heading\" data-id=\"47bfe6d\" data-element_type=\"widget\" data-e-type=\"widget\" data-widget_type=\"heading.default\">\n\t\t\t\t<div class=\"elementor-widget-container\">\n\t\t\t\t\t<h1 class=\"elementor-heading-title elementor-size-default\">Regulamin\nnewslettera<\/h1>\t\t\t\t<\/div>\n\t\t\t\t<\/div>\n\t\t\t\t\t<\/div>\n\t\t<\/div>\n\t\t\t\t<div class=\"elementor-column elementor-col-50 elementor-top-column elementor-element elementor-element-dfbeadc\" data-id=\"dfbeadc\" data-element_type=\"column\" data-e-type=\"column\">\n\t\t\t<div class=\"elementor-widget-wrap elementor-element-populated\">\n\t\t\t\t\t\t<div class=\"elementor-element elementor-element-173ef02 elementor-widget elementor-widget-text-editor\" data-id=\"173ef02\" data-element_type=\"widget\" data-e-type=\"widget\" data-widget_type=\"text-editor.default\">\n\t\t\t\t<div class=\"elementor-widget-container\">\n\t\t\t\t\t\t\t\t\t<section class=\"elementor-section elementor-inner-section elementor-element elementor-element-3cd5f96 elementor-section-boxed elementor-section-height-default elementor-section-height-default\" data-id=\"3cd5f96\" data-element_type=\"section\"><div class=\"elementor-container elementor-column-gap-no\"><div class=\"elementor-column elementor-col-100 elementor-inner-column elementor-element elementor-element-e3941d1\" data-id=\"e3941d1\" data-element_type=\"column\"><div class=\"elementor-widget-wrap elementor-element-populated\"><div class=\"elementor-element elementor-element-a0e68c9 elementor-widget elementor-widget-text-editor\" data-id=\"a0e68c9\" data-element_type=\"widget\" data-widget_type=\"text-editor.default\"><div class=\"elementor-widget-container\"><ol><li>REGULAMIN US\u0141UGI NEWSLETTER 1.\u00a0Niniejszy Regulamin Us\u0142ugi Newsletter, zwanym dalej \u201eRegulaminem\u201d, okre\u015bla zasady \u015bwiadczenia us\u0142ugi dostarczania tre\u015bci drog\u0105 poczty elektronicznej (zwanej dalej \u201eus\u0142ug\u0105 Newsletter\u201d) przez Operatora Us\u0142ugi. Operatorem Us\u0142ugi jest HowSmart Sp.z.o.o z siedzib\u0105 w Warszawie przy ul.Gubinowska 4\/77, 02-956 Warszawa, wpisanym do rejestru KRS: 0000870772 , NIP:9512510878, REGON:387615546<ol start=\"2\"><li>Niniejszy regulamin (\u201eRegulamin\u201d) okre\u015bla zasady \u015bwiadczenia i korzystania z nieodp\u0142atnej us\u0142ugi Newsletter.<\/li><li>Us\u0142uga Newsletter jest udost\u0119pniania przez HowSmart Sp.z.o.o z siedzib\u0105 w Warszawie przy ul.Gubinowska 4\/77, 02-956 Warszawa, wpisanym do rejestru KRS: 0000870772 , NIP:9512510878, REGON:387615546 zwan\u0105 dalej \u201eHowSmart\u201d.<\/li><\/ol>Adres poczty elektronicznej: biuro@howsmart.pl<ol start=\"4\"><li>W ramach us\u0142ugi Newsletter, za po\u015brednictwem poczty elektronicznej, na podany przez U\u017cytkownika adres e-mail, HowSmart wysy\u0142a informacj\u0119 w formie listu elektronicznego (e-mail), zwanego dalej \u201eNewsletterem\u201d. Us\u0142uga Newsletter jest \u015bwiadczona nieodp\u0142atnie przez czas nieoznaczony.<\/li><li>Newsletter zawiera informacje o aktualnej ofercie produkt\u00f3w HowSmart, nowo\u015bciach w ofercie HowSmart, aktualnych promocjach lub inne wiadomo\u015bci dotycz\u0105ce HowSmart oraz oferowanych przez HowSmart produkt\u00f3w, w tym opinie, materia\u0142y prasowe, linki (odno\u015bniki) do stron internetowych podmiot\u00f3w wsp\u00f3\u0142pracuj\u0105cych z HowSmart.<\/li><li>Ka\u017cdy wysy\u0142any Newsletter zawiera tak\u017ce:<\/li><\/ol>1)\u00a0\u00a0\u00a0 informacj\u0119 o HowSmart. z siedzib\u0105 w Warszawie jako nadawcy Newslettera, 2)\u00a0\u00a0\u00a0 wype\u0142nione pole \u201eTemat\u201d okre\u015blaj\u0105ce tre\u015b\u0107 Newslettera, 3)\u00a0\u00a0\u00a0 informacj\u0119 o sposobie rezygnacji z us\u0142ugi Newsletter,<ol start=\"7\"><li>Korzystanie z us\u0142ugi Newsletter jest uzale\u017cnione od posiadania przez U\u017cytkownika komputera lub innego urz\u0105dzenia multimedialnego z systemem operacyjnym obs\u0142uguj\u0105cym popularne przegl\u0105darki internetowe (Internet Explorer, Microsoft Edge, Mozilla Firefox, Google Chrome, Opera), z dost\u0119pem do sieci Internet oraz od posiadania przez U\u017cytkownika aktywnego konta poczty elektronicznej (e-mail). Pe\u0142na funkcjonalno\u015b\u0107 dost\u0119pu do informacji Newslettera wy\u015bwietlanych w przegl\u0105darkach internetowych mo\u017ce wymaga\u0107 zatwierdzenia przez U\u017cytkownika plik\u00f3w <em><i>cookies<\/i><\/em>. HowSmart nie gwarantuje jednak mo\u017cliwo\u015bci i efektywno\u015bci korzystania z Newslettera w ca\u0142o\u015bci lub cz\u0119\u015bci przy u\u017cyciu wszystkich dost\u0119pnych narz\u0119dzi.<\/li><li>Zam\u00f3wienie i skorzystanie z us\u0142ugi Newsletter nast\u0119puje wy\u0142\u0105cznie w przypadku dokonania przez U\u017cytkownika \u0142\u0105cznie nast\u0119puj\u0105cych czynno\u015bci rejestracyjnych:<\/li><li>\u2013 podanie adresu poczty elektronicznej (adresu e-mail) u\u017cytkownika w formularzu zamieszczonym na stronie internetowej, \u2013 wyra\u017cenie zgody na otrzymywanie na podany w formularzu adres poczty elektronicznej (adres e-mail) informacji handlowych w rozumieniu ustawy z dnia 18 lipca 2002 r. o \u015bwiadczeniu us\u0142ug drog\u0105 elektroniczn\u0105, \u2013 zaakceptowanie niniejszego Regulaminu i Polityki Prywatno\u015bci.<\/li><li>Po dokonaniu czynno\u015bci zwi\u0105zanych z zam\u00f3wieniem us\u0142ugi Newsletter i klikni\u0119ciu linku zapewniaj\u0105cego rejestracje do us\u0142ugi Newsletter adres e-mail U\u017cytkownika zostanie dodany do listy e-mailingowej HowSmart i b\u0119dzie wykorzystywany w celu wysy\u0142ania U\u017cytkownikowi Newslettera oraz informacji handlowych.<\/li><li>Korzystanie z Newslettera oraz zawartych w nim tre\u015bci dozwolone jest wy\u0142\u0105cznie na w\u0142asny u\u017cytek osobisty w celach zgodnych z jego przeznaczeniem, jak r\u00f3wnie\u017c zgodnie z przepisami prawa, Regulaminu oraz dobrymi obyczajami. Wykorzystanie Newslettera w jakiejkolwiek zorganizowanej dzia\u0142alno\u015bci zarobkowej lub niezarobkowej bez zgody HowSmart jest niedozwolone.<\/li><li>W ramach korzystania z us\u0142ugi Newsletter U\u017cytkownik nie mo\u017ce dostarcza\u0107 tre\u015bci o charakterze bezprawnym.<\/li><li>Administratorem danych osobowych U\u017cytkownik\u00f3w Newslettera jest HowSmart Sp.z.o.o z siedzib\u0105 w Warszawie przy ul.Gubinowska 4\/77, 02-956 Warszawa, wpisanym do rejestru KRS: 0000870772 , NIP:9512510878, REGON:387615546.<\/li><li>HowSmart przetwarza zgromadzone dane osobowe zgodnie z aktualnie obowi\u0105zuj\u0105cymi przepisami dotycz\u0105cymi ochrony danych osobowych, ze szczeg\u00f3lnym uwzgl\u0119dnieniem ustawy z dnia 18 lipca 2002 r. o \u015bwiadczeniu us\u0142ug drog\u0105 elektroniczn\u0105. Dane osobowe U\u017cytkownik\u00f3w b\u0119d\u0105 przetwarzane w celu \u015bwiadczenia us\u0142ugi Newsletter oraz w celu realizacji prawnie usprawiedliwionych cel\u00f3w HowSmart, za kt\u00f3re uwa\u017ca si\u0119 w szczeg\u00f3lno\u015bci marketing w\u0142asnych produkt\u00f3w i us\u0142ug administratora.<\/li><li>U\u017cytkownik ma prawo swobodnego dost\u0119pu do swoich danych osobowych oraz do ich poprawy w ka\u017cdym momencie.<\/li><li>U\u017cytkownik ma prawo do uzyskania informacji, czy i w jakim zakresie i celu s\u0105 przetwarzane jego dane osobowe.<\/li><li>Zasady gromadzenia, przetwarzania i ochrony danych osobowych oraz stosowania plik\u00f3w <em><i>cookies<\/i><\/em>okre\u015blone zosta\u0142y w Polityce prywatno\u015bci zamieszczonej na stronie internetowej pod adresem: www.howsmart.pl w zak\u0142adce \u201ePolityka prywatno\u015bci\u201d<\/li><li>U\u017cytkownik mo\u017ce w ka\u017cdej chwili, bez podania przyczyny i bez ponoszenia koszt\u00f3w, zmieni\u0107 wskazany uprzednio adres poczty elektronicznej (adres e-mail), na kt\u00f3ry jest wysy\u0142any Newsletter lub zrezygnowa\u0107 z us\u0142ugi Newsletter.<\/li><li>Reklamacje i rezygnacj\u0119 dotycz\u0105ce us\u0142ugi Newsletter mo\u017cna sk\u0142ada\u0107:<\/li><\/ol>1)\u00a0\u00a0\u00a0 za po\u015brednictwem poczty elektronicznej na adres: biuro@howsmart.pl 2)\u00a0\u00a0\u00a0 telefonicznie dzwoni\u0105c pod numer telefonu +48\u00a0505\u00a0775 183<ol start=\"20\"><li>Zg\u0142oszenie reklamacji powinno zawiera\u0107 w szczeg\u00f3lno\u015bci:<\/li><\/ol>1)\u00a0\u00a0\u00a0 opis sprawy, kt\u00f3rej dotyczy reklamacja, 2)\u00a0\u00a0\u00a0 adres poczty elektronicznej (adres e-mail) U\u017cytkownika podany podczas rejestracji, 3)\u00a0\u00a0\u00a0 adres do korespondencji lub adres poczty elektronicznej (adres e-mail), na kt\u00f3ry ma zosta\u0107 wys\u0142ana odpowied\u017a na reklamacj\u0119 (je\u017celi jest inny ani\u017celi wskazany podczas rejestracji), 4)\u00a0\u00a0\u00a0 preferowany spos\u00f3b poinformowania o sposobie rozpatrzenia reklamacji. [Postanowienia og\u00f3lne]<ol start=\"21\"><li>Rozpatrzenie reklamacji oraz udzielnie odpowiedzi o sposobie jej rozpatrzenia nast\u0105pi w terminie czternastu dni od daty jej otrzymania przez HowSmart zgodnie z danymi wskazanymi w reklamacji. W przypadku wyst\u0105pienia ewentualnych brak\u00f3w w z\u0142o\u017conej reklamacji, HowSmart zwr\u00f3ci si\u0119 do U\u017cytkownika o ich uzupe\u0142nienie. W przypadku nieprzedstawienia wymaganych danych HowSmart poinformuje U\u017cytkownika o niemo\u017cliwo\u015bci rozpatrzenia reklamacji.<\/li><li>HowSmart zastrzega sobie prawo do zmiany Regulaminu. O tre\u015bci zmian HowSmart informuje U\u017cytkownik\u00f3w poprzez umieszczenie komunikatu na stronie internetowej www.lilou.pl \u00a0nie p\u00f3\u017aniej ni\u017c 14 dni przed wej\u015bciem w \u017cycie zmian. O zmianie Regulaminu U\u017cytkownik jest informowany dodatkowo za po\u015brednictwem poczty elektronicznej na wskazany przez niego adres e-mail.<\/li><li>W przypadku gdy zmiana Regulaminu nie powoduje powstania, wyga\u015bni\u0119cia lub zmiany obowi\u0105zk\u00f3w lub praw U\u017cytkownika lub HowSmart, tre\u015b\u0107 zmian Regulaminu mo\u017ce zosta\u0107 opublikowana wy\u0142\u0105cznie na stronie internetowej www.howsmart.pl<\/li><li>Niniejszy Regulamin dost\u0119pny jest nieodp\u0142atnie pod adresem www.howsmart.pl w zak\u0142adce \u201eRegulamin Newsletter\u201d w formie, kt\u00f3ra umo\u017cliwia pozyskanie, odtwarzanie i utrwalanie tre\u015bci niniejszego Regulaminu za pomoc\u0105 systemu teleinformatycznego, kt\u00f3rym pos\u0142uguje si\u0119 U\u017cytkownik.<\/li><li>Regulamin wchodzi w \u017cycie z dniem opublikowania.<\/li><\/ol><\/li><li>\u00a0<\/li><li><ol><li><ol><li>\u00a0<\/li><\/ol><\/li><\/ol><\/li><\/ol><\/div><\/div><\/div><\/div><\/div><\/section>\t\t\t\t\t\t\t\t<\/div>\n\t\t\t\t<\/div>\n\t\t\t\t\t<\/div>\n\t\t<\/div>\n\t\t\t\t\t<\/div>\n\t\t<\/section>\n\t\t\t\t<\/div>","protected":false},"excerpt":{"rendered":"<p>&#8211; Regulamin newslettera REGULAMIN US\u0141UGI NEWSLETTER 1.\u00a0Niniejszy Regulamin Us\u0142ugi Newsletter, zwanym dalej \u201eRegulaminem\u201d, okre\u015bla zasady \u015bwiadczenia us\u0142ugi dostarczania tre\u015bci drog\u0105 poczty elektronicznej (zwanej dalej \u201eus\u0142ug\u0105 Newsletter\u201d) przez Operatora Us\u0142ugi. Operatorem Us\u0142ugi jest HowSmart Sp.z.o.o z siedzib\u0105 w Warszawie przy ul.Gubinowska 4\/77, 02-956 Warszawa, wpisanym do rejestru KRS: 0000870772 , NIP:9512510878, REGON:387615546 Niniejszy regulamin (\u201eRegulamin\u201d) okre\u015bla [&hellip;]<\/p>","protected":false},"author":1,"featured_media":0,"parent":0,"menu_order":0,"comment_status":"closed","ping_status":"closed","template":"","meta":{"_acf_changed":false,"footnotes":""},"class_list":["post-4132","page","type-page","status-publish","hentry"],"acf":[],"yoast_head":"<!-- This site is optimized with the Yoast SEO plugin v27.2 - https:\/\/yoast.com\/product\/yoast-seo-wordpress\/ -->\n<title>Regulamin newslettera - HowSmart\u00ae - Tw\u00f3j sprytny spos\u00f3b na budow\u0119 nowoczesnego domu. Wybierz sw\u00f3j projekt i zostaw reszt\u0119 nam.<\/title>\n<meta name=\"robots\" content=\"index, follow, max-snippet:-1, max-image-preview:large, max-video-preview:-1\" \/>\n<link rel=\"canonical\" href=\"https:\/\/howsmart.pl\/it\/regulamin-newslettera\/\" \/>\n<meta property=\"og:locale\" content=\"it_IT\" \/>\n<meta property=\"og:type\" content=\"article\" \/>\n<meta property=\"og:title\" content=\"Regulamin newslettera - HowSmart\u00ae - Tw\u00f3j sprytny spos\u00f3b na budow\u0119 nowoczesnego domu. Wybierz sw\u00f3j projekt i zostaw reszt\u0119 nam.\" \/>\n<meta property=\"og:description\" content=\"&#8211; Regulamin newslettera REGULAMIN US\u0141UGI NEWSLETTER 1.\u00a0Niniejszy Regulamin Us\u0142ugi Newsletter, zwanym dalej \u201eRegulaminem\u201d, okre\u015bla zasady \u015bwiadczenia us\u0142ugi dostarczania tre\u015bci drog\u0105 poczty elektronicznej (zwanej dalej \u201eus\u0142ug\u0105 Newsletter\u201d) przez Operatora Us\u0142ugi. Operatorem Us\u0142ugi jest HowSmart Sp.z.o.o z siedzib\u0105 w Warszawie przy ul.Gubinowska 4\/77, 02-956 Warszawa, wpisanym do rejestru KRS: 0000870772 , NIP:9512510878, REGON:387615546 Niniejszy regulamin (\u201eRegulamin\u201d) okre\u015bla [&hellip;]\" \/>\n<meta property=\"og:url\" content=\"https:\/\/howsmart.pl\/it\/regulamin-newslettera\/\" \/>\n<meta property=\"og:site_name\" content=\"HowSmart\u00ae - Tw\u00f3j sprytny spos\u00f3b na budow\u0119 nowoczesnego domu. Wybierz sw\u00f3j projekt i zostaw reszt\u0119 nam.\" \/>\n<meta property=\"article:publisher\" content=\"https:\/\/www.facebook.com\/HowSmart.official\/?modal=admin_todo_tour\" \/>\n<meta property=\"article:modified_time\" content=\"2024-12-23T06:35:18+00:00\" \/>\n<meta name=\"twitter:card\" content=\"summary_large_image\" \/>\n<meta name=\"twitter:label1\" content=\"Tempo di lettura stimato\" \/>\n\t<meta name=\"twitter:data1\" content=\"5 minuti\" \/>\n<script type=\"application\/ld+json\" class=\"yoast-schema-graph\">{\"@context\":\"https:\/\/schema.org\",\"@graph\":[{\"@type\":\"WebPage\",\"@id\":\"https:\/\/howsmart.pl\/regulamin-newslettera\/\",\"url\":\"https:\/\/howsmart.pl\/regulamin-newslettera\/\",\"name\":\"Regulamin newslettera - HowSmart\u00ae - Tw\u00f3j sprytny spos\u00f3b na budow\u0119 nowoczesnego domu. Wybierz sw\u00f3j projekt i zostaw reszt\u0119 nam.\",\"isPartOf\":{\"@id\":\"https:\/\/howsmart.pl\/#website\"},\"datePublished\":\"2024-12-12T15:34:29+00:00\",\"dateModified\":\"2024-12-23T06:35:18+00:00\",\"breadcrumb\":{\"@id\":\"https:\/\/howsmart.pl\/regulamin-newslettera\/#breadcrumb\"},\"inLanguage\":\"it-IT\",\"potentialAction\":[{\"@type\":\"ReadAction\",\"target\":[\"https:\/\/howsmart.pl\/regulamin-newslettera\/\"]}]},{\"@type\":\"BreadcrumbList\",\"@id\":\"https:\/\/howsmart.pl\/regulamin-newslettera\/#breadcrumb\",\"itemListElement\":[{\"@type\":\"ListItem\",\"position\":1,\"name\":\"Strona g\u0142\u00f3wna\",\"item\":\"https:\/\/howsmart.pl\/\"},{\"@type\":\"ListItem\",\"position\":2,\"name\":\"Regulamin newslettera\"}]},{\"@type\":\"WebSite\",\"@id\":\"https:\/\/howsmart.pl\/#website\",\"url\":\"https:\/\/howsmart.pl\/\",\"name\":\"HowSmart\u00ae\",\"description\":\"Sprytne domy dla Ciebie\",\"publisher\":{\"@id\":\"https:\/\/howsmart.pl\/#organization\"},\"potentialAction\":[{\"@type\":\"SearchAction\",\"target\":{\"@type\":\"EntryPoint\",\"urlTemplate\":\"https:\/\/howsmart.pl\/?s={search_term_string}\"},\"query-input\":{\"@type\":\"PropertyValueSpecification\",\"valueRequired\":true,\"valueName\":\"search_term_string\"}}],\"inLanguage\":\"it-IT\"},{\"@type\":\"Organization\",\"@id\":\"https:\/\/howsmart.pl\/#organization\",\"name\":\"HowSmart\u00ae\",\"url\":\"https:\/\/howsmart.pl\/\",\"logo\":{\"@type\":\"ImageObject\",\"inLanguage\":\"it-IT\",\"@id\":\"https:\/\/howsmart.pl\/#\/schema\/logo\/image\/\",\"url\":\"https:\/\/howsmart.pl\/wp-content\/uploads\/2026\/03\/HS.png\",\"contentUrl\":\"https:\/\/howsmart.pl\/wp-content\/uploads\/2026\/03\/HS.png\",\"width\":673,\"height\":673,\"caption\":\"HowSmart\u00ae\"},\"image\":{\"@id\":\"https:\/\/howsmart.pl\/#\/schema\/logo\/image\/\"},\"sameAs\":[\"https:\/\/www.facebook.com\/HowSmart.official\/?modal=admin_todo_tour\",\"https:\/\/www.instagram.com\/howsmart_domy35m2\/?hl=pl\"]}]}<\/script>\n<!-- \/ Yoast SEO plugin. -->","yoast_head_json":{"title":"Regulamin newslettera - HowSmart\u00ae - Tw\u00f3j sprytny spos\u00f3b na budow\u0119 nowoczesnego domu. Wybierz sw\u00f3j projekt i zostaw reszt\u0119 nam.","robots":{"index":"index","follow":"follow","max-snippet":"max-snippet:-1","max-image-preview":"max-image-preview:large","max-video-preview":"max-video-preview:-1"},"canonical":"https:\/\/howsmart.pl\/it\/regulamin-newslettera\/","og_locale":"it_IT","og_type":"article","og_title":"Regulamin newslettera - HowSmart\u00ae - Tw\u00f3j sprytny spos\u00f3b na budow\u0119 nowoczesnego domu. Wybierz sw\u00f3j projekt i zostaw reszt\u0119 nam.","og_description":"&#8211; Regulamin newslettera REGULAMIN US\u0141UGI NEWSLETTER 1.\u00a0Niniejszy Regulamin Us\u0142ugi Newsletter, zwanym dalej \u201eRegulaminem\u201d, okre\u015bla zasady \u015bwiadczenia us\u0142ugi dostarczania tre\u015bci drog\u0105 poczty elektronicznej (zwanej dalej \u201eus\u0142ug\u0105 Newsletter\u201d) przez Operatora Us\u0142ugi. Operatorem Us\u0142ugi jest HowSmart Sp.z.o.o z siedzib\u0105 w Warszawie przy ul.Gubinowska 4\/77, 02-956 Warszawa, wpisanym do rejestru KRS: 0000870772 , NIP:9512510878, REGON:387615546 Niniejszy regulamin (\u201eRegulamin\u201d) okre\u015bla [&hellip;]","og_url":"https:\/\/howsmart.pl\/it\/regulamin-newslettera\/","og_site_name":"HowSmart\u00ae - Tw\u00f3j sprytny spos\u00f3b na budow\u0119 nowoczesnego domu. Wybierz sw\u00f3j projekt i zostaw reszt\u0119 nam.","article_publisher":"https:\/\/www.facebook.com\/HowSmart.official\/?modal=admin_todo_tour","article_modified_time":"2024-12-23T06:35:18+00:00","twitter_card":"summary_large_image","twitter_misc":{"Tempo di lettura stimato":"5 minuti"},"schema":{"@context":"https:\/\/schema.org","@graph":[{"@type":"WebPage","@id":"https:\/\/howsmart.pl\/regulamin-newslettera\/","url":"https:\/\/howsmart.pl\/regulamin-newslettera\/","name":"Regulamin newslettera - HowSmart\u00ae - Tw\u00f3j sprytny spos\u00f3b na budow\u0119 nowoczesnego domu. Wybierz sw\u00f3j projekt i zostaw reszt\u0119 nam.","isPartOf":{"@id":"https:\/\/howsmart.pl\/#website"},"datePublished":"2024-12-12T15:34:29+00:00","dateModified":"2024-12-23T06:35:18+00:00","breadcrumb":{"@id":"https:\/\/howsmart.pl\/regulamin-newslettera\/#breadcrumb"},"inLanguage":"it-IT","potentialAction":[{"@type":"ReadAction","target":["https:\/\/howsmart.pl\/regulamin-newslettera\/"]}]},{"@type":"BreadcrumbList","@id":"https:\/\/howsmart.pl\/regulamin-newslettera\/#breadcrumb","itemListElement":[{"@type":"ListItem","position":1,"name":"Strona g\u0142\u00f3wna","item":"https:\/\/howsmart.pl\/"},{"@type":"ListItem","position":2,"name":"Regulamin newslettera"}]},{"@type":"WebSite","@id":"https:\/\/howsmart.pl\/#website","url":"https:\/\/howsmart.pl\/","name":"HowSmart\u00ae","description":"Sprytne domy dla Ciebie","publisher":{"@id":"https:\/\/howsmart.pl\/#organization"},"potentialAction":[{"@type":"SearchAction","target":{"@type":"EntryPoint","urlTemplate":"https:\/\/howsmart.pl\/?s={search_term_string}"},"query-input":{"@type":"PropertyValueSpecification","valueRequired":true,"valueName":"search_term_string"}}],"inLanguage":"it-IT"},{"@type":"Organization","@id":"https:\/\/howsmart.pl\/#organization","name":"HowSmart\u00ae","url":"https:\/\/howsmart.pl\/","logo":{"@type":"ImageObject","inLanguage":"it-IT","@id":"https:\/\/howsmart.pl\/#\/schema\/logo\/image\/","url":"https:\/\/howsmart.pl\/wp-content\/uploads\/2026\/03\/HS.png","contentUrl":"https:\/\/howsmart.pl\/wp-content\/uploads\/2026\/03\/HS.png","width":673,"height":673,"caption":"HowSmart\u00ae"},"image":{"@id":"https:\/\/howsmart.pl\/#\/schema\/logo\/image\/"},"sameAs":["https:\/\/www.facebook.com\/HowSmart.official\/?modal=admin_todo_tour","https:\/\/www.instagram.com\/howsmart_domy35m2\/?hl=pl"]}]}},"_links":{"self":[{"href":"https:\/\/howsmart.pl\/it\/wp-json\/wp\/v2\/pages\/4132","targetHints":{"allow":["GET"]}}],"collection":[{"href":"https:\/\/howsmart.pl\/it\/wp-json\/wp\/v2\/pages"}],"about":[{"href":"https:\/\/howsmart.pl\/it\/wp-json\/wp\/v2\/types\/page"}],"author":[{"embeddable":true,"href":"https:\/\/howsmart.pl\/it\/wp-json\/wp\/v2\/users\/1"}],"replies":[{"embeddable":true,"href":"https:\/\/howsmart.pl\/it\/wp-json\/wp\/v2\/comments?post=4132"}],"version-history":[{"count":7,"href":"https:\/\/howsmart.pl\/it\/wp-json\/wp\/v2\/pages\/4132\/revisions"}],"predecessor-version":[{"id":5936,"href":"https:\/\/howsmart.pl\/it\/wp-json\/wp\/v2\/pages\/4132\/revisions\/5936"}],"wp:attachment":[{"href":"https:\/\/howsmart.pl\/it\/wp-json\/wp\/v2\/media?parent=4132"}],"curies":[{"name":"wp","href":"https:\/\/api.w.org\/{rel}","templated":true}]}}