{"id":7314,"date":"2025-01-16T16:18:22","date_gmt":"2025-01-16T15:18:22","guid":{"rendered":"https:\/\/hosting2347530.online.pro\/autoinstalator\/wordpress5\/?post_type=product&#038;p=7314"},"modified":"2026-03-14T22:20:40","modified_gmt":"2026-03-14T21:20:40","slug":"green-smart-120","status":"publish","type":"product","link":"https:\/\/howsmart.pl\/en\/product\/green-smart-120\/","title":{"rendered":"Green Smart 120"},"content":{"rendered":"<p>This is a modern style house characterised by a functional layout of the rooms. A home for those who appreciate modern style and a top quality product, yet within a reasonable budget, the golden mean. A large living room on the ground floor and three bedrooms on the first floor ensure maximum use of space in this compact house. What makes this house stand out is the additional guest room on the ground floor in addition to the study, perfect for those who frequently host relatives.<\/p>","protected":false},"excerpt":{"rendered":"<p>Stylowy, pi\u0119trowy, nowoczesny nowo\u015b\u0107 2025<\/p>","protected":false},"featured_media":10645,"comment_status":"open","ping_status":"closed","template":"","meta":{"_acf_changed":false},"product_cat":[47,52],"product_tag":[],"class_list":{"0":"post-7314","1":"product","2":"type-product","3":"status-publish","4":"has-post-thumbnail","6":"product_cat-do-120-m2","7":"product_cat-z-pietrem","9":"first","10":"instock","11":"shipping-taxable","12":"purchasable","13":"product-type-simple"},"acf":[],"yoast_head":"<!-- This site is optimized with the Yoast SEO plugin v27.2 - https:\/\/yoast.com\/product\/yoast-seo-wordpress\/ -->\n<title>Green Smart 120 - HowSmart\u00ae - Tw\u00f3j sprytny spos\u00f3b na budow\u0119 nowoczesnego domu. Wybierz sw\u00f3j projekt i zostaw reszt\u0119 nam.<\/title>\n<meta name=\"robots\" content=\"index, follow, max-snippet:-1, max-image-preview:large, max-video-preview:-1\" \/>\n<link rel=\"canonical\" href=\"https:\/\/howsmart.pl\/en\/product\/green-smart-120\/\" \/>\n<meta property=\"og:locale\" content=\"en_GB\" \/>\n<meta property=\"og:type\" content=\"article\" \/>\n<meta property=\"og:title\" content=\"Green Smart 120 - HowSmart\u00ae - Tw\u00f3j sprytny spos\u00f3b na budow\u0119 nowoczesnego domu. Wybierz sw\u00f3j projekt i zostaw reszt\u0119 nam.\" \/>\n<meta property=\"og:description\" content=\"Stylowy, pi\u0119trowy, nowoczesny nowo\u015b\u0107 2025\" \/>\n<meta property=\"og:url\" content=\"https:\/\/howsmart.pl\/en\/product\/green-smart-120\/\" \/>\n<meta property=\"og:site_name\" content=\"HowSmart\u00ae - Tw\u00f3j sprytny spos\u00f3b na budow\u0119 nowoczesnego domu. Wybierz sw\u00f3j projekt i zostaw reszt\u0119 nam.\" \/>\n<meta property=\"article:publisher\" content=\"https:\/\/www.facebook.com\/HowSmart.official\/?modal=admin_todo_tour\" \/>\n<meta property=\"article:modified_time\" content=\"2026-03-14T21:20:40+00:00\" \/>\n<meta property=\"og:image\" content=\"https:\/\/howsmart.pl\/wp-content\/uploads\/2025\/01\/W1-2-1024x576.png\" \/>\n\t<meta property=\"og:image:width\" content=\"1024\" \/>\n\t<meta property=\"og:image:height\" content=\"576\" \/>\n\t<meta property=\"og:image:type\" content=\"image\/png\" \/>\n<meta name=\"twitter:card\" content=\"summary_large_image\" \/>\n<meta name=\"twitter:label1\" content=\"Estimated reading time\" \/>\n\t<meta name=\"twitter:data1\" content=\"1 minute\" \/>\n<script type=\"application\/ld+json\" class=\"yoast-schema-graph\">{\"@context\":\"https:\/\/schema.org\",\"@graph\":[{\"@type\":\"WebPage\",\"@id\":\"https:\/\/howsmart.pl\/produkt\/green-smart-120\/\",\"url\":\"https:\/\/howsmart.pl\/produkt\/green-smart-120\/\",\"name\":\"Green Smart 120 - HowSmart\u00ae - Tw\u00f3j sprytny spos\u00f3b na budow\u0119 nowoczesnego domu. Wybierz sw\u00f3j projekt i zostaw reszt\u0119 nam.\",\"isPartOf\":{\"@id\":\"https:\/\/howsmart.pl\/#website\"},\"primaryImageOfPage\":{\"@id\":\"https:\/\/howsmart.pl\/produkt\/green-smart-120\/#primaryimage\"},\"image\":{\"@id\":\"https:\/\/howsmart.pl\/produkt\/green-smart-120\/#primaryimage\"},\"thumbnailUrl\":\"https:\/\/howsmart.pl\/wp-content\/uploads\/2025\/01\/W1-2.png\",\"datePublished\":\"2025-01-16T15:18:22+00:00\",\"dateModified\":\"2026-03-14T21:20:40+00:00\",\"breadcrumb\":{\"@id\":\"https:\/\/howsmart.pl\/produkt\/green-smart-120\/#breadcrumb\"},\"inLanguage\":\"en-GB\",\"potentialAction\":[{\"@type\":\"ReadAction\",\"target\":[\"https:\/\/howsmart.pl\/produkt\/green-smart-120\/\"]}]},{\"@type\":\"ImageObject\",\"inLanguage\":\"en-GB\",\"@id\":\"https:\/\/howsmart.pl\/produkt\/green-smart-120\/#primaryimage\",\"url\":\"https:\/\/howsmart.pl\/wp-content\/uploads\/2025\/01\/W1-2.png\",\"contentUrl\":\"https:\/\/howsmart.pl\/wp-content\/uploads\/2025\/01\/W1-2.png\",\"width\":1536,\"height\":864},{\"@type\":\"BreadcrumbList\",\"@id\":\"https:\/\/howsmart.pl\/produkt\/green-smart-120\/#breadcrumb\",\"itemListElement\":[{\"@type\":\"ListItem\",\"position\":1,\"name\":\"Strona g\u0142\u00f3wna\",\"item\":\"https:\/\/howsmart.pl\/\"},{\"@type\":\"ListItem\",\"position\":2,\"name\":\"Projekty\",\"item\":\"https:\/\/howsmart.pl\/projekty\/\"},{\"@type\":\"ListItem\",\"position\":3,\"name\":\"Green Smart 120\"}]},{\"@type\":\"WebSite\",\"@id\":\"https:\/\/howsmart.pl\/#website\",\"url\":\"https:\/\/howsmart.pl\/\",\"name\":\"HowSmart\u00ae\",\"description\":\"Sprytne domy dla Ciebie\",\"publisher\":{\"@id\":\"https:\/\/howsmart.pl\/#organization\"},\"potentialAction\":[{\"@type\":\"SearchAction\",\"target\":{\"@type\":\"EntryPoint\",\"urlTemplate\":\"https:\/\/howsmart.pl\/?s={search_term_string}\"},\"query-input\":{\"@type\":\"PropertyValueSpecification\",\"valueRequired\":true,\"valueName\":\"search_term_string\"}}],\"inLanguage\":\"en-GB\"},{\"@type\":\"Organization\",\"@id\":\"https:\/\/howsmart.pl\/#organization\",\"name\":\"HowSmart\u00ae\",\"url\":\"https:\/\/howsmart.pl\/\",\"logo\":{\"@type\":\"ImageObject\",\"inLanguage\":\"en-GB\",\"@id\":\"https:\/\/howsmart.pl\/#\/schema\/logo\/image\/\",\"url\":\"https:\/\/howsmart.pl\/wp-content\/uploads\/2026\/03\/HS.png\",\"contentUrl\":\"https:\/\/howsmart.pl\/wp-content\/uploads\/2026\/03\/HS.png\",\"width\":673,\"height\":673,\"caption\":\"HowSmart\u00ae\"},\"image\":{\"@id\":\"https:\/\/howsmart.pl\/#\/schema\/logo\/image\/\"},\"sameAs\":[\"https:\/\/www.facebook.com\/HowSmart.official\/?modal=admin_todo_tour\",\"https:\/\/www.instagram.com\/howsmart_domy35m2\/?hl=pl\"]}]}<\/script>\n<!-- \/ Yoast SEO plugin. -->","yoast_head_json":{"title":"Green Smart 120 - HowSmart\u00ae - Tw\u00f3j sprytny spos\u00f3b na budow\u0119 nowoczesnego domu. Wybierz sw\u00f3j projekt i zostaw reszt\u0119 nam.","robots":{"index":"index","follow":"follow","max-snippet":"max-snippet:-1","max-image-preview":"max-image-preview:large","max-video-preview":"max-video-preview:-1"},"canonical":"https:\/\/howsmart.pl\/en\/product\/green-smart-120\/","og_locale":"en_GB","og_type":"article","og_title":"Green Smart 120 - HowSmart\u00ae - Tw\u00f3j sprytny spos\u00f3b na budow\u0119 nowoczesnego domu. Wybierz sw\u00f3j projekt i zostaw reszt\u0119 nam.","og_description":"Stylowy, pi\u0119trowy, nowoczesny nowo\u015b\u0107 2025","og_url":"https:\/\/howsmart.pl\/en\/product\/green-smart-120\/","og_site_name":"HowSmart\u00ae - Tw\u00f3j sprytny spos\u00f3b na budow\u0119 nowoczesnego domu. Wybierz sw\u00f3j projekt i zostaw reszt\u0119 nam.","article_publisher":"https:\/\/www.facebook.com\/HowSmart.official\/?modal=admin_todo_tour","article_modified_time":"2026-03-14T21:20:40+00:00","og_image":[{"width":1024,"height":576,"url":"https:\/\/howsmart.pl\/wp-content\/uploads\/2025\/01\/W1-2-1024x576.png","type":"image\/png"}],"twitter_card":"summary_large_image","twitter_misc":{"Estimated reading time":"1 minute"},"schema":{"@context":"https:\/\/schema.org","@graph":[{"@type":"WebPage","@id":"https:\/\/howsmart.pl\/produkt\/green-smart-120\/","url":"https:\/\/howsmart.pl\/produkt\/green-smart-120\/","name":"Green Smart 120 - HowSmart\u00ae - Tw\u00f3j sprytny spos\u00f3b na budow\u0119 nowoczesnego domu. Wybierz sw\u00f3j projekt i zostaw reszt\u0119 nam.","isPartOf":{"@id":"https:\/\/howsmart.pl\/#website"},"primaryImageOfPage":{"@id":"https:\/\/howsmart.pl\/produkt\/green-smart-120\/#primaryimage"},"image":{"@id":"https:\/\/howsmart.pl\/produkt\/green-smart-120\/#primaryimage"},"thumbnailUrl":"https:\/\/howsmart.pl\/wp-content\/uploads\/2025\/01\/W1-2.png","datePublished":"2025-01-16T15:18:22+00:00","dateModified":"2026-03-14T21:20:40+00:00","breadcrumb":{"@id":"https:\/\/howsmart.pl\/produkt\/green-smart-120\/#breadcrumb"},"inLanguage":"en-GB","potentialAction":[{"@type":"ReadAction","target":["https:\/\/howsmart.pl\/produkt\/green-smart-120\/"]}]},{"@type":"ImageObject","inLanguage":"en-GB","@id":"https:\/\/howsmart.pl\/produkt\/green-smart-120\/#primaryimage","url":"https:\/\/howsmart.pl\/wp-content\/uploads\/2025\/01\/W1-2.png","contentUrl":"https:\/\/howsmart.pl\/wp-content\/uploads\/2025\/01\/W1-2.png","width":1536,"height":864},{"@type":"BreadcrumbList","@id":"https:\/\/howsmart.pl\/produkt\/green-smart-120\/#breadcrumb","itemListElement":[{"@type":"ListItem","position":1,"name":"Strona g\u0142\u00f3wna","item":"https:\/\/howsmart.pl\/"},{"@type":"ListItem","position":2,"name":"Projekty","item":"https:\/\/howsmart.pl\/projekty\/"},{"@type":"ListItem","position":3,"name":"Green Smart 120"}]},{"@type":"WebSite","@id":"https:\/\/howsmart.pl\/#website","url":"https:\/\/howsmart.pl\/","name":"HowSmart\u00ae","description":"Sprytne domy dla Ciebie","publisher":{"@id":"https:\/\/howsmart.pl\/#organization"},"potentialAction":[{"@type":"SearchAction","target":{"@type":"EntryPoint","urlTemplate":"https:\/\/howsmart.pl\/?s={search_term_string}"},"query-input":{"@type":"PropertyValueSpecification","valueRequired":true,"valueName":"search_term_string"}}],"inLanguage":"en-GB"},{"@type":"Organization","@id":"https:\/\/howsmart.pl\/#organization","name":"HowSmart\u00ae","url":"https:\/\/howsmart.pl\/","logo":{"@type":"ImageObject","inLanguage":"en-GB","@id":"https:\/\/howsmart.pl\/#\/schema\/logo\/image\/","url":"https:\/\/howsmart.pl\/wp-content\/uploads\/2026\/03\/HS.png","contentUrl":"https:\/\/howsmart.pl\/wp-content\/uploads\/2026\/03\/HS.png","width":673,"height":673,"caption":"HowSmart\u00ae"},"image":{"@id":"https:\/\/howsmart.pl\/#\/schema\/logo\/image\/"},"sameAs":["https:\/\/www.facebook.com\/HowSmart.official\/?modal=admin_todo_tour","https:\/\/www.instagram.com\/howsmart_domy35m2\/?hl=pl"]}]}},"_links":{"self":[{"href":"https:\/\/howsmart.pl\/en\/wp-json\/wp\/v2\/product\/7314","targetHints":{"allow":["GET"]}}],"collection":[{"href":"https:\/\/howsmart.pl\/en\/wp-json\/wp\/v2\/product"}],"about":[{"href":"https:\/\/howsmart.pl\/en\/wp-json\/wp\/v2\/types\/product"}],"replies":[{"embeddable":true,"href":"https:\/\/howsmart.pl\/en\/wp-json\/wp\/v2\/comments?post=7314"}],"wp:featuredmedia":[{"embeddable":true,"href":"https:\/\/howsmart.pl\/en\/wp-json\/wp\/v2\/media\/10645"}],"wp:attachment":[{"href":"https:\/\/howsmart.pl\/en\/wp-json\/wp\/v2\/media?parent=7314"}],"wp:term":[{"taxonomy":"product_cat","embeddable":true,"href":"https:\/\/howsmart.pl\/en\/wp-json\/wp\/v2\/product_cat?post=7314"},{"taxonomy":"product_tag","embeddable":true,"href":"https:\/\/howsmart.pl\/en\/wp-json\/wp\/v2\/product_tag?post=7314"}],"curies":[{"name":"wp","href":"https:\/\/api.w.org\/{rel}","templated":true}]}}