{"id":7304,"date":"2025-01-16T16:18:20","date_gmt":"2025-01-16T15:18:20","guid":{"rendered":"https:\/\/hosting2347530.online.pro\/autoinstalator\/wordpress5\/?post_type=product&#038;p=7304"},"modified":"2026-03-14T22:21:54","modified_gmt":"2026-03-14T21:21:54","slug":"double-family-smart-140","status":"publish","type":"product","link":"https:\/\/howsmart.pl\/en\/product\/double-family-smart-140\/","title":{"rendered":"Double Family Smart 140"},"content":{"rendered":"<p>This is a modern style semi-detached house characterised by a functional layout of rooms that have been designed with the family and work from home in mind. A home for those who appreciate sublime style and a product of the highest quality, yet within a reasonable budget, the golden mean.<\/p>","protected":false},"excerpt":{"rendered":"<p>Double Family Smart 120 is a semi-detached house for clients who appreciate modern style combined with the convenience of a semi-detached house. Ideal for people who value spending time with friends and family, and at the same time an interesting way of financing the investment makes this type of building often considered by our clients. What makes Double Family Smart 120 stand out is its fucntional layout of rooms ensuring the comfort of living of the household members, the study further increases the functionality of this house making the so popular work from home a pleasure as it can be done from a dedicated room, the placement of two bathrooms has been thought out so that both guests and household members feel comfortable. The garage and technical room solve many of the challenges of housing equipment such as a heat pump or recuperation. The use of seamed metal sheets on part of the fa\u00e7ade area gives the building a modern feel.<\/p>","protected":false},"featured_media":10449,"comment_status":"open","ping_status":"closed","template":"","meta":{"_acf_changed":false},"product_cat":[57,49,52],"product_tag":[],"class_list":{"0":"post-7304","1":"product","2":"type-product","3":"status-publish","4":"has-post-thumbnail","6":"product_cat-blizniaki-2","7":"product_cat-do-180-m2","8":"product_cat-z-pietrem","10":"first","11":"instock","12":"shipping-taxable","13":"purchasable","14":"product-type-simple"},"acf":[],"yoast_head":"<!-- This site is optimized with the Yoast SEO plugin v27.2 - https:\/\/yoast.com\/product\/yoast-seo-wordpress\/ -->\n<title>Double Family Smart 140 - HowSmart\u00ae - Tw\u00f3j sprytny spos\u00f3b na budow\u0119 nowoczesnego domu. Wybierz sw\u00f3j projekt i zostaw reszt\u0119 nam.<\/title>\n<meta name=\"robots\" content=\"index, follow, max-snippet:-1, max-image-preview:large, max-video-preview:-1\" \/>\n<link rel=\"canonical\" href=\"https:\/\/howsmart.pl\/en\/product\/double-family-smart-140\/\" \/>\n<meta property=\"og:locale\" content=\"en_GB\" \/>\n<meta property=\"og:type\" content=\"article\" \/>\n<meta property=\"og:title\" content=\"Double Family Smart 140 - HowSmart\u00ae - Tw\u00f3j sprytny spos\u00f3b na budow\u0119 nowoczesnego domu. Wybierz sw\u00f3j projekt i zostaw reszt\u0119 nam.\" \/>\n<meta property=\"og:description\" content=\"Double Family Smart 120 to dom bli\u017aniak dla Klient\u00f3w ceni\u0105cych sobie nowoczesny styl po\u0142\u0105czony z wygod\u0105 jak\u0105 daje dom w zabudowie bli\u017aniaczej. Idealny dla os\u00f3b ceni\u0105cych sp\u0119dzanie czasu w gronie przyjaci\u00f3\u0142 i rodziny, a przy tym interesuj\u0105cy spos\u00f3b mo\u017cliwo\u015bci sfinansowania inwestycji powoduje, \u017ce tego typu budynki s\u0105 cz\u0119sto rozwa\u017cane przez naszych klient\u00f3w. To co wyr\u00f3\u017cnia Double Family Smart 120 to jego fukcjonalny uk\u0142ad pomieszcze\u0144 zapewniaj\u0105cy komfort \u017cycia domownikom, gabinet dodatkowo zwi\u0119ksza funkcjonalno\u015b\u0107 tego domu powoduj\u0105c, \u017ce tak popularna praca z domu staje si\u0119 przyjemno\u015bci\u0105 gdy\u017c mo\u017ce by\u0107 wykonywana z dedykowanego do tego celu pomieszczenia, umieszczenie dw\u00f3ch \u0142azienek zosta\u0142o przemy\u015blane, tak aby zar\u00f3wno go\u015bcie jak i domownicy czuli si\u0119 komfortowo. Gara\u017c i pomieszczenie techniczne rozwi\u0105zuj\u0105 wiele wyzwa\u0144 zwi\u0105zanych z przetrzymywaniem takich urz\u0105dze\u0144 jak pompa ciep\u0142a, czy rekuperacja. Zastosowanie blachy na r\u0105bek na cz\u0119\u015bci powierzchni elewacji nadaje budynkowi nowoczesnego charakteru.\" \/>\n<meta property=\"og:url\" content=\"https:\/\/howsmart.pl\/en\/product\/double-family-smart-140\/\" \/>\n<meta property=\"og:site_name\" content=\"HowSmart\u00ae - Tw\u00f3j sprytny spos\u00f3b na budow\u0119 nowoczesnego domu. Wybierz sw\u00f3j projekt i zostaw reszt\u0119 nam.\" \/>\n<meta property=\"article:publisher\" content=\"https:\/\/www.facebook.com\/HowSmart.official\/?modal=admin_todo_tour\" \/>\n<meta property=\"article:modified_time\" content=\"2026-03-14T21:21:54+00:00\" \/>\n<meta property=\"og:image\" content=\"https:\/\/howsmart.pl\/wp-content\/uploads\/2025\/01\/DOUBLE-FAMILY-SMART-140-W1-1024x576.png\" \/>\n\t<meta property=\"og:image:width\" content=\"1024\" \/>\n\t<meta property=\"og:image:height\" content=\"576\" \/>\n\t<meta property=\"og:image:type\" content=\"image\/png\" \/>\n<meta name=\"twitter:card\" content=\"summary_large_image\" \/>\n<meta name=\"twitter:label1\" content=\"Estimated reading time\" \/>\n\t<meta name=\"twitter:data1\" content=\"1 minute\" \/>\n<script type=\"application\/ld+json\" class=\"yoast-schema-graph\">{\"@context\":\"https:\/\/schema.org\",\"@graph\":[{\"@type\":\"WebPage\",\"@id\":\"https:\/\/howsmart.pl\/produkt\/double-family-smart-140\/\",\"url\":\"https:\/\/howsmart.pl\/produkt\/double-family-smart-140\/\",\"name\":\"Double Family Smart 140 - HowSmart\u00ae - Tw\u00f3j sprytny spos\u00f3b na budow\u0119 nowoczesnego domu. Wybierz sw\u00f3j projekt i zostaw reszt\u0119 nam.\",\"isPartOf\":{\"@id\":\"https:\/\/howsmart.pl\/#website\"},\"primaryImageOfPage\":{\"@id\":\"https:\/\/howsmart.pl\/produkt\/double-family-smart-140\/#primaryimage\"},\"image\":{\"@id\":\"https:\/\/howsmart.pl\/produkt\/double-family-smart-140\/#primaryimage\"},\"thumbnailUrl\":\"https:\/\/howsmart.pl\/wp-content\/uploads\/2025\/01\/DOUBLE-FAMILY-SMART-140-W1.png\",\"datePublished\":\"2025-01-16T15:18:20+00:00\",\"dateModified\":\"2026-03-14T21:21:54+00:00\",\"breadcrumb\":{\"@id\":\"https:\/\/howsmart.pl\/produkt\/double-family-smart-140\/#breadcrumb\"},\"inLanguage\":\"en-GB\",\"potentialAction\":[{\"@type\":\"ReadAction\",\"target\":[\"https:\/\/howsmart.pl\/produkt\/double-family-smart-140\/\"]}]},{\"@type\":\"ImageObject\",\"inLanguage\":\"en-GB\",\"@id\":\"https:\/\/howsmart.pl\/produkt\/double-family-smart-140\/#primaryimage\",\"url\":\"https:\/\/howsmart.pl\/wp-content\/uploads\/2025\/01\/DOUBLE-FAMILY-SMART-140-W1.png\",\"contentUrl\":\"https:\/\/howsmart.pl\/wp-content\/uploads\/2025\/01\/DOUBLE-FAMILY-SMART-140-W1.png\",\"width\":1536,\"height\":864},{\"@type\":\"BreadcrumbList\",\"@id\":\"https:\/\/howsmart.pl\/produkt\/double-family-smart-140\/#breadcrumb\",\"itemListElement\":[{\"@type\":\"ListItem\",\"position\":1,\"name\":\"Strona g\u0142\u00f3wna\",\"item\":\"https:\/\/howsmart.pl\/\"},{\"@type\":\"ListItem\",\"position\":2,\"name\":\"Projekty\",\"item\":\"https:\/\/howsmart.pl\/projekty\/\"},{\"@type\":\"ListItem\",\"position\":3,\"name\":\"Double Family Smart 140\"}]},{\"@type\":\"WebSite\",\"@id\":\"https:\/\/howsmart.pl\/#website\",\"url\":\"https:\/\/howsmart.pl\/\",\"name\":\"HowSmart\u00ae\",\"description\":\"Sprytne domy dla Ciebie\",\"publisher\":{\"@id\":\"https:\/\/howsmart.pl\/#organization\"},\"potentialAction\":[{\"@type\":\"SearchAction\",\"target\":{\"@type\":\"EntryPoint\",\"urlTemplate\":\"https:\/\/howsmart.pl\/?s={search_term_string}\"},\"query-input\":{\"@type\":\"PropertyValueSpecification\",\"valueRequired\":true,\"valueName\":\"search_term_string\"}}],\"inLanguage\":\"en-GB\"},{\"@type\":\"Organization\",\"@id\":\"https:\/\/howsmart.pl\/#organization\",\"name\":\"HowSmart\u00ae\",\"url\":\"https:\/\/howsmart.pl\/\",\"logo\":{\"@type\":\"ImageObject\",\"inLanguage\":\"en-GB\",\"@id\":\"https:\/\/howsmart.pl\/#\/schema\/logo\/image\/\",\"url\":\"https:\/\/howsmart.pl\/wp-content\/uploads\/2026\/03\/HS.png\",\"contentUrl\":\"https:\/\/howsmart.pl\/wp-content\/uploads\/2026\/03\/HS.png\",\"width\":673,\"height\":673,\"caption\":\"HowSmart\u00ae\"},\"image\":{\"@id\":\"https:\/\/howsmart.pl\/#\/schema\/logo\/image\/\"},\"sameAs\":[\"https:\/\/www.facebook.com\/HowSmart.official\/?modal=admin_todo_tour\",\"https:\/\/www.instagram.com\/howsmart_domy35m2\/?hl=pl\"]}]}<\/script>\n<!-- \/ Yoast SEO plugin. -->","yoast_head_json":{"title":"Double Family Smart 140 - HowSmart\u00ae - Tw\u00f3j sprytny spos\u00f3b na budow\u0119 nowoczesnego domu. Wybierz sw\u00f3j projekt i zostaw reszt\u0119 nam.","robots":{"index":"index","follow":"follow","max-snippet":"max-snippet:-1","max-image-preview":"max-image-preview:large","max-video-preview":"max-video-preview:-1"},"canonical":"https:\/\/howsmart.pl\/en\/product\/double-family-smart-140\/","og_locale":"en_GB","og_type":"article","og_title":"Double Family Smart 140 - HowSmart\u00ae - Tw\u00f3j sprytny spos\u00f3b na budow\u0119 nowoczesnego domu. Wybierz sw\u00f3j projekt i zostaw reszt\u0119 nam.","og_description":"Double Family Smart 120 to dom bli\u017aniak dla Klient\u00f3w ceni\u0105cych sobie nowoczesny styl po\u0142\u0105czony z wygod\u0105 jak\u0105 daje dom w zabudowie bli\u017aniaczej. Idealny dla os\u00f3b ceni\u0105cych sp\u0119dzanie czasu w gronie przyjaci\u00f3\u0142 i rodziny, a przy tym interesuj\u0105cy spos\u00f3b mo\u017cliwo\u015bci sfinansowania inwestycji powoduje, \u017ce tego typu budynki s\u0105 cz\u0119sto rozwa\u017cane przez naszych klient\u00f3w. To co wyr\u00f3\u017cnia Double Family Smart 120 to jego fukcjonalny uk\u0142ad pomieszcze\u0144 zapewniaj\u0105cy komfort \u017cycia domownikom, gabinet dodatkowo zwi\u0119ksza funkcjonalno\u015b\u0107 tego domu powoduj\u0105c, \u017ce tak popularna praca z domu staje si\u0119 przyjemno\u015bci\u0105 gdy\u017c mo\u017ce by\u0107 wykonywana z dedykowanego do tego celu pomieszczenia, umieszczenie dw\u00f3ch \u0142azienek zosta\u0142o przemy\u015blane, tak aby zar\u00f3wno go\u015bcie jak i domownicy czuli si\u0119 komfortowo. Gara\u017c i pomieszczenie techniczne rozwi\u0105zuj\u0105 wiele wyzwa\u0144 zwi\u0105zanych z przetrzymywaniem takich urz\u0105dze\u0144 jak pompa ciep\u0142a, czy rekuperacja. Zastosowanie blachy na r\u0105bek na cz\u0119\u015bci powierzchni elewacji nadaje budynkowi nowoczesnego charakteru.","og_url":"https:\/\/howsmart.pl\/en\/product\/double-family-smart-140\/","og_site_name":"HowSmart\u00ae - Tw\u00f3j sprytny spos\u00f3b na budow\u0119 nowoczesnego domu. Wybierz sw\u00f3j projekt i zostaw reszt\u0119 nam.","article_publisher":"https:\/\/www.facebook.com\/HowSmart.official\/?modal=admin_todo_tour","article_modified_time":"2026-03-14T21:21:54+00:00","og_image":[{"width":1024,"height":576,"url":"https:\/\/howsmart.pl\/wp-content\/uploads\/2025\/01\/DOUBLE-FAMILY-SMART-140-W1-1024x576.png","type":"image\/png"}],"twitter_card":"summary_large_image","twitter_misc":{"Estimated reading time":"1 minute"},"schema":{"@context":"https:\/\/schema.org","@graph":[{"@type":"WebPage","@id":"https:\/\/howsmart.pl\/produkt\/double-family-smart-140\/","url":"https:\/\/howsmart.pl\/produkt\/double-family-smart-140\/","name":"Double Family Smart 140 - HowSmart\u00ae - Tw\u00f3j sprytny spos\u00f3b na budow\u0119 nowoczesnego domu. Wybierz sw\u00f3j projekt i zostaw reszt\u0119 nam.","isPartOf":{"@id":"https:\/\/howsmart.pl\/#website"},"primaryImageOfPage":{"@id":"https:\/\/howsmart.pl\/produkt\/double-family-smart-140\/#primaryimage"},"image":{"@id":"https:\/\/howsmart.pl\/produkt\/double-family-smart-140\/#primaryimage"},"thumbnailUrl":"https:\/\/howsmart.pl\/wp-content\/uploads\/2025\/01\/DOUBLE-FAMILY-SMART-140-W1.png","datePublished":"2025-01-16T15:18:20+00:00","dateModified":"2026-03-14T21:21:54+00:00","breadcrumb":{"@id":"https:\/\/howsmart.pl\/produkt\/double-family-smart-140\/#breadcrumb"},"inLanguage":"en-GB","potentialAction":[{"@type":"ReadAction","target":["https:\/\/howsmart.pl\/produkt\/double-family-smart-140\/"]}]},{"@type":"ImageObject","inLanguage":"en-GB","@id":"https:\/\/howsmart.pl\/produkt\/double-family-smart-140\/#primaryimage","url":"https:\/\/howsmart.pl\/wp-content\/uploads\/2025\/01\/DOUBLE-FAMILY-SMART-140-W1.png","contentUrl":"https:\/\/howsmart.pl\/wp-content\/uploads\/2025\/01\/DOUBLE-FAMILY-SMART-140-W1.png","width":1536,"height":864},{"@type":"BreadcrumbList","@id":"https:\/\/howsmart.pl\/produkt\/double-family-smart-140\/#breadcrumb","itemListElement":[{"@type":"ListItem","position":1,"name":"Strona g\u0142\u00f3wna","item":"https:\/\/howsmart.pl\/"},{"@type":"ListItem","position":2,"name":"Projekty","item":"https:\/\/howsmart.pl\/projekty\/"},{"@type":"ListItem","position":3,"name":"Double Family Smart 140"}]},{"@type":"WebSite","@id":"https:\/\/howsmart.pl\/#website","url":"https:\/\/howsmart.pl\/","name":"HowSmart\u00ae","description":"Sprytne domy dla Ciebie","publisher":{"@id":"https:\/\/howsmart.pl\/#organization"},"potentialAction":[{"@type":"SearchAction","target":{"@type":"EntryPoint","urlTemplate":"https:\/\/howsmart.pl\/?s={search_term_string}"},"query-input":{"@type":"PropertyValueSpecification","valueRequired":true,"valueName":"search_term_string"}}],"inLanguage":"en-GB"},{"@type":"Organization","@id":"https:\/\/howsmart.pl\/#organization","name":"HowSmart\u00ae","url":"https:\/\/howsmart.pl\/","logo":{"@type":"ImageObject","inLanguage":"en-GB","@id":"https:\/\/howsmart.pl\/#\/schema\/logo\/image\/","url":"https:\/\/howsmart.pl\/wp-content\/uploads\/2026\/03\/HS.png","contentUrl":"https:\/\/howsmart.pl\/wp-content\/uploads\/2026\/03\/HS.png","width":673,"height":673,"caption":"HowSmart\u00ae"},"image":{"@id":"https:\/\/howsmart.pl\/#\/schema\/logo\/image\/"},"sameAs":["https:\/\/www.facebook.com\/HowSmart.official\/?modal=admin_todo_tour","https:\/\/www.instagram.com\/howsmart_domy35m2\/?hl=pl"]}]}},"_links":{"self":[{"href":"https:\/\/howsmart.pl\/en\/wp-json\/wp\/v2\/product\/7304","targetHints":{"allow":["GET"]}}],"collection":[{"href":"https:\/\/howsmart.pl\/en\/wp-json\/wp\/v2\/product"}],"about":[{"href":"https:\/\/howsmart.pl\/en\/wp-json\/wp\/v2\/types\/product"}],"replies":[{"embeddable":true,"href":"https:\/\/howsmart.pl\/en\/wp-json\/wp\/v2\/comments?post=7304"}],"wp:featuredmedia":[{"embeddable":true,"href":"https:\/\/howsmart.pl\/en\/wp-json\/wp\/v2\/media\/10449"}],"wp:attachment":[{"href":"https:\/\/howsmart.pl\/en\/wp-json\/wp\/v2\/media?parent=7304"}],"wp:term":[{"taxonomy":"product_cat","embeddable":true,"href":"https:\/\/howsmart.pl\/en\/wp-json\/wp\/v2\/product_cat?post=7304"},{"taxonomy":"product_tag","embeddable":true,"href":"https:\/\/howsmart.pl\/en\/wp-json\/wp\/v2\/product_tag?post=7304"}],"curies":[{"name":"wp","href":"https:\/\/api.w.org\/{rel}","templated":true}]}}