{"id":4903,"date":"2024-12-13T23:26:08","date_gmt":"2024-12-13T22:26:08","guid":{"rendered":"https:\/\/hosting2347530.online.pro\/autoinstalator\/wordpress5\/?post_type=product&#038;p=4903"},"modified":"2026-04-03T00:45:33","modified_gmt":"2026-04-02T22:45:33","slug":"mezzanine-smart-50","status":"publish","type":"product","link":"https:\/\/howsmart.pl\/el\/product\/mezzanine-smart-50\/","title":{"rendered":"\u0397\u03bc\u03b9\u03ce\u03c1\u03bf\u03c6\u03bf\u03c2 Smart 50"},"content":{"rendered":"<p>\u0391\u03c5\u03c4\u03cc \u03b5\u03af\u03bd\u03b1\u03b9 \u03ad\u03bd\u03b1 \u03c3\u03c0\u03af\u03c4\u03b9 \u03b3\u03b9\u03b1 \u03bd\u03b1 \u03c3\u03c4\u03b1\u03bc\u03b1\u03c4\u03ae\u03c3\u03b5\u03c4\u03b5 \u03bc\u03c0\u03c1\u03bf\u03c3\u03c4\u03ac \u03c4\u03bf\u03c5 \u03ba\u03b1\u03b9 \u03bd\u03b1 \u03b8\u03b1\u03c5\u03bc\u03ac\u03c3\u03b5\u03c4\u03b5 \u03c4\u03b1 \u03cc\u03bc\u03bf\u03c1\u03c6\u03b1 \u03c4\u03b6\u03ac\u03bc\u03b9\u03b1 \u03c4\u03bf\u03c5, \u03c4\u03b1 \u03bf\u03c0\u03bf\u03af\u03b1 \u03c0\u03b1\u03c1\u03ad\u03c7\u03bf\u03c5\u03bd \u03ac\u03c0\u03bb\u03b5\u03c4\u03b7 \u03b7\u03bb\u03b9\u03bf\u03c6\u03ac\u03bd\u03b5\u03b9\u03b1 \u03c3\u03c4\u03bf\u03c5\u03c2 \u03b9\u03b4\u03b9\u03bf\u03ba\u03c4\u03ae\u03c4\u03b5\u03c2 \u03c4\u03bf\u03c5 \u03c3\u03c0\u03b9\u03c4\u03b9\u03bf\u03cd.<\/p>","protected":false},"excerpt":{"rendered":"<p class=\"p1\">\u0391\u03c5\u03c4\u03cc \u03b5\u03af\u03bd\u03b1\u03b9 \u03ad\u03bd\u03b1 \u03c3\u03c0\u03af\u03c4\u03b9 \u03b3\u03b9\u03b1 \u03bd\u03b1 \u03c3\u03c4\u03b1\u03bc\u03b1\u03c4\u03ae\u03c3\u03b5\u03c4\u03b5 \u03bc\u03c0\u03c1\u03bf\u03c3\u03c4\u03ac \u03c4\u03bf\u03c5 \u03ba\u03b1\u03b9 \u03bd\u03b1 \u03b8\u03b1\u03c5\u03bc\u03ac\u03c3\u03b5\u03c4\u03b5 \u03c4\u03b1 \u03cc\u03bc\u03bf\u03c1\u03c6\u03b1 \u03c4\u03b6\u03ac\u03bc\u03b9\u03b1 \u03c4\u03bf\u03c5, \u03c4\u03b1 \u03bf\u03c0\u03bf\u03af\u03b1 \u03c0\u03b1\u03c1\u03ad\u03c7\u03bf\u03c5\u03bd \u03ac\u03c0\u03bb\u03b5\u03c4\u03b7 \u03b7\u03bb\u03b9\u03bf\u03c6\u03ac\u03bd\u03b5\u03b9\u03b1 \u03c3\u03c4\u03bf\u03c5\u03c2 \u03b9\u03b4\u03b9\u03bf\u03ba\u03c4\u03ae\u03c4\u03b5\u03c2 \u03c4\u03bf\u03c5 \u03c3\u03c0\u03b9\u03c4\u03b9\u03bf\u03cd.<\/p>","protected":false},"featured_media":8374,"comment_status":"open","ping_status":"closed","template":"","meta":{"_acf_changed":false},"product_cat":[44],"product_tag":[48],"class_list":{"0":"post-4903","1":"product","2":"type-product","3":"status-publish","4":"has-post-thumbnail","6":"product_cat-do-74-m2","7":"product_tag-bestseller","9":"first","10":"instock","11":"shipping-taxable","12":"purchasable","13":"product-type-simple"},"acf":[],"yoast_head":"<!-- This site is optimized with the Yoast SEO plugin v27.2 - https:\/\/yoast.com\/product\/yoast-seo-wordpress\/ -->\n<title>Mezzanine Smart 50 - HowSmart\u00ae - Tw\u00f3j sprytny spos\u00f3b na budow\u0119 nowoczesnego domu. Wybierz sw\u00f3j projekt i zostaw reszt\u0119 nam.<\/title>\n<meta name=\"robots\" content=\"index, follow, max-snippet:-1, max-image-preview:large, max-video-preview:-1\" \/>\n<link rel=\"canonical\" href=\"https:\/\/howsmart.pl\/el\/product\/mezzanine-smart-50\/\" \/>\n<meta property=\"og:locale\" content=\"el_GR\" \/>\n<meta property=\"og:type\" content=\"article\" \/>\n<meta property=\"og:title\" content=\"Mezzanine Smart 50 - HowSmart\u00ae - Tw\u00f3j sprytny spos\u00f3b na budow\u0119 nowoczesnego domu. Wybierz sw\u00f3j projekt i zostaw reszt\u0119 nam.\" \/>\n<meta property=\"og:description\" content=\"To dom przed kt\u00f3rym warto si\u0119 zatrzyma\u0107 i podziwia\u0107 jego pi\u0119kne przeszklenia, kt\u00f3re zapewniaj\u0105 du\u017c\u0105 ilo\u015b\u0107 s\u0142o\u0144ca domownikom.\" \/>\n<meta property=\"og:url\" content=\"https:\/\/howsmart.pl\/el\/product\/mezzanine-smart-50\/\" \/>\n<meta property=\"og:site_name\" content=\"HowSmart\u00ae - Tw\u00f3j sprytny spos\u00f3b na budow\u0119 nowoczesnego domu. Wybierz sw\u00f3j projekt i zostaw reszt\u0119 nam.\" \/>\n<meta property=\"article:publisher\" content=\"https:\/\/www.facebook.com\/HowSmart.official\/?modal=admin_todo_tour\" \/>\n<meta property=\"article:modified_time\" content=\"2026-04-02T22:45:33+00:00\" \/>\n<meta property=\"og:image\" content=\"https:\/\/howsmart.pl\/wp-content\/uploads\/2024\/12\/1-18.jpg\" \/>\n\t<meta property=\"og:image:width\" content=\"1200\" \/>\n\t<meta property=\"og:image:height\" content=\"675\" \/>\n\t<meta property=\"og:image:type\" content=\"image\/jpeg\" \/>\n<meta name=\"twitter:card\" content=\"summary_large_image\" \/>\n<meta name=\"twitter:label1\" content=\"\u0395\u03ba\u03c4\u03b9\u03bc\u03ce\u03bc\u03b5\u03bd\u03bf\u03c2 \u03c7\u03c1\u03cc\u03bd\u03bf\u03c2 \u03b1\u03bd\u03ac\u03b3\u03bd\u03c9\u03c3\u03b7\u03c2\" \/>\n\t<meta name=\"twitter:data1\" content=\"1 \u03bb\u03b5\u03c0\u03c4\u03cc\" \/>\n<script type=\"application\/ld+json\" class=\"yoast-schema-graph\">{\"@context\":\"https:\/\/schema.org\",\"@graph\":[{\"@type\":\"WebPage\",\"@id\":\"https:\/\/howsmart.pl\/produkt\/mezzanine-smart-50\/\",\"url\":\"https:\/\/howsmart.pl\/produkt\/mezzanine-smart-50\/\",\"name\":\"Mezzanine Smart 50 - HowSmart\u00ae - Tw\u00f3j sprytny spos\u00f3b na budow\u0119 nowoczesnego domu. Wybierz sw\u00f3j projekt i zostaw reszt\u0119 nam.\",\"isPartOf\":{\"@id\":\"https:\/\/howsmart.pl\/#website\"},\"primaryImageOfPage\":{\"@id\":\"https:\/\/howsmart.pl\/produkt\/mezzanine-smart-50\/#primaryimage\"},\"image\":{\"@id\":\"https:\/\/howsmart.pl\/produkt\/mezzanine-smart-50\/#primaryimage\"},\"thumbnailUrl\":\"https:\/\/howsmart.pl\/wp-content\/uploads\/2024\/12\/1-18.jpg\",\"datePublished\":\"2024-12-13T22:26:08+00:00\",\"dateModified\":\"2026-04-02T22:45:33+00:00\",\"breadcrumb\":{\"@id\":\"https:\/\/howsmart.pl\/produkt\/mezzanine-smart-50\/#breadcrumb\"},\"inLanguage\":\"el\",\"potentialAction\":[{\"@type\":\"ReadAction\",\"target\":[\"https:\/\/howsmart.pl\/produkt\/mezzanine-smart-50\/\"]}]},{\"@type\":\"ImageObject\",\"inLanguage\":\"el\",\"@id\":\"https:\/\/howsmart.pl\/produkt\/mezzanine-smart-50\/#primaryimage\",\"url\":\"https:\/\/howsmart.pl\/wp-content\/uploads\/2024\/12\/1-18.jpg\",\"contentUrl\":\"https:\/\/howsmart.pl\/wp-content\/uploads\/2024\/12\/1-18.jpg\",\"width\":1200,\"height\":675},{\"@type\":\"BreadcrumbList\",\"@id\":\"https:\/\/howsmart.pl\/produkt\/mezzanine-smart-50\/#breadcrumb\",\"itemListElement\":[{\"@type\":\"ListItem\",\"position\":1,\"name\":\"Strona g\u0142\u00f3wna\",\"item\":\"https:\/\/howsmart.pl\/\"},{\"@type\":\"ListItem\",\"position\":2,\"name\":\"Projekty\",\"item\":\"https:\/\/howsmart.pl\/projekty\/\"},{\"@type\":\"ListItem\",\"position\":3,\"name\":\"Mezzanine Smart 50\"}]},{\"@type\":\"WebSite\",\"@id\":\"https:\/\/howsmart.pl\/#website\",\"url\":\"https:\/\/howsmart.pl\/\",\"name\":\"HowSmart\u00ae\",\"description\":\"Sprytne domy dla Ciebie\",\"publisher\":{\"@id\":\"https:\/\/howsmart.pl\/#organization\"},\"potentialAction\":[{\"@type\":\"SearchAction\",\"target\":{\"@type\":\"EntryPoint\",\"urlTemplate\":\"https:\/\/howsmart.pl\/?s={search_term_string}\"},\"query-input\":{\"@type\":\"PropertyValueSpecification\",\"valueRequired\":true,\"valueName\":\"search_term_string\"}}],\"inLanguage\":\"el\"},{\"@type\":\"Organization\",\"@id\":\"https:\/\/howsmart.pl\/#organization\",\"name\":\"HowSmart\u00ae\",\"url\":\"https:\/\/howsmart.pl\/\",\"logo\":{\"@type\":\"ImageObject\",\"inLanguage\":\"el\",\"@id\":\"https:\/\/howsmart.pl\/#\/schema\/logo\/image\/\",\"url\":\"https:\/\/howsmart.pl\/wp-content\/uploads\/2026\/03\/HS.png\",\"contentUrl\":\"https:\/\/howsmart.pl\/wp-content\/uploads\/2026\/03\/HS.png\",\"width\":673,\"height\":673,\"caption\":\"HowSmart\u00ae\"},\"image\":{\"@id\":\"https:\/\/howsmart.pl\/#\/schema\/logo\/image\/\"},\"sameAs\":[\"https:\/\/www.facebook.com\/HowSmart.official\/?modal=admin_todo_tour\",\"https:\/\/www.instagram.com\/howsmart_domy35m2\/?hl=pl\"]}]}<\/script>\n<!-- \/ Yoast SEO plugin. -->","yoast_head_json":{"title":"Mezzanine Smart 50 - HowSmart\u00ae - Tw\u00f3j sprytny spos\u00f3b na budow\u0119 nowoczesnego domu. Wybierz sw\u00f3j projekt i zostaw reszt\u0119 nam.","robots":{"index":"index","follow":"follow","max-snippet":"max-snippet:-1","max-image-preview":"max-image-preview:large","max-video-preview":"max-video-preview:-1"},"canonical":"https:\/\/howsmart.pl\/el\/product\/mezzanine-smart-50\/","og_locale":"el_GR","og_type":"article","og_title":"Mezzanine Smart 50 - HowSmart\u00ae - Tw\u00f3j sprytny spos\u00f3b na budow\u0119 nowoczesnego domu. Wybierz sw\u00f3j projekt i zostaw reszt\u0119 nam.","og_description":"To dom przed kt\u00f3rym warto si\u0119 zatrzyma\u0107 i podziwia\u0107 jego pi\u0119kne przeszklenia, kt\u00f3re zapewniaj\u0105 du\u017c\u0105 ilo\u015b\u0107 s\u0142o\u0144ca domownikom.","og_url":"https:\/\/howsmart.pl\/el\/product\/mezzanine-smart-50\/","og_site_name":"HowSmart\u00ae - Tw\u00f3j sprytny spos\u00f3b na budow\u0119 nowoczesnego domu. Wybierz sw\u00f3j projekt i zostaw reszt\u0119 nam.","article_publisher":"https:\/\/www.facebook.com\/HowSmart.official\/?modal=admin_todo_tour","article_modified_time":"2026-04-02T22:45:33+00:00","og_image":[{"width":1200,"height":675,"url":"https:\/\/howsmart.pl\/wp-content\/uploads\/2024\/12\/1-18.jpg","type":"image\/jpeg"}],"twitter_card":"summary_large_image","twitter_misc":{"\u0395\u03ba\u03c4\u03b9\u03bc\u03ce\u03bc\u03b5\u03bd\u03bf\u03c2 \u03c7\u03c1\u03cc\u03bd\u03bf\u03c2 \u03b1\u03bd\u03ac\u03b3\u03bd\u03c9\u03c3\u03b7\u03c2":"1 \u03bb\u03b5\u03c0\u03c4\u03cc"},"schema":{"@context":"https:\/\/schema.org","@graph":[{"@type":"WebPage","@id":"https:\/\/howsmart.pl\/produkt\/mezzanine-smart-50\/","url":"https:\/\/howsmart.pl\/produkt\/mezzanine-smart-50\/","name":"Mezzanine Smart 50 - HowSmart\u00ae - Tw\u00f3j sprytny spos\u00f3b na budow\u0119 nowoczesnego domu. Wybierz sw\u00f3j projekt i zostaw reszt\u0119 nam.","isPartOf":{"@id":"https:\/\/howsmart.pl\/#website"},"primaryImageOfPage":{"@id":"https:\/\/howsmart.pl\/produkt\/mezzanine-smart-50\/#primaryimage"},"image":{"@id":"https:\/\/howsmart.pl\/produkt\/mezzanine-smart-50\/#primaryimage"},"thumbnailUrl":"https:\/\/howsmart.pl\/wp-content\/uploads\/2024\/12\/1-18.jpg","datePublished":"2024-12-13T22:26:08+00:00","dateModified":"2026-04-02T22:45:33+00:00","breadcrumb":{"@id":"https:\/\/howsmart.pl\/produkt\/mezzanine-smart-50\/#breadcrumb"},"inLanguage":"el","potentialAction":[{"@type":"ReadAction","target":["https:\/\/howsmart.pl\/produkt\/mezzanine-smart-50\/"]}]},{"@type":"ImageObject","inLanguage":"el","@id":"https:\/\/howsmart.pl\/produkt\/mezzanine-smart-50\/#primaryimage","url":"https:\/\/howsmart.pl\/wp-content\/uploads\/2024\/12\/1-18.jpg","contentUrl":"https:\/\/howsmart.pl\/wp-content\/uploads\/2024\/12\/1-18.jpg","width":1200,"height":675},{"@type":"BreadcrumbList","@id":"https:\/\/howsmart.pl\/produkt\/mezzanine-smart-50\/#breadcrumb","itemListElement":[{"@type":"ListItem","position":1,"name":"Strona g\u0142\u00f3wna","item":"https:\/\/howsmart.pl\/"},{"@type":"ListItem","position":2,"name":"Projekty","item":"https:\/\/howsmart.pl\/projekty\/"},{"@type":"ListItem","position":3,"name":"Mezzanine Smart 50"}]},{"@type":"WebSite","@id":"https:\/\/howsmart.pl\/#website","url":"https:\/\/howsmart.pl\/","name":"HowSmart\u00ae","description":"Sprytne domy dla Ciebie","publisher":{"@id":"https:\/\/howsmart.pl\/#organization"},"potentialAction":[{"@type":"SearchAction","target":{"@type":"EntryPoint","urlTemplate":"https:\/\/howsmart.pl\/?s={search_term_string}"},"query-input":{"@type":"PropertyValueSpecification","valueRequired":true,"valueName":"search_term_string"}}],"inLanguage":"el"},{"@type":"Organization","@id":"https:\/\/howsmart.pl\/#organization","name":"HowSmart\u00ae","url":"https:\/\/howsmart.pl\/","logo":{"@type":"ImageObject","inLanguage":"el","@id":"https:\/\/howsmart.pl\/#\/schema\/logo\/image\/","url":"https:\/\/howsmart.pl\/wp-content\/uploads\/2026\/03\/HS.png","contentUrl":"https:\/\/howsmart.pl\/wp-content\/uploads\/2026\/03\/HS.png","width":673,"height":673,"caption":"HowSmart\u00ae"},"image":{"@id":"https:\/\/howsmart.pl\/#\/schema\/logo\/image\/"},"sameAs":["https:\/\/www.facebook.com\/HowSmart.official\/?modal=admin_todo_tour","https:\/\/www.instagram.com\/howsmart_domy35m2\/?hl=pl"]}]}},"_links":{"self":[{"href":"https:\/\/howsmart.pl\/el\/wp-json\/wp\/v2\/product\/4903","targetHints":{"allow":["GET"]}}],"collection":[{"href":"https:\/\/howsmart.pl\/el\/wp-json\/wp\/v2\/product"}],"about":[{"href":"https:\/\/howsmart.pl\/el\/wp-json\/wp\/v2\/types\/product"}],"replies":[{"embeddable":true,"href":"https:\/\/howsmart.pl\/el\/wp-json\/wp\/v2\/comments?post=4903"}],"wp:featuredmedia":[{"embeddable":true,"href":"https:\/\/howsmart.pl\/el\/wp-json\/wp\/v2\/media\/8374"}],"wp:attachment":[{"href":"https:\/\/howsmart.pl\/el\/wp-json\/wp\/v2\/media?parent=4903"}],"wp:term":[{"taxonomy":"product_cat","embeddable":true,"href":"https:\/\/howsmart.pl\/el\/wp-json\/wp\/v2\/product_cat?post=4903"},{"taxonomy":"product_tag","embeddable":true,"href":"https:\/\/howsmart.pl\/el\/wp-json\/wp\/v2\/product_tag?post=4903"}],"curies":[{"name":"wp","href":"https:\/\/api.w.org\/{rel}","templated":true}]}}