{"id":4889,"date":"2024-12-13T23:18:01","date_gmt":"2024-12-13T22:18:01","guid":{"rendered":"https:\/\/hosting2347530.online.pro\/autoinstalator\/wordpress5\/?post_type=product&#038;p=4889"},"modified":"2026-03-12T08:46:43","modified_gmt":"2026-03-12T07:46:43","slug":"terrace-smart","status":"publish","type":"product","link":"https:\/\/howsmart.pl\/de\/produkt\/terrace-smart\/","title":{"rendered":"Terrasse Smart"},"content":{"rendered":"<p class=\"p1\">Das Terrace Smart House ist ein HOME f\u00fcr Kunden, deren Leben nicht im, sondern neben dem Haus stattfinden soll. Die \u00fcberdachte Terrasse in der Kontur des Geb\u00e4udes ist perfekt f\u00fcr bew\u00f6lkte Tage.<\/p>","protected":false},"excerpt":{"rendered":"<p class=\"p1\">Das Terrace Smart House ist ein HOME f\u00fcr Kunden, deren Leben nicht im, sondern neben dem Haus stattfinden soll. Die \u00fcberdachte Terrasse in der Kontur des Geb\u00e4udes ist perfekt f\u00fcr bew\u00f6lkte Tage.<\/p>","protected":false},"featured_media":4894,"comment_status":"open","ping_status":"closed","template":"","meta":{"_acf_changed":false},"product_cat":[45],"product_tag":[],"class_list":{"0":"post-4889","1":"product","2":"type-product","3":"status-publish","4":"has-post-thumbnail","6":"product_cat-do-50-m2","8":"first","9":"instock","10":"shipping-taxable","11":"purchasable","12":"product-type-simple"},"acf":[],"yoast_head":"<!-- This site is optimized with the Yoast SEO plugin v27.2 - https:\/\/yoast.com\/product\/yoast-seo-wordpress\/ -->\n<title>Terrace Smart - HowSmart\u00ae - Tw\u00f3j sprytny spos\u00f3b na budow\u0119 nowoczesnego domu. Wybierz sw\u00f3j projekt i zostaw reszt\u0119 nam.<\/title>\n<meta name=\"robots\" content=\"index, follow, max-snippet:-1, max-image-preview:large, max-video-preview:-1\" \/>\n<link rel=\"canonical\" href=\"https:\/\/howsmart.pl\/de\/produkt\/terrace-smart\/\" \/>\n<meta property=\"og:locale\" content=\"de_DE\" \/>\n<meta property=\"og:type\" content=\"article\" \/>\n<meta property=\"og:title\" content=\"Terrace Smart - HowSmart\u00ae - Tw\u00f3j sprytny spos\u00f3b na budow\u0119 nowoczesnego domu. Wybierz sw\u00f3j projekt i zostaw reszt\u0119 nam.\" \/>\n<meta property=\"og:description\" content=\"Dom Terrace Smart to DOM dla klient\u00f3w, kt\u00f3rych \u017cycie b\u0119dzie toczy\u0142o si\u0119 nie w, a obok domu, zadaszony taras w obrysie budynku idealnie sprawdzi si\u0119 w pochmurne dni.\" \/>\n<meta property=\"og:url\" content=\"https:\/\/howsmart.pl\/de\/produkt\/terrace-smart\/\" \/>\n<meta property=\"og:site_name\" content=\"HowSmart\u00ae - Tw\u00f3j sprytny spos\u00f3b na budow\u0119 nowoczesnego domu. Wybierz sw\u00f3j projekt i zostaw reszt\u0119 nam.\" \/>\n<meta property=\"article:publisher\" content=\"https:\/\/www.facebook.com\/HowSmart.official\/?modal=admin_todo_tour\" \/>\n<meta property=\"article:modified_time\" content=\"2026-03-12T07:46:43+00:00\" \/>\n<meta property=\"og:image\" content=\"https:\/\/howsmart.pl\/wp-content\/uploads\/2024\/12\/1-2-2.jpg\" \/>\n\t<meta property=\"og:image:width\" content=\"1500\" \/>\n\t<meta property=\"og:image:height\" content=\"844\" \/>\n\t<meta property=\"og:image:type\" content=\"image\/jpeg\" \/>\n<meta name=\"twitter:card\" content=\"summary_large_image\" \/>\n<script type=\"application\/ld+json\" class=\"yoast-schema-graph\">{\"@context\":\"https:\/\/schema.org\",\"@graph\":[{\"@type\":\"WebPage\",\"@id\":\"https:\/\/howsmart.pl\/produkt\/terrace-smart\/\",\"url\":\"https:\/\/howsmart.pl\/produkt\/terrace-smart\/\",\"name\":\"Terrace Smart - HowSmart\u00ae - Tw\u00f3j sprytny spos\u00f3b na budow\u0119 nowoczesnego domu. Wybierz sw\u00f3j projekt i zostaw reszt\u0119 nam.\",\"isPartOf\":{\"@id\":\"https:\/\/howsmart.pl\/#website\"},\"primaryImageOfPage\":{\"@id\":\"https:\/\/howsmart.pl\/produkt\/terrace-smart\/#primaryimage\"},\"image\":{\"@id\":\"https:\/\/howsmart.pl\/produkt\/terrace-smart\/#primaryimage\"},\"thumbnailUrl\":\"https:\/\/howsmart.pl\/wp-content\/uploads\/2024\/12\/1-2-2.jpg\",\"datePublished\":\"2024-12-13T22:18:01+00:00\",\"dateModified\":\"2026-03-12T07:46:43+00:00\",\"breadcrumb\":{\"@id\":\"https:\/\/howsmart.pl\/produkt\/terrace-smart\/#breadcrumb\"},\"inLanguage\":\"de\",\"potentialAction\":[{\"@type\":\"ReadAction\",\"target\":[\"https:\/\/howsmart.pl\/produkt\/terrace-smart\/\"]}]},{\"@type\":\"ImageObject\",\"inLanguage\":\"de\",\"@id\":\"https:\/\/howsmart.pl\/produkt\/terrace-smart\/#primaryimage\",\"url\":\"https:\/\/howsmart.pl\/wp-content\/uploads\/2024\/12\/1-2-2.jpg\",\"contentUrl\":\"https:\/\/howsmart.pl\/wp-content\/uploads\/2024\/12\/1-2-2.jpg\",\"width\":1500,\"height\":844},{\"@type\":\"BreadcrumbList\",\"@id\":\"https:\/\/howsmart.pl\/produkt\/terrace-smart\/#breadcrumb\",\"itemListElement\":[{\"@type\":\"ListItem\",\"position\":1,\"name\":\"Strona g\u0142\u00f3wna\",\"item\":\"https:\/\/howsmart.pl\/\"},{\"@type\":\"ListItem\",\"position\":2,\"name\":\"Projekty\",\"item\":\"https:\/\/howsmart.pl\/projekty\/\"},{\"@type\":\"ListItem\",\"position\":3,\"name\":\"Terrace Smart\"}]},{\"@type\":\"WebSite\",\"@id\":\"https:\/\/howsmart.pl\/#website\",\"url\":\"https:\/\/howsmart.pl\/\",\"name\":\"HowSmart\u00ae\",\"description\":\"Sprytne domy dla Ciebie\",\"publisher\":{\"@id\":\"https:\/\/howsmart.pl\/#organization\"},\"potentialAction\":[{\"@type\":\"SearchAction\",\"target\":{\"@type\":\"EntryPoint\",\"urlTemplate\":\"https:\/\/howsmart.pl\/?s={search_term_string}\"},\"query-input\":{\"@type\":\"PropertyValueSpecification\",\"valueRequired\":true,\"valueName\":\"search_term_string\"}}],\"inLanguage\":\"de\"},{\"@type\":\"Organization\",\"@id\":\"https:\/\/howsmart.pl\/#organization\",\"name\":\"HowSmart\u00ae\",\"url\":\"https:\/\/howsmart.pl\/\",\"logo\":{\"@type\":\"ImageObject\",\"inLanguage\":\"de\",\"@id\":\"https:\/\/howsmart.pl\/#\/schema\/logo\/image\/\",\"url\":\"https:\/\/howsmart.pl\/wp-content\/uploads\/2026\/03\/HS.png\",\"contentUrl\":\"https:\/\/howsmart.pl\/wp-content\/uploads\/2026\/03\/HS.png\",\"width\":673,\"height\":673,\"caption\":\"HowSmart\u00ae\"},\"image\":{\"@id\":\"https:\/\/howsmart.pl\/#\/schema\/logo\/image\/\"},\"sameAs\":[\"https:\/\/www.facebook.com\/HowSmart.official\/?modal=admin_todo_tour\",\"https:\/\/www.instagram.com\/howsmart_domy35m2\/?hl=pl\"]}]}<\/script>\n<!-- \/ Yoast SEO plugin. -->","yoast_head_json":{"title":"Terrace Smart - HowSmart\u00ae - Tw\u00f3j sprytny spos\u00f3b na budow\u0119 nowoczesnego domu. Wybierz sw\u00f3j projekt i zostaw reszt\u0119 nam.","robots":{"index":"index","follow":"follow","max-snippet":"max-snippet:-1","max-image-preview":"max-image-preview:large","max-video-preview":"max-video-preview:-1"},"canonical":"https:\/\/howsmart.pl\/de\/produkt\/terrace-smart\/","og_locale":"de_DE","og_type":"article","og_title":"Terrace Smart - HowSmart\u00ae - Tw\u00f3j sprytny spos\u00f3b na budow\u0119 nowoczesnego domu. Wybierz sw\u00f3j projekt i zostaw reszt\u0119 nam.","og_description":"Dom Terrace Smart to DOM dla klient\u00f3w, kt\u00f3rych \u017cycie b\u0119dzie toczy\u0142o si\u0119 nie w, a obok domu, zadaszony taras w obrysie budynku idealnie sprawdzi si\u0119 w pochmurne dni.","og_url":"https:\/\/howsmart.pl\/de\/produkt\/terrace-smart\/","og_site_name":"HowSmart\u00ae - Tw\u00f3j sprytny spos\u00f3b na budow\u0119 nowoczesnego domu. Wybierz sw\u00f3j projekt i zostaw reszt\u0119 nam.","article_publisher":"https:\/\/www.facebook.com\/HowSmart.official\/?modal=admin_todo_tour","article_modified_time":"2026-03-12T07:46:43+00:00","og_image":[{"width":1500,"height":844,"url":"https:\/\/howsmart.pl\/wp-content\/uploads\/2024\/12\/1-2-2.jpg","type":"image\/jpeg"}],"twitter_card":"summary_large_image","schema":{"@context":"https:\/\/schema.org","@graph":[{"@type":"WebPage","@id":"https:\/\/howsmart.pl\/produkt\/terrace-smart\/","url":"https:\/\/howsmart.pl\/produkt\/terrace-smart\/","name":"Terrace Smart - HowSmart\u00ae - Tw\u00f3j sprytny spos\u00f3b na budow\u0119 nowoczesnego domu. Wybierz sw\u00f3j projekt i zostaw reszt\u0119 nam.","isPartOf":{"@id":"https:\/\/howsmart.pl\/#website"},"primaryImageOfPage":{"@id":"https:\/\/howsmart.pl\/produkt\/terrace-smart\/#primaryimage"},"image":{"@id":"https:\/\/howsmart.pl\/produkt\/terrace-smart\/#primaryimage"},"thumbnailUrl":"https:\/\/howsmart.pl\/wp-content\/uploads\/2024\/12\/1-2-2.jpg","datePublished":"2024-12-13T22:18:01+00:00","dateModified":"2026-03-12T07:46:43+00:00","breadcrumb":{"@id":"https:\/\/howsmart.pl\/produkt\/terrace-smart\/#breadcrumb"},"inLanguage":"de","potentialAction":[{"@type":"ReadAction","target":["https:\/\/howsmart.pl\/produkt\/terrace-smart\/"]}]},{"@type":"ImageObject","inLanguage":"de","@id":"https:\/\/howsmart.pl\/produkt\/terrace-smart\/#primaryimage","url":"https:\/\/howsmart.pl\/wp-content\/uploads\/2024\/12\/1-2-2.jpg","contentUrl":"https:\/\/howsmart.pl\/wp-content\/uploads\/2024\/12\/1-2-2.jpg","width":1500,"height":844},{"@type":"BreadcrumbList","@id":"https:\/\/howsmart.pl\/produkt\/terrace-smart\/#breadcrumb","itemListElement":[{"@type":"ListItem","position":1,"name":"Strona g\u0142\u00f3wna","item":"https:\/\/howsmart.pl\/"},{"@type":"ListItem","position":2,"name":"Projekty","item":"https:\/\/howsmart.pl\/projekty\/"},{"@type":"ListItem","position":3,"name":"Terrace Smart"}]},{"@type":"WebSite","@id":"https:\/\/howsmart.pl\/#website","url":"https:\/\/howsmart.pl\/","name":"HowSmart\u00ae","description":"Sprytne domy dla Ciebie","publisher":{"@id":"https:\/\/howsmart.pl\/#organization"},"potentialAction":[{"@type":"SearchAction","target":{"@type":"EntryPoint","urlTemplate":"https:\/\/howsmart.pl\/?s={search_term_string}"},"query-input":{"@type":"PropertyValueSpecification","valueRequired":true,"valueName":"search_term_string"}}],"inLanguage":"de"},{"@type":"Organization","@id":"https:\/\/howsmart.pl\/#organization","name":"HowSmart\u00ae","url":"https:\/\/howsmart.pl\/","logo":{"@type":"ImageObject","inLanguage":"de","@id":"https:\/\/howsmart.pl\/#\/schema\/logo\/image\/","url":"https:\/\/howsmart.pl\/wp-content\/uploads\/2026\/03\/HS.png","contentUrl":"https:\/\/howsmart.pl\/wp-content\/uploads\/2026\/03\/HS.png","width":673,"height":673,"caption":"HowSmart\u00ae"},"image":{"@id":"https:\/\/howsmart.pl\/#\/schema\/logo\/image\/"},"sameAs":["https:\/\/www.facebook.com\/HowSmart.official\/?modal=admin_todo_tour","https:\/\/www.instagram.com\/howsmart_domy35m2\/?hl=pl"]}]}},"_links":{"self":[{"href":"https:\/\/howsmart.pl\/de\/wp-json\/wp\/v2\/product\/4889","targetHints":{"allow":["GET"]}}],"collection":[{"href":"https:\/\/howsmart.pl\/de\/wp-json\/wp\/v2\/product"}],"about":[{"href":"https:\/\/howsmart.pl\/de\/wp-json\/wp\/v2\/types\/product"}],"replies":[{"embeddable":true,"href":"https:\/\/howsmart.pl\/de\/wp-json\/wp\/v2\/comments?post=4889"}],"wp:featuredmedia":[{"embeddable":true,"href":"https:\/\/howsmart.pl\/de\/wp-json\/wp\/v2\/media\/4894"}],"wp:attachment":[{"href":"https:\/\/howsmart.pl\/de\/wp-json\/wp\/v2\/media?parent=4889"}],"wp:term":[{"taxonomy":"product_cat","embeddable":true,"href":"https:\/\/howsmart.pl\/de\/wp-json\/wp\/v2\/product_cat?post=4889"},{"taxonomy":"product_tag","embeddable":true,"href":"https:\/\/howsmart.pl\/de\/wp-json\/wp\/v2\/product_tag?post=4889"}],"curies":[{"name":"wp","href":"https:\/\/api.w.org\/{rel}","templated":true}]}}