{"id":4610,"date":"2024-12-13T23:27:36","date_gmt":"2024-12-13T22:27:36","guid":{"rendered":"https:\/\/hosting2347530.online.pro\/autoinstalator\/wordpress5\/?post_type=product&#038;p=4610"},"modified":"2026-03-12T08:45:40","modified_gmt":"2026-03-12T07:45:40","slug":"modern-smart","status":"publish","type":"product","link":"https:\/\/howsmart.pl\/de\/produkt\/modern-smart\/","title":{"rendered":"Moderner Smart 35"},"content":{"rendered":"<p>Es handelt sich um ein modernes Haus, das sich durch eine gro\u00dfe Seitenverglasung auszeichnet, die das Geb\u00e4ude zum Garten hin \u00f6ffnet. Ein Haus f\u00fcr diejenigen, die einen erhabenen Stil und ein hochwertiges Produkt sch\u00e4tzen.<\/p>","protected":false},"excerpt":{"rendered":"<p>Es handelt sich um ein modernes Haus, das sich durch eine gro\u00dfe Seitenverglasung auszeichnet, die das Geb\u00e4ude zum Garten hin \u00f6ffnet. Ein Haus f\u00fcr diejenigen, die einen erhabenen Stil und ein hochwertiges Produkt sch\u00e4tzen.<\/p>","protected":false},"featured_media":4625,"comment_status":"open","ping_status":"closed","template":"","meta":{"_acf_changed":false},"product_cat":[45,52],"product_tag":[],"class_list":{"0":"post-4610","1":"product","2":"type-product","3":"status-publish","4":"has-post-thumbnail","6":"product_cat-do-50-m2","7":"product_cat-z-pietrem","9":"first","10":"instock","11":"shipping-taxable","12":"purchasable","13":"product-type-simple"},"acf":[],"yoast_head":"<!-- This site is optimized with the Yoast SEO plugin v27.2 - https:\/\/yoast.com\/product\/yoast-seo-wordpress\/ -->\n<title>Modern Smart 35 - HowSmart\u00ae - Tw\u00f3j sprytny spos\u00f3b na budow\u0119 nowoczesnego domu. Wybierz sw\u00f3j projekt i zostaw reszt\u0119 nam.<\/title>\n<meta name=\"robots\" content=\"index, follow, max-snippet:-1, max-image-preview:large, max-video-preview:-1\" \/>\n<link rel=\"canonical\" href=\"https:\/\/howsmart.pl\/de\/produkt\/modern-smart\/\" \/>\n<meta property=\"og:locale\" content=\"de_DE\" \/>\n<meta property=\"og:type\" content=\"article\" \/>\n<meta property=\"og:title\" content=\"Modern Smart 35 - HowSmart\u00ae - Tw\u00f3j sprytny spos\u00f3b na budow\u0119 nowoczesnego domu. Wybierz sw\u00f3j projekt i zostaw reszt\u0119 nam.\" \/>\n<meta property=\"og:description\" content=\"To dom w nowoczesnym stylu charakteryzuj\u0105cy si\u0119 du\u017cym bocznym przeszkleniem, kt\u00f3re otwiera budynek na ogr\u00f3d. Dom dla os\u00f3b ceni\u0105cych sobie wysublimowany styl i produkt najwy\u017cszej jako\u015bci.\" \/>\n<meta property=\"og:url\" content=\"https:\/\/howsmart.pl\/de\/produkt\/modern-smart\/\" \/>\n<meta property=\"og:site_name\" content=\"HowSmart\u00ae - Tw\u00f3j sprytny spos\u00f3b na budow\u0119 nowoczesnego domu. Wybierz sw\u00f3j projekt i zostaw reszt\u0119 nam.\" \/>\n<meta property=\"article:publisher\" content=\"https:\/\/www.facebook.com\/HowSmart.official\/?modal=admin_todo_tour\" \/>\n<meta property=\"article:modified_time\" content=\"2026-03-12T07:45:40+00:00\" \/>\n<meta property=\"og:image\" content=\"https:\/\/howsmart.pl\/wp-content\/uploads\/2024\/12\/1-5.jpg\" \/>\n\t<meta property=\"og:image:width\" content=\"1600\" \/>\n\t<meta property=\"og:image:height\" content=\"900\" \/>\n\t<meta property=\"og:image:type\" content=\"image\/jpeg\" \/>\n<meta name=\"twitter:card\" content=\"summary_large_image\" \/>\n<script type=\"application\/ld+json\" class=\"yoast-schema-graph\">{\"@context\":\"https:\/\/schema.org\",\"@graph\":[{\"@type\":\"WebPage\",\"@id\":\"https:\/\/howsmart.pl\/produkt\/modern-smart\/\",\"url\":\"https:\/\/howsmart.pl\/produkt\/modern-smart\/\",\"name\":\"Modern Smart 35 - HowSmart\u00ae - Tw\u00f3j sprytny spos\u00f3b na budow\u0119 nowoczesnego domu. Wybierz sw\u00f3j projekt i zostaw reszt\u0119 nam.\",\"isPartOf\":{\"@id\":\"https:\/\/howsmart.pl\/#website\"},\"primaryImageOfPage\":{\"@id\":\"https:\/\/howsmart.pl\/produkt\/modern-smart\/#primaryimage\"},\"image\":{\"@id\":\"https:\/\/howsmart.pl\/produkt\/modern-smart\/#primaryimage\"},\"thumbnailUrl\":\"https:\/\/howsmart.pl\/wp-content\/uploads\/2024\/12\/1-5.jpg\",\"datePublished\":\"2024-12-13T22:27:36+00:00\",\"dateModified\":\"2026-03-12T07:45:40+00:00\",\"breadcrumb\":{\"@id\":\"https:\/\/howsmart.pl\/produkt\/modern-smart\/#breadcrumb\"},\"inLanguage\":\"de\",\"potentialAction\":[{\"@type\":\"ReadAction\",\"target\":[\"https:\/\/howsmart.pl\/produkt\/modern-smart\/\"]}]},{\"@type\":\"ImageObject\",\"inLanguage\":\"de\",\"@id\":\"https:\/\/howsmart.pl\/produkt\/modern-smart\/#primaryimage\",\"url\":\"https:\/\/howsmart.pl\/wp-content\/uploads\/2024\/12\/1-5.jpg\",\"contentUrl\":\"https:\/\/howsmart.pl\/wp-content\/uploads\/2024\/12\/1-5.jpg\",\"width\":1600,\"height\":900},{\"@type\":\"BreadcrumbList\",\"@id\":\"https:\/\/howsmart.pl\/produkt\/modern-smart\/#breadcrumb\",\"itemListElement\":[{\"@type\":\"ListItem\",\"position\":1,\"name\":\"Strona g\u0142\u00f3wna\",\"item\":\"https:\/\/howsmart.pl\/\"},{\"@type\":\"ListItem\",\"position\":2,\"name\":\"Projekty\",\"item\":\"https:\/\/howsmart.pl\/projekty\/\"},{\"@type\":\"ListItem\",\"position\":3,\"name\":\"Modern Smart 35\"}]},{\"@type\":\"WebSite\",\"@id\":\"https:\/\/howsmart.pl\/#website\",\"url\":\"https:\/\/howsmart.pl\/\",\"name\":\"HowSmart\u00ae\",\"description\":\"Sprytne domy dla Ciebie\",\"publisher\":{\"@id\":\"https:\/\/howsmart.pl\/#organization\"},\"potentialAction\":[{\"@type\":\"SearchAction\",\"target\":{\"@type\":\"EntryPoint\",\"urlTemplate\":\"https:\/\/howsmart.pl\/?s={search_term_string}\"},\"query-input\":{\"@type\":\"PropertyValueSpecification\",\"valueRequired\":true,\"valueName\":\"search_term_string\"}}],\"inLanguage\":\"de\"},{\"@type\":\"Organization\",\"@id\":\"https:\/\/howsmart.pl\/#organization\",\"name\":\"HowSmart\u00ae\",\"url\":\"https:\/\/howsmart.pl\/\",\"logo\":{\"@type\":\"ImageObject\",\"inLanguage\":\"de\",\"@id\":\"https:\/\/howsmart.pl\/#\/schema\/logo\/image\/\",\"url\":\"https:\/\/howsmart.pl\/wp-content\/uploads\/2026\/03\/HS.png\",\"contentUrl\":\"https:\/\/howsmart.pl\/wp-content\/uploads\/2026\/03\/HS.png\",\"width\":673,\"height\":673,\"caption\":\"HowSmart\u00ae\"},\"image\":{\"@id\":\"https:\/\/howsmart.pl\/#\/schema\/logo\/image\/\"},\"sameAs\":[\"https:\/\/www.facebook.com\/HowSmart.official\/?modal=admin_todo_tour\",\"https:\/\/www.instagram.com\/howsmart_domy35m2\/?hl=pl\"]}]}<\/script>\n<!-- \/ Yoast SEO plugin. -->","yoast_head_json":{"title":"Modern Smart 35 - HowSmart\u00ae - Tw\u00f3j sprytny spos\u00f3b na budow\u0119 nowoczesnego domu. Wybierz sw\u00f3j projekt i zostaw reszt\u0119 nam.","robots":{"index":"index","follow":"follow","max-snippet":"max-snippet:-1","max-image-preview":"max-image-preview:large","max-video-preview":"max-video-preview:-1"},"canonical":"https:\/\/howsmart.pl\/de\/produkt\/modern-smart\/","og_locale":"de_DE","og_type":"article","og_title":"Modern Smart 35 - HowSmart\u00ae - Tw\u00f3j sprytny spos\u00f3b na budow\u0119 nowoczesnego domu. Wybierz sw\u00f3j projekt i zostaw reszt\u0119 nam.","og_description":"To dom w nowoczesnym stylu charakteryzuj\u0105cy si\u0119 du\u017cym bocznym przeszkleniem, kt\u00f3re otwiera budynek na ogr\u00f3d. Dom dla os\u00f3b ceni\u0105cych sobie wysublimowany styl i produkt najwy\u017cszej jako\u015bci.","og_url":"https:\/\/howsmart.pl\/de\/produkt\/modern-smart\/","og_site_name":"HowSmart\u00ae - Tw\u00f3j sprytny spos\u00f3b na budow\u0119 nowoczesnego domu. Wybierz sw\u00f3j projekt i zostaw reszt\u0119 nam.","article_publisher":"https:\/\/www.facebook.com\/HowSmart.official\/?modal=admin_todo_tour","article_modified_time":"2026-03-12T07:45:40+00:00","og_image":[{"width":1600,"height":900,"url":"https:\/\/howsmart.pl\/wp-content\/uploads\/2024\/12\/1-5.jpg","type":"image\/jpeg"}],"twitter_card":"summary_large_image","schema":{"@context":"https:\/\/schema.org","@graph":[{"@type":"WebPage","@id":"https:\/\/howsmart.pl\/produkt\/modern-smart\/","url":"https:\/\/howsmart.pl\/produkt\/modern-smart\/","name":"Modern Smart 35 - HowSmart\u00ae - Tw\u00f3j sprytny spos\u00f3b na budow\u0119 nowoczesnego domu. Wybierz sw\u00f3j projekt i zostaw reszt\u0119 nam.","isPartOf":{"@id":"https:\/\/howsmart.pl\/#website"},"primaryImageOfPage":{"@id":"https:\/\/howsmart.pl\/produkt\/modern-smart\/#primaryimage"},"image":{"@id":"https:\/\/howsmart.pl\/produkt\/modern-smart\/#primaryimage"},"thumbnailUrl":"https:\/\/howsmart.pl\/wp-content\/uploads\/2024\/12\/1-5.jpg","datePublished":"2024-12-13T22:27:36+00:00","dateModified":"2026-03-12T07:45:40+00:00","breadcrumb":{"@id":"https:\/\/howsmart.pl\/produkt\/modern-smart\/#breadcrumb"},"inLanguage":"de","potentialAction":[{"@type":"ReadAction","target":["https:\/\/howsmart.pl\/produkt\/modern-smart\/"]}]},{"@type":"ImageObject","inLanguage":"de","@id":"https:\/\/howsmart.pl\/produkt\/modern-smart\/#primaryimage","url":"https:\/\/howsmart.pl\/wp-content\/uploads\/2024\/12\/1-5.jpg","contentUrl":"https:\/\/howsmart.pl\/wp-content\/uploads\/2024\/12\/1-5.jpg","width":1600,"height":900},{"@type":"BreadcrumbList","@id":"https:\/\/howsmart.pl\/produkt\/modern-smart\/#breadcrumb","itemListElement":[{"@type":"ListItem","position":1,"name":"Strona g\u0142\u00f3wna","item":"https:\/\/howsmart.pl\/"},{"@type":"ListItem","position":2,"name":"Projekty","item":"https:\/\/howsmart.pl\/projekty\/"},{"@type":"ListItem","position":3,"name":"Modern Smart 35"}]},{"@type":"WebSite","@id":"https:\/\/howsmart.pl\/#website","url":"https:\/\/howsmart.pl\/","name":"HowSmart\u00ae","description":"Sprytne domy dla Ciebie","publisher":{"@id":"https:\/\/howsmart.pl\/#organization"},"potentialAction":[{"@type":"SearchAction","target":{"@type":"EntryPoint","urlTemplate":"https:\/\/howsmart.pl\/?s={search_term_string}"},"query-input":{"@type":"PropertyValueSpecification","valueRequired":true,"valueName":"search_term_string"}}],"inLanguage":"de"},{"@type":"Organization","@id":"https:\/\/howsmart.pl\/#organization","name":"HowSmart\u00ae","url":"https:\/\/howsmart.pl\/","logo":{"@type":"ImageObject","inLanguage":"de","@id":"https:\/\/howsmart.pl\/#\/schema\/logo\/image\/","url":"https:\/\/howsmart.pl\/wp-content\/uploads\/2026\/03\/HS.png","contentUrl":"https:\/\/howsmart.pl\/wp-content\/uploads\/2026\/03\/HS.png","width":673,"height":673,"caption":"HowSmart\u00ae"},"image":{"@id":"https:\/\/howsmart.pl\/#\/schema\/logo\/image\/"},"sameAs":["https:\/\/www.facebook.com\/HowSmart.official\/?modal=admin_todo_tour","https:\/\/www.instagram.com\/howsmart_domy35m2\/?hl=pl"]}]}},"_links":{"self":[{"href":"https:\/\/howsmart.pl\/de\/wp-json\/wp\/v2\/product\/4610","targetHints":{"allow":["GET"]}}],"collection":[{"href":"https:\/\/howsmart.pl\/de\/wp-json\/wp\/v2\/product"}],"about":[{"href":"https:\/\/howsmart.pl\/de\/wp-json\/wp\/v2\/types\/product"}],"replies":[{"embeddable":true,"href":"https:\/\/howsmart.pl\/de\/wp-json\/wp\/v2\/comments?post=4610"}],"wp:featuredmedia":[{"embeddable":true,"href":"https:\/\/howsmart.pl\/de\/wp-json\/wp\/v2\/media\/4625"}],"wp:attachment":[{"href":"https:\/\/howsmart.pl\/de\/wp-json\/wp\/v2\/media?parent=4610"}],"wp:term":[{"taxonomy":"product_cat","embeddable":true,"href":"https:\/\/howsmart.pl\/de\/wp-json\/wp\/v2\/product_cat?post=4610"},{"taxonomy":"product_tag","embeddable":true,"href":"https:\/\/howsmart.pl\/de\/wp-json\/wp\/v2\/product_tag?post=4610"}],"curies":[{"name":"wp","href":"https:\/\/api.w.org\/{rel}","templated":true}]}}