{"id":4535,"date":"2024-12-13T18:52:45","date_gmt":"2024-12-13T17:52:45","guid":{"rendered":"https:\/\/hosting2347530.online.pro\/autoinstalator\/wordpress5\/?post_type=product&#038;p=4535"},"modified":"2026-03-23T19:30:51","modified_gmt":"2026-03-23T18:30:51","slug":"space-smart-90","status":"publish","type":"product","link":"https:\/\/howsmart.pl\/de\/produkt\/space-smart-90\/","title":{"rendered":"Raumfahrt Smart 90"},"content":{"rendered":"<p>Es handelt sich um ein Haus im modernen Stil, das sich durch eine gro\u00dfe Glasfront auszeichnet, die das Geb\u00e4ude zum Garten hin \u00f6ffnet. Ein Haus f\u00fcr diejenigen, die einen erhabenen Stil und ein hochwertiges Produkt sch\u00e4tzen.<\/p>","protected":false},"excerpt":{"rendered":"<p>Es handelt sich um ein Haus im modernen Stil, das sich durch eine gro\u00dfe Glasfront auszeichnet, die das Geb\u00e4ude zum Garten hin \u00f6ffnet. Ein Haus f\u00fcr diejenigen, die einen erhabenen Stil und ein hochwertiges Produkt sch\u00e4tzen.<\/p>","protected":false},"featured_media":4538,"comment_status":"open","ping_status":"closed","template":"","meta":{"_acf_changed":false},"product_cat":[44,24],"product_tag":[],"class_list":{"0":"post-4535","1":"product","2":"type-product","3":"status-publish","4":"has-post-thumbnail","6":"product_cat-do-74-m2","7":"product_cat-parterowe","9":"first","10":"instock","11":"shipping-taxable","12":"purchasable","13":"product-type-simple"},"acf":[],"yoast_head":"<!-- This site is optimized with the Yoast SEO plugin v27.2 - https:\/\/yoast.com\/product\/yoast-seo-wordpress\/ -->\n<title>Space Smart 90 - HowSmart\u00ae - Tw\u00f3j sprytny spos\u00f3b na budow\u0119 nowoczesnego domu. Wybierz sw\u00f3j projekt i zostaw reszt\u0119 nam.<\/title>\n<meta name=\"robots\" content=\"index, follow, max-snippet:-1, max-image-preview:large, max-video-preview:-1\" \/>\n<link rel=\"canonical\" href=\"https:\/\/howsmart.pl\/de\/produkt\/space-smart-90\/\" \/>\n<meta property=\"og:locale\" content=\"de_DE\" \/>\n<meta property=\"og:type\" content=\"article\" \/>\n<meta property=\"og:title\" content=\"Space Smart 90 - HowSmart\u00ae - Tw\u00f3j sprytny spos\u00f3b na budow\u0119 nowoczesnego domu. Wybierz sw\u00f3j projekt i zostaw reszt\u0119 nam.\" \/>\n<meta property=\"og:description\" content=\"To dom w nowoczesnym stylu charakteryzuj\u0105cy si\u0119 du\u017cym frontowym przeszkleniem, kt\u00f3re otwiera budynek na ogr\u00f3d. Dom dla os\u00f3b ceni\u0105cych sobie wysublimowany styl i produkt najwy\u017cszej jako\u015bci.\" \/>\n<meta property=\"og:url\" content=\"https:\/\/howsmart.pl\/de\/produkt\/space-smart-90\/\" \/>\n<meta property=\"og:site_name\" content=\"HowSmart\u00ae - Tw\u00f3j sprytny spos\u00f3b na budow\u0119 nowoczesnego domu. Wybierz sw\u00f3j projekt i zostaw reszt\u0119 nam.\" \/>\n<meta property=\"article:publisher\" content=\"https:\/\/www.facebook.com\/HowSmart.official\/?modal=admin_todo_tour\" \/>\n<meta property=\"article:modified_time\" content=\"2026-03-23T18:30:51+00:00\" \/>\n<meta property=\"og:image\" content=\"https:\/\/howsmart.pl\/wp-content\/uploads\/2024\/12\/SS-W2.jpg\" \/>\n\t<meta property=\"og:image:width\" content=\"1600\" \/>\n\t<meta property=\"og:image:height\" content=\"900\" \/>\n\t<meta property=\"og:image:type\" content=\"image\/jpeg\" \/>\n<meta name=\"twitter:card\" content=\"summary_large_image\" \/>\n<meta name=\"twitter:label1\" content=\"Gesch\u00e4tzte Lesezeit\" \/>\n\t<meta name=\"twitter:data1\" content=\"1\u00a0Minute\" \/>\n<script type=\"application\/ld+json\" class=\"yoast-schema-graph\">{\"@context\":\"https:\/\/schema.org\",\"@graph\":[{\"@type\":\"WebPage\",\"@id\":\"https:\/\/howsmart.pl\/produkt\/space-smart-90\/\",\"url\":\"https:\/\/howsmart.pl\/produkt\/space-smart-90\/\",\"name\":\"Space Smart 90 - HowSmart\u00ae - Tw\u00f3j sprytny spos\u00f3b na budow\u0119 nowoczesnego domu. Wybierz sw\u00f3j projekt i zostaw reszt\u0119 nam.\",\"isPartOf\":{\"@id\":\"https:\/\/howsmart.pl\/#website\"},\"primaryImageOfPage\":{\"@id\":\"https:\/\/howsmart.pl\/produkt\/space-smart-90\/#primaryimage\"},\"image\":{\"@id\":\"https:\/\/howsmart.pl\/produkt\/space-smart-90\/#primaryimage\"},\"thumbnailUrl\":\"https:\/\/howsmart.pl\/wp-content\/uploads\/2024\/12\/SS-W2.jpg\",\"datePublished\":\"2024-12-13T17:52:45+00:00\",\"dateModified\":\"2026-03-23T18:30:51+00:00\",\"breadcrumb\":{\"@id\":\"https:\/\/howsmart.pl\/produkt\/space-smart-90\/#breadcrumb\"},\"inLanguage\":\"de\",\"potentialAction\":[{\"@type\":\"ReadAction\",\"target\":[\"https:\/\/howsmart.pl\/produkt\/space-smart-90\/\"]}]},{\"@type\":\"ImageObject\",\"inLanguage\":\"de\",\"@id\":\"https:\/\/howsmart.pl\/produkt\/space-smart-90\/#primaryimage\",\"url\":\"https:\/\/howsmart.pl\/wp-content\/uploads\/2024\/12\/SS-W2.jpg\",\"contentUrl\":\"https:\/\/howsmart.pl\/wp-content\/uploads\/2024\/12\/SS-W2.jpg\",\"width\":1600,\"height\":900},{\"@type\":\"BreadcrumbList\",\"@id\":\"https:\/\/howsmart.pl\/produkt\/space-smart-90\/#breadcrumb\",\"itemListElement\":[{\"@type\":\"ListItem\",\"position\":1,\"name\":\"Strona g\u0142\u00f3wna\",\"item\":\"https:\/\/howsmart.pl\/\"},{\"@type\":\"ListItem\",\"position\":2,\"name\":\"Projekty\",\"item\":\"https:\/\/howsmart.pl\/projekty\/\"},{\"@type\":\"ListItem\",\"position\":3,\"name\":\"Space Smart 90\"}]},{\"@type\":\"WebSite\",\"@id\":\"https:\/\/howsmart.pl\/#website\",\"url\":\"https:\/\/howsmart.pl\/\",\"name\":\"HowSmart\u00ae\",\"description\":\"Sprytne domy dla Ciebie\",\"publisher\":{\"@id\":\"https:\/\/howsmart.pl\/#organization\"},\"potentialAction\":[{\"@type\":\"SearchAction\",\"target\":{\"@type\":\"EntryPoint\",\"urlTemplate\":\"https:\/\/howsmart.pl\/?s={search_term_string}\"},\"query-input\":{\"@type\":\"PropertyValueSpecification\",\"valueRequired\":true,\"valueName\":\"search_term_string\"}}],\"inLanguage\":\"de\"},{\"@type\":\"Organization\",\"@id\":\"https:\/\/howsmart.pl\/#organization\",\"name\":\"HowSmart\u00ae\",\"url\":\"https:\/\/howsmart.pl\/\",\"logo\":{\"@type\":\"ImageObject\",\"inLanguage\":\"de\",\"@id\":\"https:\/\/howsmart.pl\/#\/schema\/logo\/image\/\",\"url\":\"https:\/\/howsmart.pl\/wp-content\/uploads\/2026\/03\/HS.png\",\"contentUrl\":\"https:\/\/howsmart.pl\/wp-content\/uploads\/2026\/03\/HS.png\",\"width\":673,\"height\":673,\"caption\":\"HowSmart\u00ae\"},\"image\":{\"@id\":\"https:\/\/howsmart.pl\/#\/schema\/logo\/image\/\"},\"sameAs\":[\"https:\/\/www.facebook.com\/HowSmart.official\/?modal=admin_todo_tour\",\"https:\/\/www.instagram.com\/howsmart_domy35m2\/?hl=pl\"]}]}<\/script>\n<!-- \/ Yoast SEO plugin. -->","yoast_head_json":{"title":"Space Smart 90 - HowSmart\u00ae - Tw\u00f3j sprytny spos\u00f3b na budow\u0119 nowoczesnego domu. Wybierz sw\u00f3j projekt i zostaw reszt\u0119 nam.","robots":{"index":"index","follow":"follow","max-snippet":"max-snippet:-1","max-image-preview":"max-image-preview:large","max-video-preview":"max-video-preview:-1"},"canonical":"https:\/\/howsmart.pl\/de\/produkt\/space-smart-90\/","og_locale":"de_DE","og_type":"article","og_title":"Space Smart 90 - HowSmart\u00ae - Tw\u00f3j sprytny spos\u00f3b na budow\u0119 nowoczesnego domu. Wybierz sw\u00f3j projekt i zostaw reszt\u0119 nam.","og_description":"To dom w nowoczesnym stylu charakteryzuj\u0105cy si\u0119 du\u017cym frontowym przeszkleniem, kt\u00f3re otwiera budynek na ogr\u00f3d. Dom dla os\u00f3b ceni\u0105cych sobie wysublimowany styl i produkt najwy\u017cszej jako\u015bci.","og_url":"https:\/\/howsmart.pl\/de\/produkt\/space-smart-90\/","og_site_name":"HowSmart\u00ae - Tw\u00f3j sprytny spos\u00f3b na budow\u0119 nowoczesnego domu. Wybierz sw\u00f3j projekt i zostaw reszt\u0119 nam.","article_publisher":"https:\/\/www.facebook.com\/HowSmart.official\/?modal=admin_todo_tour","article_modified_time":"2026-03-23T18:30:51+00:00","og_image":[{"width":1600,"height":900,"url":"https:\/\/howsmart.pl\/wp-content\/uploads\/2024\/12\/SS-W2.jpg","type":"image\/jpeg"}],"twitter_card":"summary_large_image","twitter_misc":{"Gesch\u00e4tzte Lesezeit":"1\u00a0Minute"},"schema":{"@context":"https:\/\/schema.org","@graph":[{"@type":"WebPage","@id":"https:\/\/howsmart.pl\/produkt\/space-smart-90\/","url":"https:\/\/howsmart.pl\/produkt\/space-smart-90\/","name":"Space Smart 90 - HowSmart\u00ae - Tw\u00f3j sprytny spos\u00f3b na budow\u0119 nowoczesnego domu. Wybierz sw\u00f3j projekt i zostaw reszt\u0119 nam.","isPartOf":{"@id":"https:\/\/howsmart.pl\/#website"},"primaryImageOfPage":{"@id":"https:\/\/howsmart.pl\/produkt\/space-smart-90\/#primaryimage"},"image":{"@id":"https:\/\/howsmart.pl\/produkt\/space-smart-90\/#primaryimage"},"thumbnailUrl":"https:\/\/howsmart.pl\/wp-content\/uploads\/2024\/12\/SS-W2.jpg","datePublished":"2024-12-13T17:52:45+00:00","dateModified":"2026-03-23T18:30:51+00:00","breadcrumb":{"@id":"https:\/\/howsmart.pl\/produkt\/space-smart-90\/#breadcrumb"},"inLanguage":"de","potentialAction":[{"@type":"ReadAction","target":["https:\/\/howsmart.pl\/produkt\/space-smart-90\/"]}]},{"@type":"ImageObject","inLanguage":"de","@id":"https:\/\/howsmart.pl\/produkt\/space-smart-90\/#primaryimage","url":"https:\/\/howsmart.pl\/wp-content\/uploads\/2024\/12\/SS-W2.jpg","contentUrl":"https:\/\/howsmart.pl\/wp-content\/uploads\/2024\/12\/SS-W2.jpg","width":1600,"height":900},{"@type":"BreadcrumbList","@id":"https:\/\/howsmart.pl\/produkt\/space-smart-90\/#breadcrumb","itemListElement":[{"@type":"ListItem","position":1,"name":"Strona g\u0142\u00f3wna","item":"https:\/\/howsmart.pl\/"},{"@type":"ListItem","position":2,"name":"Projekty","item":"https:\/\/howsmart.pl\/projekty\/"},{"@type":"ListItem","position":3,"name":"Space Smart 90"}]},{"@type":"WebSite","@id":"https:\/\/howsmart.pl\/#website","url":"https:\/\/howsmart.pl\/","name":"HowSmart\u00ae","description":"Sprytne domy dla Ciebie","publisher":{"@id":"https:\/\/howsmart.pl\/#organization"},"potentialAction":[{"@type":"SearchAction","target":{"@type":"EntryPoint","urlTemplate":"https:\/\/howsmart.pl\/?s={search_term_string}"},"query-input":{"@type":"PropertyValueSpecification","valueRequired":true,"valueName":"search_term_string"}}],"inLanguage":"de"},{"@type":"Organization","@id":"https:\/\/howsmart.pl\/#organization","name":"HowSmart\u00ae","url":"https:\/\/howsmart.pl\/","logo":{"@type":"ImageObject","inLanguage":"de","@id":"https:\/\/howsmart.pl\/#\/schema\/logo\/image\/","url":"https:\/\/howsmart.pl\/wp-content\/uploads\/2026\/03\/HS.png","contentUrl":"https:\/\/howsmart.pl\/wp-content\/uploads\/2026\/03\/HS.png","width":673,"height":673,"caption":"HowSmart\u00ae"},"image":{"@id":"https:\/\/howsmart.pl\/#\/schema\/logo\/image\/"},"sameAs":["https:\/\/www.facebook.com\/HowSmart.official\/?modal=admin_todo_tour","https:\/\/www.instagram.com\/howsmart_domy35m2\/?hl=pl"]}]}},"_links":{"self":[{"href":"https:\/\/howsmart.pl\/de\/wp-json\/wp\/v2\/product\/4535","targetHints":{"allow":["GET"]}}],"collection":[{"href":"https:\/\/howsmart.pl\/de\/wp-json\/wp\/v2\/product"}],"about":[{"href":"https:\/\/howsmart.pl\/de\/wp-json\/wp\/v2\/types\/product"}],"replies":[{"embeddable":true,"href":"https:\/\/howsmart.pl\/de\/wp-json\/wp\/v2\/comments?post=4535"}],"wp:featuredmedia":[{"embeddable":true,"href":"https:\/\/howsmart.pl\/de\/wp-json\/wp\/v2\/media\/4538"}],"wp:attachment":[{"href":"https:\/\/howsmart.pl\/de\/wp-json\/wp\/v2\/media?parent=4535"}],"wp:term":[{"taxonomy":"product_cat","embeddable":true,"href":"https:\/\/howsmart.pl\/de\/wp-json\/wp\/v2\/product_cat?post=4535"},{"taxonomy":"product_tag","embeddable":true,"href":"https:\/\/howsmart.pl\/de\/wp-json\/wp\/v2\/product_tag?post=4535"}],"curies":[{"name":"wp","href":"https:\/\/api.w.org\/{rel}","templated":true}]}}