{"id":10785,"date":"2026-03-23T18:52:33","date_gmt":"2026-03-23T17:52:33","guid":{"rendered":"https:\/\/howsmart.pl\/?post_type=product&#038;p=10785"},"modified":"2026-04-22T17:36:13","modified_gmt":"2026-04-22T15:36:13","slug":"horizon-smart","status":"publish","type":"product","link":"https:\/\/howsmart.pl\/de\/produkt\/horizon-smart\/","title":{"rendered":"HORIZON SMART 57"},"content":{"rendered":"<p>HORIZON SMART 57 DOM MOBILNY, <strong>jest w pe\u0142ni wyposa\u017cony, \u0142azienka, kuchnia, salon, meble, AGD<\/strong>, funkcjonalny, a przede wszystkim <strong>ca\u0142oroczny<\/strong>. DOM MOBILNY HORIZON 57 dedykujemy osobom pragn\u0105cym relaksu na najwy\u017cszym poziomie w po\u0142\u0105czeniu z najnowszymi trendami w \u015bwiecie designu. Wysoka jako\u015b\u0107 i funkcjonalno\u015b\u0107 to kluczowe aspekty, na kt\u00f3rych koncentrujemy si\u0119, aby zapewni\u0107 jak najwy\u017cszy standard w naszym flagowym modelu ca\u0142orocznego domu mobilnego<strong>. Pe\u0142ne wyposa\u017cenie<\/strong> i ergonomiczne rozmieszczenie urz\u0105dze\u0144 pozwoli Ci na wprowadzenie si\u0119 do ca\u0142orocznego domu HORIZON SMART 57 od razu bez potrzeby rezygnacji z dotychczasowych nawyk\u00f3w<strong>. Izolacja pian\u0105 PUR 18 cm<\/strong> otulaj\u0105ca stalow\u0105 konstrukcj\u0119 w po\u0142\u0105czeniu z ogrzewaniem zagwarantuje utrzymanie sta\u0142ej, optymalnej temperatury wewn\u0105trz Twojego mobilnego domu, nawet pod Twoj\u0105 nieobecno\u015b\u0107.<\/p>","protected":false},"excerpt":{"rendered":"<p>Vor diesem Haus kann man stehen bleiben und die sch\u00f6ne Verglasung bewundern, die den Hauseigent\u00fcmern viel Sonne schenkt.<\/p>","protected":false},"featured_media":11112,"comment_status":"open","ping_status":"closed","template":"","meta":{"_acf_changed":false},"product_cat":[75],"product_tag":[],"class_list":{"0":"post-10785","1":"product","2":"type-product","3":"status-publish","4":"has-post-thumbnail","6":"product_cat-domy-mobilne","8":"first","9":"instock","10":"shipping-taxable","11":"purchasable","12":"product-type-simple"},"acf":[],"yoast_head":"<!-- This site is optimized with the Yoast SEO plugin v27.2 - https:\/\/yoast.com\/product\/yoast-seo-wordpress\/ -->\n<title>HORIZON SMART 57 - HowSmart\u00ae - Tw\u00f3j sprytny spos\u00f3b na budow\u0119 nowoczesnego domu. Wybierz sw\u00f3j projekt i zostaw reszt\u0119 nam.<\/title>\n<meta name=\"robots\" content=\"index, follow, max-snippet:-1, max-image-preview:large, max-video-preview:-1\" \/>\n<link rel=\"canonical\" href=\"https:\/\/howsmart.pl\/de\/produkt\/horizon-smart\/\" \/>\n<meta property=\"og:locale\" content=\"de_DE\" \/>\n<meta property=\"og:type\" content=\"article\" \/>\n<meta property=\"og:title\" content=\"HORIZON SMART 57 - HowSmart\u00ae - Tw\u00f3j sprytny spos\u00f3b na budow\u0119 nowoczesnego domu. Wybierz sw\u00f3j projekt i zostaw reszt\u0119 nam.\" \/>\n<meta property=\"og:description\" content=\"To dom przed kt\u00f3rym warto si\u0119 zatrzyma\u0107 i podziwia\u0107 jego pi\u0119kne przeszklenia, kt\u00f3re zapewniaj\u0105 du\u017c\u0105 ilo\u015b\u0107 s\u0142o\u0144ca domownikom.\" \/>\n<meta property=\"og:url\" content=\"https:\/\/howsmart.pl\/de\/produkt\/horizon-smart\/\" \/>\n<meta property=\"og:site_name\" content=\"HowSmart\u00ae - Tw\u00f3j sprytny spos\u00f3b na budow\u0119 nowoczesnego domu. Wybierz sw\u00f3j projekt i zostaw reszt\u0119 nam.\" \/>\n<meta property=\"article:publisher\" content=\"https:\/\/www.facebook.com\/HowSmart.official\/?modal=admin_todo_tour\" \/>\n<meta property=\"article:modified_time\" content=\"2026-04-22T15:36:13+00:00\" \/>\n<meta property=\"og:image\" content=\"https:\/\/howsmart.pl\/wp-content\/uploads\/2026\/03\/W1.1-1024x576.png\" \/>\n\t<meta property=\"og:image:width\" content=\"1024\" \/>\n\t<meta property=\"og:image:height\" content=\"576\" \/>\n\t<meta property=\"og:image:type\" content=\"image\/png\" \/>\n<meta name=\"twitter:card\" content=\"summary_large_image\" \/>\n<meta name=\"twitter:label1\" content=\"Gesch\u00e4tzte Lesezeit\" \/>\n\t<meta name=\"twitter:data1\" content=\"1\u00a0Minute\" \/>\n<script type=\"application\/ld+json\" class=\"yoast-schema-graph\">{\"@context\":\"https:\/\/schema.org\",\"@graph\":[{\"@type\":\"WebPage\",\"@id\":\"https:\/\/howsmart.pl\/produkt\/horizon-smart\/\",\"url\":\"https:\/\/howsmart.pl\/produkt\/horizon-smart\/\",\"name\":\"HORIZON SMART 57 - HowSmart\u00ae - Tw\u00f3j sprytny spos\u00f3b na budow\u0119 nowoczesnego domu. Wybierz sw\u00f3j projekt i zostaw reszt\u0119 nam.\",\"isPartOf\":{\"@id\":\"https:\/\/howsmart.pl\/#website\"},\"primaryImageOfPage\":{\"@id\":\"https:\/\/howsmart.pl\/produkt\/horizon-smart\/#primaryimage\"},\"image\":{\"@id\":\"https:\/\/howsmart.pl\/produkt\/horizon-smart\/#primaryimage\"},\"thumbnailUrl\":\"https:\/\/howsmart.pl\/wp-content\/uploads\/2026\/03\/W1.1.png\",\"datePublished\":\"2026-03-23T17:52:33+00:00\",\"dateModified\":\"2026-04-22T15:36:13+00:00\",\"breadcrumb\":{\"@id\":\"https:\/\/howsmart.pl\/produkt\/horizon-smart\/#breadcrumb\"},\"inLanguage\":\"de\",\"potentialAction\":[{\"@type\":\"ReadAction\",\"target\":[\"https:\/\/howsmart.pl\/produkt\/horizon-smart\/\"]}]},{\"@type\":\"ImageObject\",\"inLanguage\":\"de\",\"@id\":\"https:\/\/howsmart.pl\/produkt\/horizon-smart\/#primaryimage\",\"url\":\"https:\/\/howsmart.pl\/wp-content\/uploads\/2026\/03\/W1.1.png\",\"contentUrl\":\"https:\/\/howsmart.pl\/wp-content\/uploads\/2026\/03\/W1.1.png\",\"width\":1536,\"height\":864},{\"@type\":\"BreadcrumbList\",\"@id\":\"https:\/\/howsmart.pl\/produkt\/horizon-smart\/#breadcrumb\",\"itemListElement\":[{\"@type\":\"ListItem\",\"position\":1,\"name\":\"Strona g\u0142\u00f3wna\",\"item\":\"https:\/\/howsmart.pl\/\"},{\"@type\":\"ListItem\",\"position\":2,\"name\":\"Projekty\",\"item\":\"https:\/\/howsmart.pl\/projekty\/\"},{\"@type\":\"ListItem\",\"position\":3,\"name\":\"HORIZON SMART 57\"}]},{\"@type\":\"WebSite\",\"@id\":\"https:\/\/howsmart.pl\/#website\",\"url\":\"https:\/\/howsmart.pl\/\",\"name\":\"HowSmart\u00ae\",\"description\":\"Sprytne domy dla Ciebie\",\"publisher\":{\"@id\":\"https:\/\/howsmart.pl\/#organization\"},\"potentialAction\":[{\"@type\":\"SearchAction\",\"target\":{\"@type\":\"EntryPoint\",\"urlTemplate\":\"https:\/\/howsmart.pl\/?s={search_term_string}\"},\"query-input\":{\"@type\":\"PropertyValueSpecification\",\"valueRequired\":true,\"valueName\":\"search_term_string\"}}],\"inLanguage\":\"de\"},{\"@type\":\"Organization\",\"@id\":\"https:\/\/howsmart.pl\/#organization\",\"name\":\"HowSmart\u00ae\",\"url\":\"https:\/\/howsmart.pl\/\",\"logo\":{\"@type\":\"ImageObject\",\"inLanguage\":\"de\",\"@id\":\"https:\/\/howsmart.pl\/#\/schema\/logo\/image\/\",\"url\":\"https:\/\/howsmart.pl\/wp-content\/uploads\/2026\/03\/HS.png\",\"contentUrl\":\"https:\/\/howsmart.pl\/wp-content\/uploads\/2026\/03\/HS.png\",\"width\":673,\"height\":673,\"caption\":\"HowSmart\u00ae\"},\"image\":{\"@id\":\"https:\/\/howsmart.pl\/#\/schema\/logo\/image\/\"},\"sameAs\":[\"https:\/\/www.facebook.com\/HowSmart.official\/?modal=admin_todo_tour\",\"https:\/\/www.instagram.com\/howsmart_domy35m2\/?hl=pl\"]}]}<\/script>\n<!-- \/ Yoast SEO plugin. -->","yoast_head_json":{"title":"HORIZON SMART 57 - HowSmart\u00ae - Tw\u00f3j sprytny spos\u00f3b na budow\u0119 nowoczesnego domu. Wybierz sw\u00f3j projekt i zostaw reszt\u0119 nam.","robots":{"index":"index","follow":"follow","max-snippet":"max-snippet:-1","max-image-preview":"max-image-preview:large","max-video-preview":"max-video-preview:-1"},"canonical":"https:\/\/howsmart.pl\/de\/produkt\/horizon-smart\/","og_locale":"de_DE","og_type":"article","og_title":"HORIZON SMART 57 - HowSmart\u00ae - Tw\u00f3j sprytny spos\u00f3b na budow\u0119 nowoczesnego domu. Wybierz sw\u00f3j projekt i zostaw reszt\u0119 nam.","og_description":"To dom przed kt\u00f3rym warto si\u0119 zatrzyma\u0107 i podziwia\u0107 jego pi\u0119kne przeszklenia, kt\u00f3re zapewniaj\u0105 du\u017c\u0105 ilo\u015b\u0107 s\u0142o\u0144ca domownikom.","og_url":"https:\/\/howsmart.pl\/de\/produkt\/horizon-smart\/","og_site_name":"HowSmart\u00ae - Tw\u00f3j sprytny spos\u00f3b na budow\u0119 nowoczesnego domu. Wybierz sw\u00f3j projekt i zostaw reszt\u0119 nam.","article_publisher":"https:\/\/www.facebook.com\/HowSmart.official\/?modal=admin_todo_tour","article_modified_time":"2026-04-22T15:36:13+00:00","og_image":[{"width":1024,"height":576,"url":"https:\/\/howsmart.pl\/wp-content\/uploads\/2026\/03\/W1.1-1024x576.png","type":"image\/png"}],"twitter_card":"summary_large_image","twitter_misc":{"Gesch\u00e4tzte Lesezeit":"1\u00a0Minute"},"schema":{"@context":"https:\/\/schema.org","@graph":[{"@type":"WebPage","@id":"https:\/\/howsmart.pl\/produkt\/horizon-smart\/","url":"https:\/\/howsmart.pl\/produkt\/horizon-smart\/","name":"HORIZON SMART 57 - HowSmart\u00ae - Tw\u00f3j sprytny spos\u00f3b na budow\u0119 nowoczesnego domu. Wybierz sw\u00f3j projekt i zostaw reszt\u0119 nam.","isPartOf":{"@id":"https:\/\/howsmart.pl\/#website"},"primaryImageOfPage":{"@id":"https:\/\/howsmart.pl\/produkt\/horizon-smart\/#primaryimage"},"image":{"@id":"https:\/\/howsmart.pl\/produkt\/horizon-smart\/#primaryimage"},"thumbnailUrl":"https:\/\/howsmart.pl\/wp-content\/uploads\/2026\/03\/W1.1.png","datePublished":"2026-03-23T17:52:33+00:00","dateModified":"2026-04-22T15:36:13+00:00","breadcrumb":{"@id":"https:\/\/howsmart.pl\/produkt\/horizon-smart\/#breadcrumb"},"inLanguage":"de","potentialAction":[{"@type":"ReadAction","target":["https:\/\/howsmart.pl\/produkt\/horizon-smart\/"]}]},{"@type":"ImageObject","inLanguage":"de","@id":"https:\/\/howsmart.pl\/produkt\/horizon-smart\/#primaryimage","url":"https:\/\/howsmart.pl\/wp-content\/uploads\/2026\/03\/W1.1.png","contentUrl":"https:\/\/howsmart.pl\/wp-content\/uploads\/2026\/03\/W1.1.png","width":1536,"height":864},{"@type":"BreadcrumbList","@id":"https:\/\/howsmart.pl\/produkt\/horizon-smart\/#breadcrumb","itemListElement":[{"@type":"ListItem","position":1,"name":"Strona g\u0142\u00f3wna","item":"https:\/\/howsmart.pl\/"},{"@type":"ListItem","position":2,"name":"Projekty","item":"https:\/\/howsmart.pl\/projekty\/"},{"@type":"ListItem","position":3,"name":"HORIZON SMART 57"}]},{"@type":"WebSite","@id":"https:\/\/howsmart.pl\/#website","url":"https:\/\/howsmart.pl\/","name":"HowSmart\u00ae","description":"Sprytne domy dla Ciebie","publisher":{"@id":"https:\/\/howsmart.pl\/#organization"},"potentialAction":[{"@type":"SearchAction","target":{"@type":"EntryPoint","urlTemplate":"https:\/\/howsmart.pl\/?s={search_term_string}"},"query-input":{"@type":"PropertyValueSpecification","valueRequired":true,"valueName":"search_term_string"}}],"inLanguage":"de"},{"@type":"Organization","@id":"https:\/\/howsmart.pl\/#organization","name":"HowSmart\u00ae","url":"https:\/\/howsmart.pl\/","logo":{"@type":"ImageObject","inLanguage":"de","@id":"https:\/\/howsmart.pl\/#\/schema\/logo\/image\/","url":"https:\/\/howsmart.pl\/wp-content\/uploads\/2026\/03\/HS.png","contentUrl":"https:\/\/howsmart.pl\/wp-content\/uploads\/2026\/03\/HS.png","width":673,"height":673,"caption":"HowSmart\u00ae"},"image":{"@id":"https:\/\/howsmart.pl\/#\/schema\/logo\/image\/"},"sameAs":["https:\/\/www.facebook.com\/HowSmart.official\/?modal=admin_todo_tour","https:\/\/www.instagram.com\/howsmart_domy35m2\/?hl=pl"]}]}},"_links":{"self":[{"href":"https:\/\/howsmart.pl\/de\/wp-json\/wp\/v2\/product\/10785","targetHints":{"allow":["GET"]}}],"collection":[{"href":"https:\/\/howsmart.pl\/de\/wp-json\/wp\/v2\/product"}],"about":[{"href":"https:\/\/howsmart.pl\/de\/wp-json\/wp\/v2\/types\/product"}],"replies":[{"embeddable":true,"href":"https:\/\/howsmart.pl\/de\/wp-json\/wp\/v2\/comments?post=10785"}],"wp:featuredmedia":[{"embeddable":true,"href":"https:\/\/howsmart.pl\/de\/wp-json\/wp\/v2\/media\/11112"}],"wp:attachment":[{"href":"https:\/\/howsmart.pl\/de\/wp-json\/wp\/v2\/media?parent=10785"}],"wp:term":[{"taxonomy":"product_cat","embeddable":true,"href":"https:\/\/howsmart.pl\/de\/wp-json\/wp\/v2\/product_cat?post=10785"},{"taxonomy":"product_tag","embeddable":true,"href":"https:\/\/howsmart.pl\/de\/wp-json\/wp\/v2\/product_tag?post=10785"}],"curies":[{"name":"wp","href":"https:\/\/api.w.org\/{rel}","templated":true}]}}