{"id":7308,"date":"2025-01-16T16:18:21","date_gmt":"2025-01-16T15:18:21","guid":{"rendered":"https:\/\/hosting2347530.online.pro\/autoinstalator\/wordpress5\/?post_type=product&#038;p=7308"},"modified":"2026-03-14T22:23:13","modified_gmt":"2026-03-14T21:23:13","slug":"open-sky-195","status":"publish","type":"product","link":"https:\/\/howsmart.pl\/cs\/produkt\/open-sky-195\/","title":{"rendered":"Otev\u0159en\u00e9 nebe 195"},"content":{"rendered":"<p>Jedn\u00e1 se o d\u016fm ve skandin\u00e1vsk\u00e9m stylu, kter\u00fd se vyzna\u010duje funk\u010dn\u00edm uspo\u0159\u00e1d\u00e1n\u00edm m\u00edstnost\u00ed, s velk\u00fdm p\u0159edn\u00edm prosklen\u00edm, kter\u00e9 poskytuje v tomto dom\u011b spoustu sv\u011btla, co\u017e tento model d\u00e1le vylep\u0161uje.Tento d\u016fm byl navr\u017een s ohledem na rodinu a pr\u00e1ci z domova. D\u016fm pro ty, kte\u0159\u00ed ocen\u00ed vzne\u0161en\u00fd styl a \u0161pi\u010dkovou kvalitu v\u00fdrobku, av\u0161ak v r\u00e1mci rozumn\u00e9ho rozpo\u010dtu. Vyberte si verzi, kter\u00e1 je pro v\u00e1s ide\u00e1ln\u00ed, rozhodn\u011bte se, zda chcete d\u016fm s gar\u00e1\u017e\u00ed, nebo bez n\u00ed? Bu\u010fte kreativn\u00ed stejn\u011b jako tento d\u016fm. D\u00edky mezipatru si m\u016f\u017eete vychutnat v\u00fdhled na oblohu p\u0159\u00edmo z ob\u00fdvac\u00edho pokoje, v tomto dom\u011b je nebe limitem!<\/p>","protected":false},"excerpt":{"rendered":"<p>Jedn\u00e1 se o d\u016fm ve skandin\u00e1vsk\u00e9m stylu, kter\u00fd se vyzna\u010duje funk\u010dn\u00edm uspo\u0159\u00e1d\u00e1n\u00edm m\u00edstnost\u00ed, s velk\u00fdm p\u0159edn\u00edm prosklen\u00edm, kter\u00e9 poskytuje v tomto dom\u011b spoustu sv\u011btla, co\u017e tento model d\u00e1le vylep\u0161uje.Tento d\u016fm byl navr\u017een s ohledem na rodinu a pr\u00e1ci z domova. D\u016fm pro ty, kte\u0159\u00ed ocen\u00ed vzne\u0161en\u00fd styl a \u0161pi\u010dkovou kvalitu v\u00fdrobku, av\u0161ak v r\u00e1mci rozumn\u00e9ho rozpo\u010dtu. Vyberte si verzi, kter\u00e1 je pro v\u00e1s ide\u00e1ln\u00ed, rozhodn\u011bte se, zda chcete d\u016fm s gar\u00e1\u017e\u00ed, nebo bez n\u00ed? Bu\u010fte kreativn\u00ed stejn\u011b jako tento d\u016fm. D\u00edky mezipatru si m\u016f\u017eete vychutnat v\u00fdhled na oblohu p\u0159\u00edmo z ob\u00fdvac\u00edho pokoje, v tomto dom\u011b je nebe limitem!<\/p>","protected":false},"featured_media":7381,"comment_status":"open","ping_status":"closed","template":"","meta":{"_acf_changed":false},"product_cat":[49,54,51,53,52],"product_tag":[],"class_list":{"0":"post-7308","1":"product","2":"type-product","3":"status-publish","4":"has-post-thumbnail","6":"product_cat-do-180-m2","7":"product_cat-garaz","8":"product_cat-z-antersola","9":"product_cat-z-garazem","10":"product_cat-z-pietrem","12":"first","13":"instock","14":"shipping-taxable","15":"purchasable","16":"product-type-simple"},"acf":[],"yoast_head":"<!-- This site is optimized with the Yoast SEO plugin v27.2 - https:\/\/yoast.com\/product\/yoast-seo-wordpress\/ -->\n<title>Open Sky 195 - HowSmart\u00ae - Tw\u00f3j sprytny spos\u00f3b na budow\u0119 nowoczesnego domu. Wybierz sw\u00f3j projekt i zostaw reszt\u0119 nam.<\/title>\n<meta name=\"robots\" content=\"index, follow, max-snippet:-1, max-image-preview:large, max-video-preview:-1\" \/>\n<link rel=\"canonical\" href=\"https:\/\/howsmart.pl\/cs\/produkt\/open-sky-195\/\" \/>\n<meta property=\"og:locale\" content=\"cs_CZ\" \/>\n<meta property=\"og:type\" content=\"article\" \/>\n<meta property=\"og:title\" content=\"Open Sky 195 - HowSmart\u00ae - Tw\u00f3j sprytny spos\u00f3b na budow\u0119 nowoczesnego domu. Wybierz sw\u00f3j projekt i zostaw reszt\u0119 nam.\" \/>\n<meta property=\"og:description\" content=\"To dom w skandynawskim stylu charakteryzuj\u0105cy si\u0119 funkcjonalnym rozmieszczeniem pomieszcze\u0144, z du\u017cymi frontowymi przeszkleniami, kt\u00f3re zapewniaj\u0105 du\u017co \u015bwiat\u0142a w tym domu co dodatkowo uatrakcyjnia ten model, dom ten zosta\u0142 zaprojektowany z my\u015bl\u0105 o rodzinie i pracy z domu. Dom dla os\u00f3b ceni\u0105cych sobie wysublimowany styl i produkt najwy\u017cszej jako\u015bci, a przy tym w rozs\u0105dnym bud\u017cecie. Wybierz wersj\u0119 idealn\u0105 dla Ciebie, zadecyduj czy chcesz dom z gara\u017cem czy bez? B\u0105d\u017a kreatywn\u0105 osob\u0105 tak jak ten dom. Dzi\u0119ki antresoli, mo\u017cesz cieszy\u0107 si\u0119 widokiem nieba prosto z salonu, w tym domu Sky is the limit!\" \/>\n<meta property=\"og:url\" content=\"https:\/\/howsmart.pl\/cs\/produkt\/open-sky-195\/\" \/>\n<meta property=\"og:site_name\" content=\"HowSmart\u00ae - Tw\u00f3j sprytny spos\u00f3b na budow\u0119 nowoczesnego domu. Wybierz sw\u00f3j projekt i zostaw reszt\u0119 nam.\" \/>\n<meta property=\"article:publisher\" content=\"https:\/\/www.facebook.com\/HowSmart.official\/?modal=admin_todo_tour\" \/>\n<meta property=\"article:modified_time\" content=\"2026-03-14T21:23:13+00:00\" \/>\n<meta property=\"og:image\" content=\"https:\/\/howsmart.pl\/wp-content\/uploads\/2025\/01\/1-16.jpg\" \/>\n\t<meta property=\"og:image:width\" content=\"1600\" \/>\n\t<meta property=\"og:image:height\" content=\"900\" \/>\n\t<meta property=\"og:image:type\" content=\"image\/jpeg\" \/>\n<meta name=\"twitter:card\" content=\"summary_large_image\" \/>\n<meta name=\"twitter:label1\" content=\"Odhadovan\u00e1 doba \u010dten\u00ed\" \/>\n\t<meta name=\"twitter:data1\" content=\"1 minuta\" \/>\n<script type=\"application\/ld+json\" class=\"yoast-schema-graph\">{\"@context\":\"https:\/\/schema.org\",\"@graph\":[{\"@type\":\"WebPage\",\"@id\":\"https:\/\/howsmart.pl\/produkt\/open-sky-195\/\",\"url\":\"https:\/\/howsmart.pl\/produkt\/open-sky-195\/\",\"name\":\"Open Sky 195 - HowSmart\u00ae - Tw\u00f3j sprytny spos\u00f3b na budow\u0119 nowoczesnego domu. Wybierz sw\u00f3j projekt i zostaw reszt\u0119 nam.\",\"isPartOf\":{\"@id\":\"https:\/\/howsmart.pl\/#website\"},\"primaryImageOfPage\":{\"@id\":\"https:\/\/howsmart.pl\/produkt\/open-sky-195\/#primaryimage\"},\"image\":{\"@id\":\"https:\/\/howsmart.pl\/produkt\/open-sky-195\/#primaryimage\"},\"thumbnailUrl\":\"https:\/\/howsmart.pl\/wp-content\/uploads\/2025\/01\/1-16.jpg\",\"datePublished\":\"2025-01-16T15:18:21+00:00\",\"dateModified\":\"2026-03-14T21:23:13+00:00\",\"breadcrumb\":{\"@id\":\"https:\/\/howsmart.pl\/produkt\/open-sky-195\/#breadcrumb\"},\"inLanguage\":\"cs\",\"potentialAction\":[{\"@type\":\"ReadAction\",\"target\":[\"https:\/\/howsmart.pl\/produkt\/open-sky-195\/\"]}]},{\"@type\":\"ImageObject\",\"inLanguage\":\"cs\",\"@id\":\"https:\/\/howsmart.pl\/produkt\/open-sky-195\/#primaryimage\",\"url\":\"https:\/\/howsmart.pl\/wp-content\/uploads\/2025\/01\/1-16.jpg\",\"contentUrl\":\"https:\/\/howsmart.pl\/wp-content\/uploads\/2025\/01\/1-16.jpg\",\"width\":1600,\"height\":900},{\"@type\":\"BreadcrumbList\",\"@id\":\"https:\/\/howsmart.pl\/produkt\/open-sky-195\/#breadcrumb\",\"itemListElement\":[{\"@type\":\"ListItem\",\"position\":1,\"name\":\"Strona g\u0142\u00f3wna\",\"item\":\"https:\/\/howsmart.pl\/\"},{\"@type\":\"ListItem\",\"position\":2,\"name\":\"Projekty\",\"item\":\"https:\/\/howsmart.pl\/projekty\/\"},{\"@type\":\"ListItem\",\"position\":3,\"name\":\"Open Sky 195\"}]},{\"@type\":\"WebSite\",\"@id\":\"https:\/\/howsmart.pl\/#website\",\"url\":\"https:\/\/howsmart.pl\/\",\"name\":\"HowSmart\u00ae\",\"description\":\"Sprytne domy dla Ciebie\",\"publisher\":{\"@id\":\"https:\/\/howsmart.pl\/#organization\"},\"potentialAction\":[{\"@type\":\"SearchAction\",\"target\":{\"@type\":\"EntryPoint\",\"urlTemplate\":\"https:\/\/howsmart.pl\/?s={search_term_string}\"},\"query-input\":{\"@type\":\"PropertyValueSpecification\",\"valueRequired\":true,\"valueName\":\"search_term_string\"}}],\"inLanguage\":\"cs\"},{\"@type\":\"Organization\",\"@id\":\"https:\/\/howsmart.pl\/#organization\",\"name\":\"HowSmart\u00ae\",\"url\":\"https:\/\/howsmart.pl\/\",\"logo\":{\"@type\":\"ImageObject\",\"inLanguage\":\"cs\",\"@id\":\"https:\/\/howsmart.pl\/#\/schema\/logo\/image\/\",\"url\":\"https:\/\/howsmart.pl\/wp-content\/uploads\/2026\/03\/HS.png\",\"contentUrl\":\"https:\/\/howsmart.pl\/wp-content\/uploads\/2026\/03\/HS.png\",\"width\":673,\"height\":673,\"caption\":\"HowSmart\u00ae\"},\"image\":{\"@id\":\"https:\/\/howsmart.pl\/#\/schema\/logo\/image\/\"},\"sameAs\":[\"https:\/\/www.facebook.com\/HowSmart.official\/?modal=admin_todo_tour\",\"https:\/\/www.instagram.com\/howsmart_domy35m2\/?hl=pl\"]}]}<\/script>\n<!-- \/ Yoast SEO plugin. -->","yoast_head_json":{"title":"Open Sky 195 - HowSmart\u00ae - Tw\u00f3j sprytny spos\u00f3b na budow\u0119 nowoczesnego domu. Wybierz sw\u00f3j projekt i zostaw reszt\u0119 nam.","robots":{"index":"index","follow":"follow","max-snippet":"max-snippet:-1","max-image-preview":"max-image-preview:large","max-video-preview":"max-video-preview:-1"},"canonical":"https:\/\/howsmart.pl\/cs\/produkt\/open-sky-195\/","og_locale":"cs_CZ","og_type":"article","og_title":"Open Sky 195 - HowSmart\u00ae - Tw\u00f3j sprytny spos\u00f3b na budow\u0119 nowoczesnego domu. Wybierz sw\u00f3j projekt i zostaw reszt\u0119 nam.","og_description":"To dom w skandynawskim stylu charakteryzuj\u0105cy si\u0119 funkcjonalnym rozmieszczeniem pomieszcze\u0144, z du\u017cymi frontowymi przeszkleniami, kt\u00f3re zapewniaj\u0105 du\u017co \u015bwiat\u0142a w tym domu co dodatkowo uatrakcyjnia ten model, dom ten zosta\u0142 zaprojektowany z my\u015bl\u0105 o rodzinie i pracy z domu. Dom dla os\u00f3b ceni\u0105cych sobie wysublimowany styl i produkt najwy\u017cszej jako\u015bci, a przy tym w rozs\u0105dnym bud\u017cecie. Wybierz wersj\u0119 idealn\u0105 dla Ciebie, zadecyduj czy chcesz dom z gara\u017cem czy bez? B\u0105d\u017a kreatywn\u0105 osob\u0105 tak jak ten dom. Dzi\u0119ki antresoli, mo\u017cesz cieszy\u0107 si\u0119 widokiem nieba prosto z salonu, w tym domu Sky is the limit!","og_url":"https:\/\/howsmart.pl\/cs\/produkt\/open-sky-195\/","og_site_name":"HowSmart\u00ae - Tw\u00f3j sprytny spos\u00f3b na budow\u0119 nowoczesnego domu. Wybierz sw\u00f3j projekt i zostaw reszt\u0119 nam.","article_publisher":"https:\/\/www.facebook.com\/HowSmart.official\/?modal=admin_todo_tour","article_modified_time":"2026-03-14T21:23:13+00:00","og_image":[{"width":1600,"height":900,"url":"https:\/\/howsmart.pl\/wp-content\/uploads\/2025\/01\/1-16.jpg","type":"image\/jpeg"}],"twitter_card":"summary_large_image","twitter_misc":{"Odhadovan\u00e1 doba \u010dten\u00ed":"1 minuta"},"schema":{"@context":"https:\/\/schema.org","@graph":[{"@type":"WebPage","@id":"https:\/\/howsmart.pl\/produkt\/open-sky-195\/","url":"https:\/\/howsmart.pl\/produkt\/open-sky-195\/","name":"Open Sky 195 - HowSmart\u00ae - Tw\u00f3j sprytny spos\u00f3b na budow\u0119 nowoczesnego domu. Wybierz sw\u00f3j projekt i zostaw reszt\u0119 nam.","isPartOf":{"@id":"https:\/\/howsmart.pl\/#website"},"primaryImageOfPage":{"@id":"https:\/\/howsmart.pl\/produkt\/open-sky-195\/#primaryimage"},"image":{"@id":"https:\/\/howsmart.pl\/produkt\/open-sky-195\/#primaryimage"},"thumbnailUrl":"https:\/\/howsmart.pl\/wp-content\/uploads\/2025\/01\/1-16.jpg","datePublished":"2025-01-16T15:18:21+00:00","dateModified":"2026-03-14T21:23:13+00:00","breadcrumb":{"@id":"https:\/\/howsmart.pl\/produkt\/open-sky-195\/#breadcrumb"},"inLanguage":"cs","potentialAction":[{"@type":"ReadAction","target":["https:\/\/howsmart.pl\/produkt\/open-sky-195\/"]}]},{"@type":"ImageObject","inLanguage":"cs","@id":"https:\/\/howsmart.pl\/produkt\/open-sky-195\/#primaryimage","url":"https:\/\/howsmart.pl\/wp-content\/uploads\/2025\/01\/1-16.jpg","contentUrl":"https:\/\/howsmart.pl\/wp-content\/uploads\/2025\/01\/1-16.jpg","width":1600,"height":900},{"@type":"BreadcrumbList","@id":"https:\/\/howsmart.pl\/produkt\/open-sky-195\/#breadcrumb","itemListElement":[{"@type":"ListItem","position":1,"name":"Strona g\u0142\u00f3wna","item":"https:\/\/howsmart.pl\/"},{"@type":"ListItem","position":2,"name":"Projekty","item":"https:\/\/howsmart.pl\/projekty\/"},{"@type":"ListItem","position":3,"name":"Open Sky 195"}]},{"@type":"WebSite","@id":"https:\/\/howsmart.pl\/#website","url":"https:\/\/howsmart.pl\/","name":"HowSmart\u00ae","description":"Sprytne domy dla Ciebie","publisher":{"@id":"https:\/\/howsmart.pl\/#organization"},"potentialAction":[{"@type":"SearchAction","target":{"@type":"EntryPoint","urlTemplate":"https:\/\/howsmart.pl\/?s={search_term_string}"},"query-input":{"@type":"PropertyValueSpecification","valueRequired":true,"valueName":"search_term_string"}}],"inLanguage":"cs"},{"@type":"Organization","@id":"https:\/\/howsmart.pl\/#organization","name":"HowSmart\u00ae","url":"https:\/\/howsmart.pl\/","logo":{"@type":"ImageObject","inLanguage":"cs","@id":"https:\/\/howsmart.pl\/#\/schema\/logo\/image\/","url":"https:\/\/howsmart.pl\/wp-content\/uploads\/2026\/03\/HS.png","contentUrl":"https:\/\/howsmart.pl\/wp-content\/uploads\/2026\/03\/HS.png","width":673,"height":673,"caption":"HowSmart\u00ae"},"image":{"@id":"https:\/\/howsmart.pl\/#\/schema\/logo\/image\/"},"sameAs":["https:\/\/www.facebook.com\/HowSmart.official\/?modal=admin_todo_tour","https:\/\/www.instagram.com\/howsmart_domy35m2\/?hl=pl"]}]}},"_links":{"self":[{"href":"https:\/\/howsmart.pl\/cs\/wp-json\/wp\/v2\/product\/7308","targetHints":{"allow":["GET"]}}],"collection":[{"href":"https:\/\/howsmart.pl\/cs\/wp-json\/wp\/v2\/product"}],"about":[{"href":"https:\/\/howsmart.pl\/cs\/wp-json\/wp\/v2\/types\/product"}],"replies":[{"embeddable":true,"href":"https:\/\/howsmart.pl\/cs\/wp-json\/wp\/v2\/comments?post=7308"}],"wp:featuredmedia":[{"embeddable":true,"href":"https:\/\/howsmart.pl\/cs\/wp-json\/wp\/v2\/media\/7381"}],"wp:attachment":[{"href":"https:\/\/howsmart.pl\/cs\/wp-json\/wp\/v2\/media?parent=7308"}],"wp:term":[{"taxonomy":"product_cat","embeddable":true,"href":"https:\/\/howsmart.pl\/cs\/wp-json\/wp\/v2\/product_cat?post=7308"},{"taxonomy":"product_tag","embeddable":true,"href":"https:\/\/howsmart.pl\/cs\/wp-json\/wp\/v2\/product_tag?post=7308"}],"curies":[{"name":"wp","href":"https:\/\/api.w.org\/{rel}","templated":true}]}}