{"id":7304,"date":"2025-01-16T16:18:20","date_gmt":"2025-01-16T15:18:20","guid":{"rendered":"https:\/\/hosting2347530.online.pro\/autoinstalator\/wordpress5\/?post_type=product&#038;p=7304"},"modified":"2026-03-14T22:21:54","modified_gmt":"2026-03-14T21:21:54","slug":"double-family-smart-140","status":"publish","type":"product","link":"https:\/\/howsmart.pl\/cs\/produkt\/double-family-smart-140\/","title":{"rendered":"Double Family Smart 140"},"content":{"rendered":"<p>Jedn\u00e1 se o dvojdomek v modern\u00edm stylu, kter\u00fd se vyzna\u010duje funk\u010dn\u00edm uspo\u0159\u00e1d\u00e1n\u00edm m\u00edstnost\u00ed navr\u017een\u00fdch s ohledem na rodinu a pr\u00e1ci z domova. D\u016fm pro ty, kte\u0159\u00ed ocen\u00ed vzne\u0161en\u00fd styl a v\u00fdrobek nejvy\u0161\u0161\u00ed kvality, ale v r\u00e1mci rozumn\u00e9ho rozpo\u010dtu, zlat\u00e1 st\u0159edn\u00ed cesta.<\/p>","protected":false},"excerpt":{"rendered":"<p>Double Family Smart 120 je dvojdomek pro klienty, kte\u0159\u00ed ocen\u00ed modern\u00ed styl v kombinaci s pohodl\u00edm dvojdomku. Ide\u00e1ln\u00ed pro lidi, kte\u0159\u00ed si cen\u00ed tr\u00e1ven\u00ed \u010dasu s p\u0159\u00e1teli a rodinou, a z\u00e1rove\u0148 zaj\u00edmav\u00fd zp\u016fsob financov\u00e1n\u00ed investice \u010din\u00ed tento typ stavby \u010dasto zva\u017eovan\u00fdm na\u0161imi klienty. To, \u010d\u00edm Double Family Smart 120 vynik\u00e1, je fukn\u010dn\u00ed uspo\u0159\u00e1d\u00e1n\u00ed m\u00edstnost\u00ed zaji\u0161\u0165uj\u00edc\u00ed komfort bydlen\u00ed pro \u010dleny dom\u00e1cnosti, pracovna d\u00e1le zvy\u0161uje funk\u010dnost tohoto domu, d\u00edky \u010demu\u017e je tolik obl\u00edben\u00e1 pr\u00e1ce z domova pot\u011b\u0161en\u00edm, proto\u017ee ji lze vykon\u00e1vat z vyhrazen\u00e9 m\u00edstnosti, um\u00edst\u011bn\u00ed dvou koupelen bylo promy\u0161leno tak, aby se host\u00e9 i \u010dlenov\u00e9 dom\u00e1cnosti c\u00edtili pohodln\u011b. Gar\u00e1\u017e a technick\u00e1 m\u00edstnost \u0159e\u0161\u00ed mnoho probl\u00e9m\u016f s um\u00edst\u011bn\u00edm za\u0159\u00edzen\u00ed, jako je tepeln\u00e9 \u010derpadlo nebo rekuperace. Pou\u017eit\u00ed sp\u00e1rovan\u00fdch plech\u016f na \u010d\u00e1sti plochy fas\u00e1dy dod\u00e1v\u00e1 stavb\u011b modern\u00ed r\u00e1z.<\/p>","protected":false},"featured_media":10449,"comment_status":"open","ping_status":"closed","template":"","meta":{"_acf_changed":false},"product_cat":[57,49,52],"product_tag":[],"class_list":{"0":"post-7304","1":"product","2":"type-product","3":"status-publish","4":"has-post-thumbnail","6":"product_cat-blizniaki-2","7":"product_cat-do-180-m2","8":"product_cat-z-pietrem","10":"first","11":"instock","12":"shipping-taxable","13":"purchasable","14":"product-type-simple"},"acf":[],"yoast_head":"<!-- This site is optimized with the Yoast SEO plugin v27.2 - https:\/\/yoast.com\/product\/yoast-seo-wordpress\/ -->\n<title>Double Family Smart 140 - HowSmart\u00ae - Tw\u00f3j sprytny spos\u00f3b na budow\u0119 nowoczesnego domu. Wybierz sw\u00f3j projekt i zostaw reszt\u0119 nam.<\/title>\n<meta name=\"robots\" content=\"index, follow, max-snippet:-1, max-image-preview:large, max-video-preview:-1\" \/>\n<link rel=\"canonical\" href=\"https:\/\/howsmart.pl\/cs\/produkt\/double-family-smart-140\/\" \/>\n<meta property=\"og:locale\" content=\"cs_CZ\" \/>\n<meta property=\"og:type\" content=\"article\" \/>\n<meta property=\"og:title\" content=\"Double Family Smart 140 - HowSmart\u00ae - Tw\u00f3j sprytny spos\u00f3b na budow\u0119 nowoczesnego domu. Wybierz sw\u00f3j projekt i zostaw reszt\u0119 nam.\" \/>\n<meta property=\"og:description\" content=\"Double Family Smart 120 to dom bli\u017aniak dla Klient\u00f3w ceni\u0105cych sobie nowoczesny styl po\u0142\u0105czony z wygod\u0105 jak\u0105 daje dom w zabudowie bli\u017aniaczej. Idealny dla os\u00f3b ceni\u0105cych sp\u0119dzanie czasu w gronie przyjaci\u00f3\u0142 i rodziny, a przy tym interesuj\u0105cy spos\u00f3b mo\u017cliwo\u015bci sfinansowania inwestycji powoduje, \u017ce tego typu budynki s\u0105 cz\u0119sto rozwa\u017cane przez naszych klient\u00f3w. To co wyr\u00f3\u017cnia Double Family Smart 120 to jego fukcjonalny uk\u0142ad pomieszcze\u0144 zapewniaj\u0105cy komfort \u017cycia domownikom, gabinet dodatkowo zwi\u0119ksza funkcjonalno\u015b\u0107 tego domu powoduj\u0105c, \u017ce tak popularna praca z domu staje si\u0119 przyjemno\u015bci\u0105 gdy\u017c mo\u017ce by\u0107 wykonywana z dedykowanego do tego celu pomieszczenia, umieszczenie dw\u00f3ch \u0142azienek zosta\u0142o przemy\u015blane, tak aby zar\u00f3wno go\u015bcie jak i domownicy czuli si\u0119 komfortowo. Gara\u017c i pomieszczenie techniczne rozwi\u0105zuj\u0105 wiele wyzwa\u0144 zwi\u0105zanych z przetrzymywaniem takich urz\u0105dze\u0144 jak pompa ciep\u0142a, czy rekuperacja. Zastosowanie blachy na r\u0105bek na cz\u0119\u015bci powierzchni elewacji nadaje budynkowi nowoczesnego charakteru.\" \/>\n<meta property=\"og:url\" content=\"https:\/\/howsmart.pl\/cs\/produkt\/double-family-smart-140\/\" \/>\n<meta property=\"og:site_name\" content=\"HowSmart\u00ae - Tw\u00f3j sprytny spos\u00f3b na budow\u0119 nowoczesnego domu. Wybierz sw\u00f3j projekt i zostaw reszt\u0119 nam.\" \/>\n<meta property=\"article:publisher\" content=\"https:\/\/www.facebook.com\/HowSmart.official\/?modal=admin_todo_tour\" \/>\n<meta property=\"article:modified_time\" content=\"2026-03-14T21:21:54+00:00\" \/>\n<meta property=\"og:image\" content=\"https:\/\/howsmart.pl\/wp-content\/uploads\/2025\/01\/DOUBLE-FAMILY-SMART-140-W1-1024x576.png\" \/>\n\t<meta property=\"og:image:width\" content=\"1024\" \/>\n\t<meta property=\"og:image:height\" content=\"576\" \/>\n\t<meta property=\"og:image:type\" content=\"image\/png\" \/>\n<meta name=\"twitter:card\" content=\"summary_large_image\" \/>\n<meta name=\"twitter:label1\" content=\"Odhadovan\u00e1 doba \u010dten\u00ed\" \/>\n\t<meta name=\"twitter:data1\" content=\"1 minuta\" \/>\n<script type=\"application\/ld+json\" class=\"yoast-schema-graph\">{\"@context\":\"https:\/\/schema.org\",\"@graph\":[{\"@type\":\"WebPage\",\"@id\":\"https:\/\/howsmart.pl\/produkt\/double-family-smart-140\/\",\"url\":\"https:\/\/howsmart.pl\/produkt\/double-family-smart-140\/\",\"name\":\"Double Family Smart 140 - HowSmart\u00ae - Tw\u00f3j sprytny spos\u00f3b na budow\u0119 nowoczesnego domu. Wybierz sw\u00f3j projekt i zostaw reszt\u0119 nam.\",\"isPartOf\":{\"@id\":\"https:\/\/howsmart.pl\/#website\"},\"primaryImageOfPage\":{\"@id\":\"https:\/\/howsmart.pl\/produkt\/double-family-smart-140\/#primaryimage\"},\"image\":{\"@id\":\"https:\/\/howsmart.pl\/produkt\/double-family-smart-140\/#primaryimage\"},\"thumbnailUrl\":\"https:\/\/howsmart.pl\/wp-content\/uploads\/2025\/01\/DOUBLE-FAMILY-SMART-140-W1.png\",\"datePublished\":\"2025-01-16T15:18:20+00:00\",\"dateModified\":\"2026-03-14T21:21:54+00:00\",\"breadcrumb\":{\"@id\":\"https:\/\/howsmart.pl\/produkt\/double-family-smart-140\/#breadcrumb\"},\"inLanguage\":\"cs\",\"potentialAction\":[{\"@type\":\"ReadAction\",\"target\":[\"https:\/\/howsmart.pl\/produkt\/double-family-smart-140\/\"]}]},{\"@type\":\"ImageObject\",\"inLanguage\":\"cs\",\"@id\":\"https:\/\/howsmart.pl\/produkt\/double-family-smart-140\/#primaryimage\",\"url\":\"https:\/\/howsmart.pl\/wp-content\/uploads\/2025\/01\/DOUBLE-FAMILY-SMART-140-W1.png\",\"contentUrl\":\"https:\/\/howsmart.pl\/wp-content\/uploads\/2025\/01\/DOUBLE-FAMILY-SMART-140-W1.png\",\"width\":1536,\"height\":864},{\"@type\":\"BreadcrumbList\",\"@id\":\"https:\/\/howsmart.pl\/produkt\/double-family-smart-140\/#breadcrumb\",\"itemListElement\":[{\"@type\":\"ListItem\",\"position\":1,\"name\":\"Strona g\u0142\u00f3wna\",\"item\":\"https:\/\/howsmart.pl\/\"},{\"@type\":\"ListItem\",\"position\":2,\"name\":\"Projekty\",\"item\":\"https:\/\/howsmart.pl\/projekty\/\"},{\"@type\":\"ListItem\",\"position\":3,\"name\":\"Double Family Smart 140\"}]},{\"@type\":\"WebSite\",\"@id\":\"https:\/\/howsmart.pl\/#website\",\"url\":\"https:\/\/howsmart.pl\/\",\"name\":\"HowSmart\u00ae\",\"description\":\"Sprytne domy dla Ciebie\",\"publisher\":{\"@id\":\"https:\/\/howsmart.pl\/#organization\"},\"potentialAction\":[{\"@type\":\"SearchAction\",\"target\":{\"@type\":\"EntryPoint\",\"urlTemplate\":\"https:\/\/howsmart.pl\/?s={search_term_string}\"},\"query-input\":{\"@type\":\"PropertyValueSpecification\",\"valueRequired\":true,\"valueName\":\"search_term_string\"}}],\"inLanguage\":\"cs\"},{\"@type\":\"Organization\",\"@id\":\"https:\/\/howsmart.pl\/#organization\",\"name\":\"HowSmart\u00ae\",\"url\":\"https:\/\/howsmart.pl\/\",\"logo\":{\"@type\":\"ImageObject\",\"inLanguage\":\"cs\",\"@id\":\"https:\/\/howsmart.pl\/#\/schema\/logo\/image\/\",\"url\":\"https:\/\/howsmart.pl\/wp-content\/uploads\/2026\/03\/HS.png\",\"contentUrl\":\"https:\/\/howsmart.pl\/wp-content\/uploads\/2026\/03\/HS.png\",\"width\":673,\"height\":673,\"caption\":\"HowSmart\u00ae\"},\"image\":{\"@id\":\"https:\/\/howsmart.pl\/#\/schema\/logo\/image\/\"},\"sameAs\":[\"https:\/\/www.facebook.com\/HowSmart.official\/?modal=admin_todo_tour\",\"https:\/\/www.instagram.com\/howsmart_domy35m2\/?hl=pl\"]}]}<\/script>\n<!-- \/ Yoast SEO plugin. -->","yoast_head_json":{"title":"Double Family Smart 140 - HowSmart\u00ae - Tw\u00f3j sprytny spos\u00f3b na budow\u0119 nowoczesnego domu. Wybierz sw\u00f3j projekt i zostaw reszt\u0119 nam.","robots":{"index":"index","follow":"follow","max-snippet":"max-snippet:-1","max-image-preview":"max-image-preview:large","max-video-preview":"max-video-preview:-1"},"canonical":"https:\/\/howsmart.pl\/cs\/produkt\/double-family-smart-140\/","og_locale":"cs_CZ","og_type":"article","og_title":"Double Family Smart 140 - HowSmart\u00ae - Tw\u00f3j sprytny spos\u00f3b na budow\u0119 nowoczesnego domu. Wybierz sw\u00f3j projekt i zostaw reszt\u0119 nam.","og_description":"Double Family Smart 120 to dom bli\u017aniak dla Klient\u00f3w ceni\u0105cych sobie nowoczesny styl po\u0142\u0105czony z wygod\u0105 jak\u0105 daje dom w zabudowie bli\u017aniaczej. Idealny dla os\u00f3b ceni\u0105cych sp\u0119dzanie czasu w gronie przyjaci\u00f3\u0142 i rodziny, a przy tym interesuj\u0105cy spos\u00f3b mo\u017cliwo\u015bci sfinansowania inwestycji powoduje, \u017ce tego typu budynki s\u0105 cz\u0119sto rozwa\u017cane przez naszych klient\u00f3w. To co wyr\u00f3\u017cnia Double Family Smart 120 to jego fukcjonalny uk\u0142ad pomieszcze\u0144 zapewniaj\u0105cy komfort \u017cycia domownikom, gabinet dodatkowo zwi\u0119ksza funkcjonalno\u015b\u0107 tego domu powoduj\u0105c, \u017ce tak popularna praca z domu staje si\u0119 przyjemno\u015bci\u0105 gdy\u017c mo\u017ce by\u0107 wykonywana z dedykowanego do tego celu pomieszczenia, umieszczenie dw\u00f3ch \u0142azienek zosta\u0142o przemy\u015blane, tak aby zar\u00f3wno go\u015bcie jak i domownicy czuli si\u0119 komfortowo. Gara\u017c i pomieszczenie techniczne rozwi\u0105zuj\u0105 wiele wyzwa\u0144 zwi\u0105zanych z przetrzymywaniem takich urz\u0105dze\u0144 jak pompa ciep\u0142a, czy rekuperacja. Zastosowanie blachy na r\u0105bek na cz\u0119\u015bci powierzchni elewacji nadaje budynkowi nowoczesnego charakteru.","og_url":"https:\/\/howsmart.pl\/cs\/produkt\/double-family-smart-140\/","og_site_name":"HowSmart\u00ae - Tw\u00f3j sprytny spos\u00f3b na budow\u0119 nowoczesnego domu. Wybierz sw\u00f3j projekt i zostaw reszt\u0119 nam.","article_publisher":"https:\/\/www.facebook.com\/HowSmart.official\/?modal=admin_todo_tour","article_modified_time":"2026-03-14T21:21:54+00:00","og_image":[{"width":1024,"height":576,"url":"https:\/\/howsmart.pl\/wp-content\/uploads\/2025\/01\/DOUBLE-FAMILY-SMART-140-W1-1024x576.png","type":"image\/png"}],"twitter_card":"summary_large_image","twitter_misc":{"Odhadovan\u00e1 doba \u010dten\u00ed":"1 minuta"},"schema":{"@context":"https:\/\/schema.org","@graph":[{"@type":"WebPage","@id":"https:\/\/howsmart.pl\/produkt\/double-family-smart-140\/","url":"https:\/\/howsmart.pl\/produkt\/double-family-smart-140\/","name":"Double Family Smart 140 - HowSmart\u00ae - Tw\u00f3j sprytny spos\u00f3b na budow\u0119 nowoczesnego domu. Wybierz sw\u00f3j projekt i zostaw reszt\u0119 nam.","isPartOf":{"@id":"https:\/\/howsmart.pl\/#website"},"primaryImageOfPage":{"@id":"https:\/\/howsmart.pl\/produkt\/double-family-smart-140\/#primaryimage"},"image":{"@id":"https:\/\/howsmart.pl\/produkt\/double-family-smart-140\/#primaryimage"},"thumbnailUrl":"https:\/\/howsmart.pl\/wp-content\/uploads\/2025\/01\/DOUBLE-FAMILY-SMART-140-W1.png","datePublished":"2025-01-16T15:18:20+00:00","dateModified":"2026-03-14T21:21:54+00:00","breadcrumb":{"@id":"https:\/\/howsmart.pl\/produkt\/double-family-smart-140\/#breadcrumb"},"inLanguage":"cs","potentialAction":[{"@type":"ReadAction","target":["https:\/\/howsmart.pl\/produkt\/double-family-smart-140\/"]}]},{"@type":"ImageObject","inLanguage":"cs","@id":"https:\/\/howsmart.pl\/produkt\/double-family-smart-140\/#primaryimage","url":"https:\/\/howsmart.pl\/wp-content\/uploads\/2025\/01\/DOUBLE-FAMILY-SMART-140-W1.png","contentUrl":"https:\/\/howsmart.pl\/wp-content\/uploads\/2025\/01\/DOUBLE-FAMILY-SMART-140-W1.png","width":1536,"height":864},{"@type":"BreadcrumbList","@id":"https:\/\/howsmart.pl\/produkt\/double-family-smart-140\/#breadcrumb","itemListElement":[{"@type":"ListItem","position":1,"name":"Strona g\u0142\u00f3wna","item":"https:\/\/howsmart.pl\/"},{"@type":"ListItem","position":2,"name":"Projekty","item":"https:\/\/howsmart.pl\/projekty\/"},{"@type":"ListItem","position":3,"name":"Double Family Smart 140"}]},{"@type":"WebSite","@id":"https:\/\/howsmart.pl\/#website","url":"https:\/\/howsmart.pl\/","name":"HowSmart\u00ae","description":"Sprytne domy dla Ciebie","publisher":{"@id":"https:\/\/howsmart.pl\/#organization"},"potentialAction":[{"@type":"SearchAction","target":{"@type":"EntryPoint","urlTemplate":"https:\/\/howsmart.pl\/?s={search_term_string}"},"query-input":{"@type":"PropertyValueSpecification","valueRequired":true,"valueName":"search_term_string"}}],"inLanguage":"cs"},{"@type":"Organization","@id":"https:\/\/howsmart.pl\/#organization","name":"HowSmart\u00ae","url":"https:\/\/howsmart.pl\/","logo":{"@type":"ImageObject","inLanguage":"cs","@id":"https:\/\/howsmart.pl\/#\/schema\/logo\/image\/","url":"https:\/\/howsmart.pl\/wp-content\/uploads\/2026\/03\/HS.png","contentUrl":"https:\/\/howsmart.pl\/wp-content\/uploads\/2026\/03\/HS.png","width":673,"height":673,"caption":"HowSmart\u00ae"},"image":{"@id":"https:\/\/howsmart.pl\/#\/schema\/logo\/image\/"},"sameAs":["https:\/\/www.facebook.com\/HowSmart.official\/?modal=admin_todo_tour","https:\/\/www.instagram.com\/howsmart_domy35m2\/?hl=pl"]}]}},"_links":{"self":[{"href":"https:\/\/howsmart.pl\/cs\/wp-json\/wp\/v2\/product\/7304","targetHints":{"allow":["GET"]}}],"collection":[{"href":"https:\/\/howsmart.pl\/cs\/wp-json\/wp\/v2\/product"}],"about":[{"href":"https:\/\/howsmart.pl\/cs\/wp-json\/wp\/v2\/types\/product"}],"replies":[{"embeddable":true,"href":"https:\/\/howsmart.pl\/cs\/wp-json\/wp\/v2\/comments?post=7304"}],"wp:featuredmedia":[{"embeddable":true,"href":"https:\/\/howsmart.pl\/cs\/wp-json\/wp\/v2\/media\/10449"}],"wp:attachment":[{"href":"https:\/\/howsmart.pl\/cs\/wp-json\/wp\/v2\/media?parent=7304"}],"wp:term":[{"taxonomy":"product_cat","embeddable":true,"href":"https:\/\/howsmart.pl\/cs\/wp-json\/wp\/v2\/product_cat?post=7304"},{"taxonomy":"product_tag","embeddable":true,"href":"https:\/\/howsmart.pl\/cs\/wp-json\/wp\/v2\/product_tag?post=7304"}],"curies":[{"name":"wp","href":"https:\/\/api.w.org\/{rel}","templated":true}]}}